{"id":9979,"date":"2024-12-13T13:26:08","date_gmt":"2024-12-13T05:26:08","guid":{"rendered":"https:\/\/fanterecycling.com\/?post_type=product&#038;p=9979"},"modified":"2026-04-08T15:13:16","modified_gmt":"2026-04-08T07:13:16","slug":"eddy-current-separator","status":"publish","type":"product","link":"https:\/\/www.fanterecycling.com\/fr\/produit\/separateur-a-courant-de-foucault\/","title":{"rendered":"S\u00e9parateur \u00e0 courant de Foucault"},"content":{"rendered":"<h2><span style=\"font-size: 14pt;\">Eddy Current Separator Machine<\/span><\/h2>\n<p>Eddy current separator utilizes powerful magnetic fields to efficiently separate non-ferrous metals such as aluminum and copper from bulk material flows. Eddy current separators separate materials of appropriate particle size from raw materials and feed them into the separation process. These machines efficiently recover copper, aluminum, tin, lead, stainless steel, and other weakly magnetic or non-magnetic conductors from household waste, industrial slag, e-waste, glass scrap, plastic waste, and scrapped vehicles. Eddy current separator enhances environmental recovery of non-ferrous metals and serve a wide range of non-ferrous metal processing applications across various industries.<\/p>\n<p style=\"text-align: center;\"><iframe src=\"\/\/www.youtube.com\/embed\/eZvMSofNsPY\" width=\"1120\" height=\"628\" allowfullscreen=\"allowfullscreen\"><\/iframe><\/p>\n<h2><span style=\"font-size: 14pt;\">Caract\u00e9ristiques<\/span><\/h2>\n<p>&nbsp;<\/p>\n<ul>\n<li>Installation et utilisation faciles, efficacit\u00e9 de s\u00e9paration \u00e9lev\u00e9e<\/li>\n<li>High-strength permanent magnet material as the magnetic source, with stable and long-lasting magnetic properties<\/li>\n<li>Aucun aimant \u00e9lectrique n'est n\u00e9cessaire, ce qui permet d'\u00e9conomiser de l'\u00e9nergie<\/li>\n<li>Compact, reliable, and rational structure, easy to maintain<\/li>\n<li>Force de r\u00e9pulsion forte et r\u00e9glable, tr\u00e8s adaptable<\/li>\n<li>Large gamme de tailles de s\u00e9paration, peut s\u00e9parer les m\u00e9taux non ferreux non magn\u00e9tiques dont la taille des particules est \u00e9gale ou sup\u00e9rieure \u00e0 2 mm.<\/li>\n<\/ul>\n<h2><span style=\"font-size: 14pt;\">Photos r\u00e9elles du produit<\/span><\/h2>\n<p><img decoding=\"async\" class=\"alignnone size-full wp-image-14266 aligncenter\" src=\"https:\/\/www.fanterecycling.com\/wp-content\/uploads\/Eddy-Current-Separator.jpg\" alt=\"Eddy current separation is an effective non-ferrous metal recycling machine.\" width=\"1078\" height=\"851\" srcset=\"https:\/\/www.fanterecycling.com\/wp-content\/uploads\/Eddy-Current-Separator.jpg 1078w, https:\/\/www.fanterecycling.com\/wp-content\/uploads\/Eddy-Current-Separator-768x606.jpg 768w, https:\/\/www.fanterecycling.com\/wp-content\/uploads\/Eddy-Current-Separator-15x12.jpg 15w, https:\/\/www.fanterecycling.com\/wp-content\/uploads\/Eddy-Current-Separator-600x474.jpg 600w\" sizes=\"(max-width: 1078px) 100vw, 1078px\" \/><\/p>\n<h2><span style=\"font-size: 14pt;\">Recommended Equipment<\/span><\/h2>\n<table style=\"width: 100%; border-collapse: collapse; border-style: none;\">\n<tbody>\n<tr>\n<td style=\"width: 33.3333%; border-style: none;\"><a href=\"https:\/\/www.fanterecycling.com\/fr\/produit\/broyeur-a-usage-intensif\/\"><img decoding=\"async\" class=\"alignnone wp-image-9905 size-medium\" src=\"https:\/\/www.fanterecycling.com\/wp-content\/uploads\/2023\/12\/Large-Planetary-Shredder-300x300.jpg\" alt=\"Broyeur haute capacit\u00e9 pour le recyclage du m\u00e9tal, du plastique, des d\u00e9chets \u00e9lectroniques et des pneus\" width=\"300\" height=\"300\" srcset=\"https:\/\/www.fanterecycling.com\/wp-content\/uploads\/2023\/12\/Large-Planetary-Shredder-300x300.jpg 300w, https:\/\/www.fanterecycling.com\/wp-content\/uploads\/2023\/12\/Large-Planetary-Shredder-1024x1024.jpg 1024w, https:\/\/www.fanterecycling.com\/wp-content\/uploads\/2023\/12\/Large-Planetary-Shredder-150x150.jpg 150w, https:\/\/www.fanterecycling.com\/wp-content\/uploads\/2023\/12\/Large-Planetary-Shredder-768x768.jpg 768w, https:\/\/www.fanterecycling.com\/wp-content\/uploads\/2023\/12\/Large-Planetary-Shredder-600x600.jpg 600w, https:\/\/www.fanterecycling.com\/wp-content\/uploads\/2023\/12\/Large-Planetary-Shredder-100x100.jpg 100w, https:\/\/www.fanterecycling.com\/wp-content\/uploads\/2023\/12\/Large-Planetary-Shredder.jpg 1080w\" sizes=\"(max-width: 300px) 100vw, 300px\" \/><\/a><\/p>\n<p style=\"text-align: center;\"><span style=\"color: #4a8e63;\"><a style=\"color: #4a8e63;\" href=\"https:\/\/www.fanterecycling.com\/fr\/produit\/broyeur-a-usage-intensif\/\"><strong>Heavy Duty\u00a0 Shredder<\/strong><\/a><\/span><\/p>\n<\/td>\n<td style=\"width: 33.3333%; border-style: none;\">\n<p style=\"text-align: center;\"><a href=\"https:\/\/www.fanterecycling.com\/fr\/produit\/broyeur-a-double-arbre\/\"><img decoding=\"async\" class=\"alignnone wp-image-9906 size-medium\" src=\"https:\/\/www.fanterecycling.com\/wp-content\/uploads\/2023\/12\/Double-Shaft-Shredder-300x300.jpg\" alt=\"Broyeur \u00e0 double arbre pour le broyage du plastique, du m\u00e9tal, des carcasses de voitures, des pneus, des d\u00e9chets \u00e9lectroniques et du bois.\" width=\"300\" height=\"300\" srcset=\"https:\/\/www.fanterecycling.com\/wp-content\/uploads\/2023\/12\/Double-Shaft-Shredder-300x300.jpg 300w, https:\/\/www.fanterecycling.com\/wp-content\/uploads\/2023\/12\/Double-Shaft-Shredder-1024x1024.jpg 1024w, https:\/\/www.fanterecycling.com\/wp-content\/uploads\/2023\/12\/Double-Shaft-Shredder-150x150.jpg 150w, https:\/\/www.fanterecycling.com\/wp-content\/uploads\/2023\/12\/Double-Shaft-Shredder-768x768.jpg 768w, https:\/\/www.fanterecycling.com\/wp-content\/uploads\/2023\/12\/Double-Shaft-Shredder-600x600.jpg 600w, https:\/\/www.fanterecycling.com\/wp-content\/uploads\/2023\/12\/Double-Shaft-Shredder-100x100.jpg 100w, https:\/\/www.fanterecycling.com\/wp-content\/uploads\/2023\/12\/Double-Shaft-Shredder.jpg 1080w\" sizes=\"(max-width: 300px) 100vw, 300px\" \/><\/a><\/p>\n<p style=\"text-align: center;\"><span style=\"color: #4a8e63;\"><a style=\"color: #4a8e63;\" href=\"https:\/\/www.fanterecycling.com\/fr\/produit\/broyeur-a-double-arbre\/\"><strong>D\u00e9chiqueteur \u00e0 double arbre<\/strong><\/a><\/span><\/p>\n<\/td>\n<td style=\"width: 33.3333%; border-style: none;\"><a href=\"https:\/\/www.fanterecycling.com\/fr\/produit\/separateur-magnetique\/\"><img decoding=\"async\" class=\"alignnone wp-image-9976 size-medium\" src=\"https:\/\/www.fanterecycling.com\/wp-content\/uploads\/2024\/12\/Magnetic-Separator-300x300.jpg\" alt=\"Le s\u00e9parateur magn\u00e9tique est un \u00e9l\u00e9ment essentiel de notre ligne de recyclage des pneus usag\u00e9s. Il est sp\u00e9cialement con\u00e7u pour retirer les fils d&#039;acier des granul\u00e9s de caoutchouc avec une grande efficacit\u00e9.\" width=\"300\" height=\"300\" srcset=\"https:\/\/www.fanterecycling.com\/wp-content\/uploads\/2024\/12\/Magnetic-Separator-300x300.jpg 300w, https:\/\/www.fanterecycling.com\/wp-content\/uploads\/2024\/12\/Magnetic-Separator-1024x1024.jpg 1024w, https:\/\/www.fanterecycling.com\/wp-content\/uploads\/2024\/12\/Magnetic-Separator-150x150.jpg 150w, https:\/\/www.fanterecycling.com\/wp-content\/uploads\/2024\/12\/Magnetic-Separator-768x768.jpg 768w, https:\/\/www.fanterecycling.com\/wp-content\/uploads\/2024\/12\/Magnetic-Separator-600x600.jpg 600w, https:\/\/www.fanterecycling.com\/wp-content\/uploads\/2024\/12\/Magnetic-Separator-100x100.jpg 100w, https:\/\/www.fanterecycling.com\/wp-content\/uploads\/2024\/12\/Magnetic-Separator.jpg 1080w\" sizes=\"(max-width: 300px) 100vw, 300px\" \/><\/a><\/p>\n<p style=\"text-align: center;\"><span style=\"color: #4a8e63;\"><a style=\"color: #4a8e63;\" href=\"https:\/\/www.fanterecycling.com\/fr\/produit\/separateur-magnetique\/\"><strong>S\u00e9parateur magn\u00e9tique<\/strong><\/a><\/span><\/p>\n<\/td>\n<\/tr>\n<\/tbody>\n<\/table>","protected":false},"excerpt":{"rendered":"<h1><span style=\"font-size: 14pt;\">S\u00e9parateur \u00e0 courant de Foucault<\/span><\/h1>\n<p>&nbsp;<\/p>\n<h6>Mod\u00e8le de produit : ETP<\/h6>\n<p>&nbsp;<\/p>\n<h6>Type : \u00c9quipement de tri<\/h6>\n<p>&nbsp;<\/p>\n<h6>Mat\u00e9riau : Fournir des services personnalis\u00e9s, une vari\u00e9t\u00e9 de mat\u00e9riaux \u00e0 choisir.<\/h6>\n<p>&nbsp;<\/p>\n<h6>Couleur : service personnalis\u00e9 disponible<\/h6>\n<p>&nbsp;<\/p>\n<h6>Marque : Fante<\/h6>","protected":false},"featured_media":9980,"comment_status":"closed","ping_status":"closed","template":"","meta":{"site-sidebar-layout":"default","site-content-layout":"","ast-site-content-layout":"default","site-content-style":"default","site-sidebar-style":"default","ast-global-header-display":"","ast-banner-title-visibility":"","ast-main-header-display":"","ast-hfb-above-header-display":"","ast-hfb-below-header-display":"","ast-hfb-mobile-header-display":"","site-post-title":"","ast-breadcrumbs-content":"","ast-featured-img":"","footer-sml-layout":"","ast-disable-related-posts":"","theme-transparent-header-meta":"default","adv-header-id-meta":"","stick-header-meta":"","header-above-stick-meta":"","header-main-stick-meta":"","header-below-stick-meta":"","astra-migrate-meta-layouts":"set","ast-page-background-enabled":"default","ast-page-background-meta":{"desktop":{"background-color":"var(--ast-global-color-4)","background-image":"","background-repeat":"repeat","background-position":"center center","background-size":"auto","background-attachment":"scroll","background-type":"","background-media":"","overlay-type":"","overlay-color":"","overlay-opacity":"","overlay-gradient":""},"tablet":{"background-color":"","background-image":"","background-repeat":"repeat","background-position":"center center","background-size":"auto","background-attachment":"scroll","background-type":"","background-media":"","overlay-type":"","overlay-color":"","overlay-opacity":"","overlay-gradient":""},"mobile":{"background-color":"","background-image":"","background-repeat":"repeat","background-position":"center center","background-size":"auto","background-attachment":"scroll","background-type":"","background-media":"","overlay-type":"","overlay-color":"","overlay-opacity":"","overlay-gradient":""}},"ast-content-background-meta":{"desktop":{"background-color":"var(--ast-global-color-5)","background-image":"","background-repeat":"repeat","background-position":"center center","background-size":"auto","background-attachment":"scroll","background-type":"","background-media":"","overlay-type":"","overlay-color":"","overlay-opacity":"","overlay-gradient":""},"tablet":{"background-color":"var(--ast-global-color-5)","background-image":"","background-repeat":"repeat","background-position":"center center","background-size":"auto","background-attachment":"scroll","background-type":"","background-media":"","overlay-type":"","overlay-color":"","overlay-opacity":"","overlay-gradient":""},"mobile":{"background-color":"var(--ast-global-color-5)","background-image":"","background-repeat":"repeat","background-position":"center center","background-size":"auto","background-attachment":"scroll","background-type":"","background-media":"","overlay-type":"","overlay-color":"","overlay-opacity":"","overlay-gradient":""}}},"product_brand":[],"product_cat":[132],"product_tag":[],"class_list":{"0":"post-9979","1":"product","2":"type-product","3":"status-publish","4":"has-post-thumbnail","6":"product_cat-separator-equipment","7":"desktop-align-left","8":"tablet-align-left","9":"mobile-align-left","11":"first","12":"instock","13":"shipping-taxable","14":"purchasable","15":"product-type-simple"},"yoast_head":"<!-- This site is optimized with the Yoast SEO Premium plugin v27.2 (Yoast SEO v27.3) - https:\/\/yoast.com\/product\/yoast-seo-premium-wordpress\/ -->\n<title>Eddy Current Separator | RDF Waste Sorting\u200b | Metal Separator<\/title>\n<meta name=\"description\" content=\"Eddy current separator utilize powerful magnetic fields to efficiently separate non-ferrous metals such as aluminum and copper from bulk material flows.\" \/>\n<meta name=\"robots\" content=\"index, follow, max-snippet:-1, max-image-preview:large, max-video-preview:-1\" \/>\n<link rel=\"canonical\" href=\"https:\/\/www.fanterecycling.com\/fr\/produit\/separateur-a-courant-de-foucault\/\" \/>\n<meta property=\"og:locale\" content=\"fr_FR\" \/>\n<meta property=\"og:type\" content=\"article\" \/>\n<meta property=\"og:title\" content=\"Eddy Current Separator\" \/>\n<meta property=\"og:description\" content=\"Eddy current separator utilize powerful magnetic fields to efficiently separate non-ferrous metals such as aluminum and copper from bulk material flows.\" \/>\n<meta property=\"og:url\" content=\"https:\/\/www.fanterecycling.com\/fr\/produit\/separateur-a-courant-de-foucault\/\" \/>\n<meta property=\"og:site_name\" content=\"Waste Recycling Equipment | Industrial Shredders &amp; Waste Recycling Solutions\" \/>\n<meta property=\"article:publisher\" content=\"https:\/\/www.facebook.com\/fanterecyclingmachinery\/\" \/>\n<meta property=\"article:modified_time\" content=\"2026-04-08T07:13:16+00:00\" \/>\n<meta property=\"og:image\" content=\"https:\/\/www.fanterecycling.com\/wp-content\/uploads\/2024\/12\/Eddy-Current-Separator.jpg\" \/>\n\t<meta property=\"og:image:width\" content=\"1080\" \/>\n\t<meta property=\"og:image:height\" content=\"1080\" \/>\n\t<meta property=\"og:image:type\" content=\"image\/jpeg\" \/>\n<meta name=\"twitter:card\" content=\"summary_large_image\" \/>\n<meta name=\"twitter:label1\" content=\"Dur\u00e9e de lecture estim\u00e9e\" \/>\n\t<meta name=\"twitter:data1\" content=\"2 minutes\" \/>\n<script type=\"application\/ld+json\" class=\"yoast-schema-graph\">{\"@context\":\"https:\\\/\\\/schema.org\",\"@graph\":[{\"@type\":\"WebPage\",\"@id\":\"https:\\\/\\\/www.fanterecycling.com\\\/product\\\/eddy-current-separator\\\/\",\"url\":\"https:\\\/\\\/www.fanterecycling.com\\\/product\\\/eddy-current-separator\\\/\",\"name\":\"Eddy Current Separator | RDF Waste Sorting\u200b | Metal Separator\",\"isPartOf\":{\"@id\":\"https:\\\/\\\/www.fanterecycling.com\\\/#website\"},\"primaryImageOfPage\":{\"@id\":\"https:\\\/\\\/www.fanterecycling.com\\\/product\\\/eddy-current-separator\\\/#primaryimage\"},\"image\":{\"@id\":\"https:\\\/\\\/www.fanterecycling.com\\\/product\\\/eddy-current-separator\\\/#primaryimage\"},\"thumbnailUrl\":\"https:\\\/\\\/www.fanterecycling.com\\\/wp-content\\\/uploads\\\/2024\\\/12\\\/Eddy-Current-Separator.jpg\",\"datePublished\":\"2024-12-13T05:26:08+00:00\",\"dateModified\":\"2026-04-08T07:13:16+00:00\",\"description\":\"Eddy current separator utilize powerful magnetic fields to efficiently separate non-ferrous metals such as aluminum and copper from bulk material flows.\",\"breadcrumb\":{\"@id\":\"https:\\\/\\\/www.fanterecycling.com\\\/product\\\/eddy-current-separator\\\/#breadcrumb\"},\"inLanguage\":\"fr-FR\",\"potentialAction\":[{\"@type\":\"ReadAction\",\"target\":[\"https:\\\/\\\/www.fanterecycling.com\\\/product\\\/eddy-current-separator\\\/\"]}]},{\"@type\":\"ImageObject\",\"inLanguage\":\"fr-FR\",\"@id\":\"https:\\\/\\\/www.fanterecycling.com\\\/product\\\/eddy-current-separator\\\/#primaryimage\",\"url\":\"https:\\\/\\\/www.fanterecycling.com\\\/wp-content\\\/uploads\\\/2024\\\/12\\\/Eddy-Current-Separator.jpg\",\"contentUrl\":\"https:\\\/\\\/www.fanterecycling.com\\\/wp-content\\\/uploads\\\/2024\\\/12\\\/Eddy-Current-Separator.jpg\",\"width\":1080,\"height\":1080,\"caption\":\"Eddy current separators utilize powerful magnetic fields to efficiently separate non-ferrous metals such as aluminum and copper from bulk material flows.\"},{\"@type\":\"BreadcrumbList\",\"@id\":\"https:\\\/\\\/www.fanterecycling.com\\\/product\\\/eddy-current-separator\\\/#breadcrumb\",\"itemListElement\":[{\"@type\":\"ListItem\",\"position\":1,\"name\":\"Home\",\"item\":\"https:\\\/\\\/www.fanterecycling.com\\\/\"},{\"@type\":\"ListItem\",\"position\":2,\"name\":\"Products\",\"item\":\"https:\\\/\\\/www.fanterecycling.com\\\/shop\\\/\"},{\"@type\":\"ListItem\",\"position\":3,\"name\":\"Separator Equipment\",\"item\":\"https:\\\/\\\/www.fanterecycling.com\\\/product-category\\\/separator-equipment\\\/\"},{\"@type\":\"ListItem\",\"position\":4,\"name\":\"Eddy Current Separator\"}]},{\"@type\":\"WebSite\",\"@id\":\"https:\\\/\\\/www.fanterecycling.com\\\/#website\",\"url\":\"https:\\\/\\\/www.fanterecycling.com\\\/\",\"name\":\"Tire Shredder and Metal Shredder Manufacturer from China - Fante\",\"description\":\"Advanced Recycling Machines for Tires, Metals, E-Waste, and Cables\",\"publisher\":{\"@id\":\"https:\\\/\\\/www.fanterecycling.com\\\/#organization\"},\"alternateName\":\"Shredder Manufacturer\",\"potentialAction\":[{\"@type\":\"SearchAction\",\"target\":{\"@type\":\"EntryPoint\",\"urlTemplate\":\"https:\\\/\\\/www.fanterecycling.com\\\/?s={search_term_string}\"},\"query-input\":{\"@type\":\"PropertyValueSpecification\",\"valueRequired\":true,\"valueName\":\"search_term_string\"}}],\"inLanguage\":\"fr-FR\"},{\"@type\":\"Organization\",\"@id\":\"https:\\\/\\\/www.fanterecycling.com\\\/#organization\",\"name\":\"Tire Shredder and Metal Shredder Manufacturer from China - Fante\",\"alternateName\":\"Fante Machinery\",\"url\":\"https:\\\/\\\/www.fanterecycling.com\\\/\",\"logo\":{\"@type\":\"ImageObject\",\"inLanguage\":\"fr-FR\",\"@id\":\"https:\\\/\\\/www.fanterecycling.com\\\/#\\\/schema\\\/logo\\\/image\\\/\",\"url\":\"https:\\\/\\\/www.fanterecycling.com\\\/wp-content\\\/uploads\\\/2023\\\/12\\\/logo3.png\",\"contentUrl\":\"https:\\\/\\\/www.fanterecycling.com\\\/wp-content\\\/uploads\\\/2023\\\/12\\\/logo3.png\",\"width\":150,\"height\":59,\"caption\":\"Tire Shredder and Metal Shredder Manufacturer from China - Fante\"},\"image\":{\"@id\":\"https:\\\/\\\/www.fanterecycling.com\\\/#\\\/schema\\\/logo\\\/image\\\/\"},\"sameAs\":[\"https:\\\/\\\/www.facebook.com\\\/fanterecyclingmachinery\\\/\",\"https:\\\/\\\/www.youtube.com\\\/@fanterecyclingmachinery\",\"https:\\\/\\\/api.whatsapp.com\\\/send?phone=8613770963575\"]}]}<\/script>\n<!-- \/ Yoast SEO Premium plugin. -->","yoast_head_json":{"title":"S\u00e9parateur \u00e0 courant de Foucault | Tri des d\u00e9chets FTR | S\u00e9parateur de m\u00e9taux","description":"Les s\u00e9parateurs \u00e0 courant de Foucault utilisent des champs magn\u00e9tiques puissants pour s\u00e9parer efficacement les m\u00e9taux non ferreux tels que l'aluminium et le cuivre des flux de mat\u00e9riaux en vrac.","robots":{"index":"index","follow":"follow","max-snippet":"max-snippet:-1","max-image-preview":"max-image-preview:large","max-video-preview":"max-video-preview:-1"},"canonical":"https:\/\/www.fanterecycling.com\/fr\/produit\/separateur-a-courant-de-foucault\/","og_locale":"fr_FR","og_type":"article","og_title":"Eddy Current Separator","og_description":"Eddy current separator utilize powerful magnetic fields to efficiently separate non-ferrous metals such as aluminum and copper from bulk material flows.","og_url":"https:\/\/www.fanterecycling.com\/fr\/produit\/separateur-a-courant-de-foucault\/","og_site_name":"Waste Recycling Equipment | Industrial Shredders &amp; Waste Recycling Solutions","article_publisher":"https:\/\/www.facebook.com\/fanterecyclingmachinery\/","article_modified_time":"2026-04-08T07:13:16+00:00","og_image":[{"width":1080,"height":1080,"url":"https:\/\/www.fanterecycling.com\/wp-content\/uploads\/2024\/12\/Eddy-Current-Separator.jpg","type":"image\/jpeg"}],"twitter_card":"summary_large_image","twitter_misc":{"Dur\u00e9e de lecture estim\u00e9e":"2 minutes"},"schema":{"@context":"https:\/\/schema.org","@graph":[{"@type":"WebPage","@id":"https:\/\/www.fanterecycling.com\/product\/eddy-current-separator\/","url":"https:\/\/www.fanterecycling.com\/product\/eddy-current-separator\/","name":"S\u00e9parateur \u00e0 courant de Foucault | Tri des d\u00e9chets FTR | S\u00e9parateur de m\u00e9taux","isPartOf":{"@id":"https:\/\/www.fanterecycling.com\/#website"},"primaryImageOfPage":{"@id":"https:\/\/www.fanterecycling.com\/product\/eddy-current-separator\/#primaryimage"},"image":{"@id":"https:\/\/www.fanterecycling.com\/product\/eddy-current-separator\/#primaryimage"},"thumbnailUrl":"https:\/\/www.fanterecycling.com\/wp-content\/uploads\/2024\/12\/Eddy-Current-Separator.jpg","datePublished":"2024-12-13T05:26:08+00:00","dateModified":"2026-04-08T07:13:16+00:00","description":"Les s\u00e9parateurs \u00e0 courant de Foucault utilisent des champs magn\u00e9tiques puissants pour s\u00e9parer efficacement les m\u00e9taux non ferreux tels que l'aluminium et le cuivre des flux de mat\u00e9riaux en vrac.","breadcrumb":{"@id":"https:\/\/www.fanterecycling.com\/product\/eddy-current-separator\/#breadcrumb"},"inLanguage":"fr-FR","potentialAction":[{"@type":"ReadAction","target":["https:\/\/www.fanterecycling.com\/product\/eddy-current-separator\/"]}]},{"@type":"ImageObject","inLanguage":"fr-FR","@id":"https:\/\/www.fanterecycling.com\/product\/eddy-current-separator\/#primaryimage","url":"https:\/\/www.fanterecycling.com\/wp-content\/uploads\/2024\/12\/Eddy-Current-Separator.jpg","contentUrl":"https:\/\/www.fanterecycling.com\/wp-content\/uploads\/2024\/12\/Eddy-Current-Separator.jpg","width":1080,"height":1080,"caption":"Eddy current separators utilize powerful magnetic fields to efficiently separate non-ferrous metals such as aluminum and copper from bulk material flows."},{"@type":"BreadcrumbList","@id":"https:\/\/www.fanterecycling.com\/product\/eddy-current-separator\/#breadcrumb","itemListElement":[{"@type":"ListItem","position":1,"name":"Home","item":"https:\/\/www.fanterecycling.com\/"},{"@type":"ListItem","position":2,"name":"Products","item":"https:\/\/www.fanterecycling.com\/shop\/"},{"@type":"ListItem","position":3,"name":"Separator Equipment","item":"https:\/\/www.fanterecycling.com\/product-category\/separator-equipment\/"},{"@type":"ListItem","position":4,"name":"Eddy Current Separator"}]},{"@type":"WebSite","@id":"https:\/\/www.fanterecycling.com\/#website","url":"https:\/\/www.fanterecycling.com\/","name":"Broyeur de pneus et broyeur de m\u00e9taux en Chine - Fante","description":"Advanced Recycling Machines for Tires, Metals, E-Waste, and Cables","publisher":{"@id":"https:\/\/www.fanterecycling.com\/#organization"},"alternateName":"Shredder Manufacturer","potentialAction":[{"@type":"SearchAction","target":{"@type":"EntryPoint","urlTemplate":"https:\/\/www.fanterecycling.com\/?s={search_term_string}"},"query-input":{"@type":"PropertyValueSpecification","valueRequired":true,"valueName":"search_term_string"}}],"inLanguage":"fr-FR"},{"@type":"Organization","@id":"https:\/\/www.fanterecycling.com\/#organization","name":"Broyeur de pneus et broyeur de m\u00e9taux en Chine - Fante","alternateName":"Fante Machinery","url":"https:\/\/www.fanterecycling.com\/","logo":{"@type":"ImageObject","inLanguage":"fr-FR","@id":"https:\/\/www.fanterecycling.com\/#\/schema\/logo\/image\/","url":"https:\/\/www.fanterecycling.com\/wp-content\/uploads\/2023\/12\/logo3.png","contentUrl":"https:\/\/www.fanterecycling.com\/wp-content\/uploads\/2023\/12\/logo3.png","width":150,"height":59,"caption":"Tire Shredder and Metal Shredder Manufacturer from China - Fante"},"image":{"@id":"https:\/\/www.fanterecycling.com\/#\/schema\/logo\/image\/"},"sameAs":["https:\/\/www.facebook.com\/fanterecyclingmachinery\/","https:\/\/www.youtube.com\/@fanterecyclingmachinery","https:\/\/api.whatsapp.com\/send?phone=8613770963575"]}]}},"_links":{"self":[{"href":"https:\/\/www.fanterecycling.com\/fr\/wp-json\/wp\/v2\/product\/9979","targetHints":{"allow":["GET"]}}],"collection":[{"href":"https:\/\/www.fanterecycling.com\/fr\/wp-json\/wp\/v2\/product"}],"about":[{"href":"https:\/\/www.fanterecycling.com\/fr\/wp-json\/wp\/v2\/types\/product"}],"replies":[{"embeddable":true,"href":"https:\/\/www.fanterecycling.com\/fr\/wp-json\/wp\/v2\/comments?post=9979"}],"wp:featuredmedia":[{"embeddable":true,"href":"https:\/\/www.fanterecycling.com\/fr\/wp-json\/wp\/v2\/media\/9980"}],"wp:attachment":[{"href":"https:\/\/www.fanterecycling.com\/fr\/wp-json\/wp\/v2\/media?parent=9979"}],"wp:term":[{"taxonomy":"product_brand","embeddable":true,"href":"https:\/\/www.fanterecycling.com\/fr\/wp-json\/wp\/v2\/product_brand?post=9979"},{"taxonomy":"product_cat","embeddable":true,"href":"https:\/\/www.fanterecycling.com\/fr\/wp-json\/wp\/v2\/product_cat?post=9979"},{"taxonomy":"product_tag","embeddable":true,"href":"https:\/\/www.fanterecycling.com\/fr\/wp-json\/wp\/v2\/product_tag?post=9979"}],"curies":[{"name":"wp","href":"https:\/\/api.w.org\/{rel}","templated":true}]}}