{"id":9977,"date":"2024-12-13T13:24:24","date_gmt":"2024-12-13T05:24:24","guid":{"rendered":"https:\/\/fanterecycling.com\/?post_type=product&#038;p=9977"},"modified":"2026-04-08T15:21:35","modified_gmt":"2026-04-08T07:21:35","slug":"drum-screen","status":"publish","type":"product","link":"https:\/\/www.fanterecycling.com\/fr\/produit\/tambour-ecran\/","title":{"rendered":"Tamis \u00e0 tambour"},"content":{"rendered":"<h2><span style=\"font-size: 14pt;\"><strong data-start=\"0\" data-end=\"15\" data-is-only-node=\"\">Rotary Drum Screen<\/strong><\/span><\/h2>\n<p>The drum screen is a screening device used to separate materials by size. It features a rotating cylindrical drum with perforations that allow smaller particles to fall through while larger materials exit from the other end. The system includes a motor, reducer, drum unit, frame, sealed cover, and in\/outlet. Its robust structure, good ventilation, and clog-resistant design ensure efficient and reliable screening. Widely used in RDF lines, it helps separate oversized and undersized waste, remove dust and sludge, and improve the purity of compost or fuel, supporting cleaner and more efficient resource processing.<\/p>\n<h2><span style=\"font-size: 14pt;\">Caract\u00e9ristiques<\/span><\/h2>\n<p>&nbsp;<\/p>\n<p><img decoding=\"async\" class=\"alignleft wp-image-12509\" src=\"https:\/\/fanterecycling.com\/wp-content\/uploads\/2024\/12\/drum-screen-photo-1024x768.jpg\" alt=\"Le crible \u00e0 tambour est un dispositif de criblage utilis\u00e9 pour s\u00e9parer les mat\u00e9riaux en fonction de leur taille.\" width=\"526\" height=\"394\" srcset=\"https:\/\/www.fanterecycling.com\/wp-content\/uploads\/2024\/12\/drum-screen-photo-1024x768.jpg 1024w, https:\/\/www.fanterecycling.com\/wp-content\/uploads\/2024\/12\/drum-screen-photo-300x225.jpg 300w, https:\/\/www.fanterecycling.com\/wp-content\/uploads\/2024\/12\/drum-screen-photo-768x576.jpg 768w, https:\/\/www.fanterecycling.com\/wp-content\/uploads\/2024\/12\/drum-screen-photo-600x450.jpg 600w, https:\/\/www.fanterecycling.com\/wp-content\/uploads\/2024\/12\/drum-screen-photo.jpg 1463w\" sizes=\"(max-width: 526px) 100vw, 526px\" \/><\/p>\n<ul>\n<li data-start=\"82\" data-end=\"185\">\n<p data-start=\"84\" data-end=\"185\">Efficient Screening: Separates materials accurately by size through rotating drum perforations.<\/p>\n<\/li>\n<li data-start=\"186\" data-end=\"286\">\n<p data-start=\"188\" data-end=\"286\">Clog-Resistant Design: Screen holes are less likely to block, ensuring continuous operation.<\/p>\n<\/li>\n<li data-start=\"287\" data-end=\"407\">\n<p data-start=\"289\" data-end=\"407\">Fully Enclosed Structure: Equipped with a sealed cover and dust control interface to prevent pollution and odor.<\/p>\n<\/li>\n<li data-start=\"408\" data-end=\"516\">\n<p data-start=\"410\" data-end=\"516\">Durable Construction: Built with a sturdy frame and wear-resistant components for long service life.<\/p>\n<\/li>\n<li data-start=\"517\" data-end=\"638\">\n<p data-start=\"519\" data-end=\"638\">Versatile Application: Ideal for RDF lines to classify oversized and undersized waste, and remove dust or sludge.<\/p>\n<\/li>\n<li data-start=\"639\" data-end=\"744\" data-is-last-node=\"\">\n<p data-start=\"641\" data-end=\"744\" data-is-last-node=\"\">Improves Output Quality: Helps produce clean RDF and high-purity compost by eliminating impurities.<\/p>\n<\/li>\n<\/ul>\n<h2><span style=\"font-size: 14pt;\">Recommended Equipment<\/span><\/h2>\n<table style=\"width: 100%; border-collapse: collapse; border-style: none;\">\n<tbody>\n<tr>\n<td style=\"width: 33.3333%; border-style: none;\"><a href=\"https:\/\/www.fanterecycling.com\/fr\/produit\/broyeur-a-usage-intensif\/\"><img decoding=\"async\" class=\"wp-image-9905 size-medium alignnone\" src=\"https:\/\/www.fanterecycling.com\/wp-content\/uploads\/2023\/12\/Large-Planetary-Shredder-300x300.jpg\" alt=\"Broyeur haute capacit\u00e9 pour le recyclage du m\u00e9tal, du plastique, des d\u00e9chets \u00e9lectroniques et des pneus\" width=\"300\" height=\"300\" srcset=\"https:\/\/www.fanterecycling.com\/wp-content\/uploads\/2023\/12\/Large-Planetary-Shredder-300x300.jpg 300w, https:\/\/www.fanterecycling.com\/wp-content\/uploads\/2023\/12\/Large-Planetary-Shredder-1024x1024.jpg 1024w, https:\/\/www.fanterecycling.com\/wp-content\/uploads\/2023\/12\/Large-Planetary-Shredder-150x150.jpg 150w, https:\/\/www.fanterecycling.com\/wp-content\/uploads\/2023\/12\/Large-Planetary-Shredder-768x768.jpg 768w, https:\/\/www.fanterecycling.com\/wp-content\/uploads\/2023\/12\/Large-Planetary-Shredder-600x600.jpg 600w, https:\/\/www.fanterecycling.com\/wp-content\/uploads\/2023\/12\/Large-Planetary-Shredder-100x100.jpg 100w, https:\/\/www.fanterecycling.com\/wp-content\/uploads\/2023\/12\/Large-Planetary-Shredder.jpg 1080w\" sizes=\"(max-width: 300px) 100vw, 300px\" \/><\/a><\/p>\n<p style=\"text-align: center;\"><span style=\"color: #4a8e63;\"><a style=\"color: #4a8e63;\" href=\"https:\/\/www.fanterecycling.com\/fr\/produit\/broyeur-a-usage-intensif\/\"><strong>Heavy Duty\u00a0 Shredder<\/strong><\/a><\/span><\/p>\n<\/td>\n<td style=\"width: 33.3333%; border-style: none;\">\n<p style=\"text-align: center;\"><a href=\"https:\/\/www.fanterecycling.com\/fr\/produit\/broyeur-a-double-arbre\/\"><img decoding=\"async\" class=\"wp-image-9906 size-medium alignnone\" src=\"https:\/\/www.fanterecycling.com\/wp-content\/uploads\/2023\/12\/Double-Shaft-Shredder-300x300.jpg\" alt=\"Broyeur \u00e0 double arbre pour le broyage du plastique, du m\u00e9tal, des carcasses de voitures, des pneus, des d\u00e9chets \u00e9lectroniques et du bois.\" width=\"300\" height=\"300\" srcset=\"https:\/\/www.fanterecycling.com\/wp-content\/uploads\/2023\/12\/Double-Shaft-Shredder-300x300.jpg 300w, https:\/\/www.fanterecycling.com\/wp-content\/uploads\/2023\/12\/Double-Shaft-Shredder-1024x1024.jpg 1024w, https:\/\/www.fanterecycling.com\/wp-content\/uploads\/2023\/12\/Double-Shaft-Shredder-150x150.jpg 150w, https:\/\/www.fanterecycling.com\/wp-content\/uploads\/2023\/12\/Double-Shaft-Shredder-768x768.jpg 768w, https:\/\/www.fanterecycling.com\/wp-content\/uploads\/2023\/12\/Double-Shaft-Shredder-600x600.jpg 600w, https:\/\/www.fanterecycling.com\/wp-content\/uploads\/2023\/12\/Double-Shaft-Shredder-100x100.jpg 100w, https:\/\/www.fanterecycling.com\/wp-content\/uploads\/2023\/12\/Double-Shaft-Shredder.jpg 1080w\" sizes=\"(max-width: 300px) 100vw, 300px\" \/><\/a><\/p>\n<p style=\"text-align: center;\"><span style=\"color: #4a8e63;\"><a style=\"color: #4a8e63;\" href=\"https:\/\/www.fanterecycling.com\/fr\/produit\/broyeur-a-double-arbre\/\"><strong>D\u00e9chiqueteur \u00e0 double arbre<\/strong><\/a><\/span><\/p>\n<\/td>\n<td style=\"width: 33.3333%; border-style: none;\"><a href=\"https:\/\/www.fanterecycling.com\/fr\/produit\/separateur-dair\/\"><img decoding=\"async\" class=\"alignnone wp-image-12510 size-medium\" src=\"https:\/\/www.fanterecycling.com\/wp-content\/uploads\/2024\/12\/air-separator-300x300.jpg\" alt=\"Le s\u00e9parateur \u00e0 air est un dispositif de tri des d\u00e9chets solides qui utilise le flux d&#039;air pour s\u00e9parer les mat\u00e9riaux en fonction de leurs propri\u00e9t\u00e9s a\u00e9rodynamiques.\" width=\"300\" height=\"300\" srcset=\"https:\/\/www.fanterecycling.com\/wp-content\/uploads\/2024\/12\/air-separator-300x300.jpg 300w, https:\/\/www.fanterecycling.com\/wp-content\/uploads\/2024\/12\/air-separator-1024x1024.jpg 1024w, https:\/\/www.fanterecycling.com\/wp-content\/uploads\/2024\/12\/air-separator-150x150.jpg 150w, https:\/\/www.fanterecycling.com\/wp-content\/uploads\/2024\/12\/air-separator-768x768.jpg 768w, https:\/\/www.fanterecycling.com\/wp-content\/uploads\/2024\/12\/air-separator-600x600.jpg 600w, https:\/\/www.fanterecycling.com\/wp-content\/uploads\/2024\/12\/air-separator-100x100.jpg 100w, https:\/\/www.fanterecycling.com\/wp-content\/uploads\/2024\/12\/air-separator.jpg 1080w\" sizes=\"(max-width: 300px) 100vw, 300px\" \/><\/a><\/p>\n<p style=\"text-align: center;\"><span style=\"color: #4a8e63;\"><a style=\"color: #4a8e63;\" href=\"https:\/\/www.fanterecycling.com\/fr\/produit\/separateur-dair\/\"><strong>S\u00e9parateur d'air<\/strong><\/a><\/span><\/p>\n<\/td>\n<\/tr>\n<\/tbody>\n<\/table>","protected":false},"excerpt":{"rendered":"<h1><span style=\"font-size: 14pt;\"><strong data-start=\"0\" data-end=\"15\" data-is-only-node=\"\">Tamis \u00e0 tambour<\/strong><\/span><\/h1>\n<p>&nbsp;<\/p>\n<h6>Product model: FTDS<\/h6>\n<p>&nbsp;<\/p>\n<h6>Type : \u00c9quipement de tri<\/h6>\n<p>&nbsp;<\/p>\n<h6>Mat\u00e9riau : Fournir des services personnalis\u00e9s, une vari\u00e9t\u00e9 de mat\u00e9riaux \u00e0 choisir.<\/h6>\n<p>&nbsp;<\/p>\n<h6>Couleur : service personnalis\u00e9 disponible<\/h6>\n<p>&nbsp;<\/p>\n<h6>Marque : Fante<\/h6>","protected":false},"featured_media":11459,"comment_status":"closed","ping_status":"closed","template":"","meta":{"site-sidebar-layout":"default","site-content-layout":"","ast-site-content-layout":"default","site-content-style":"default","site-sidebar-style":"default","ast-global-header-display":"","ast-banner-title-visibility":"","ast-main-header-display":"","ast-hfb-above-header-display":"","ast-hfb-below-header-display":"","ast-hfb-mobile-header-display":"","site-post-title":"","ast-breadcrumbs-content":"","ast-featured-img":"","footer-sml-layout":"","ast-disable-related-posts":"","theme-transparent-header-meta":"default","adv-header-id-meta":"","stick-header-meta":"","header-above-stick-meta":"","header-main-stick-meta":"","header-below-stick-meta":"","astra-migrate-meta-layouts":"set","ast-page-background-enabled":"default","ast-page-background-meta":{"desktop":{"background-color":"var(--ast-global-color-4)","background-image":"","background-repeat":"repeat","background-position":"center center","background-size":"auto","background-attachment":"scroll","background-type":"","background-media":"","overlay-type":"","overlay-color":"","overlay-opacity":"","overlay-gradient":""},"tablet":{"background-color":"","background-image":"","background-repeat":"repeat","background-position":"center center","background-size":"auto","background-attachment":"scroll","background-type":"","background-media":"","overlay-type":"","overlay-color":"","overlay-opacity":"","overlay-gradient":""},"mobile":{"background-color":"","background-image":"","background-repeat":"repeat","background-position":"center center","background-size":"auto","background-attachment":"scroll","background-type":"","background-media":"","overlay-type":"","overlay-color":"","overlay-opacity":"","overlay-gradient":""}},"ast-content-background-meta":{"desktop":{"background-color":"var(--ast-global-color-5)","background-image":"","background-repeat":"repeat","background-position":"center center","background-size":"auto","background-attachment":"scroll","background-type":"","background-media":"","overlay-type":"","overlay-color":"","overlay-opacity":"","overlay-gradient":""},"tablet":{"background-color":"var(--ast-global-color-5)","background-image":"","background-repeat":"repeat","background-position":"center center","background-size":"auto","background-attachment":"scroll","background-type":"","background-media":"","overlay-type":"","overlay-color":"","overlay-opacity":"","overlay-gradient":""},"mobile":{"background-color":"var(--ast-global-color-5)","background-image":"","background-repeat":"repeat","background-position":"center center","background-size":"auto","background-attachment":"scroll","background-type":"","background-media":"","overlay-type":"","overlay-color":"","overlay-opacity":"","overlay-gradient":""}}},"product_brand":[],"product_cat":[132],"product_tag":[],"class_list":{"0":"post-9977","1":"product","2":"type-product","3":"status-publish","4":"has-post-thumbnail","6":"product_cat-separator-equipment","7":"desktop-align-left","8":"tablet-align-left","9":"mobile-align-left","11":"first","12":"instock","13":"shipping-taxable","14":"purchasable","15":"product-type-simple"},"yoast_head":"<!-- This site is optimized with the Yoast SEO Premium plugin v27.2 (Yoast SEO v27.3) - https:\/\/yoast.com\/product\/yoast-seo-premium-wordpress\/ -->\n<title>Drum Screen | RDF Machine | Industrial Waste Recycling<\/title>\n<meta name=\"description\" content=\"The drum screen is a screening device used to separate materials by size. Widely used in RDF lines, , it helps separate oversized and undersized waste.\" \/>\n<meta name=\"robots\" content=\"index, follow, max-snippet:-1, max-image-preview:large, max-video-preview:-1\" \/>\n<link rel=\"canonical\" href=\"https:\/\/www.fanterecycling.com\/fr\/produit\/tambour-ecran\/\" \/>\n<meta property=\"og:locale\" content=\"fr_FR\" \/>\n<meta property=\"og:type\" content=\"article\" \/>\n<meta property=\"og:title\" content=\"Drum Screen\" \/>\n<meta property=\"og:description\" content=\"The drum screen is a screening device used to separate materials by size. Widely used in RDF lines, , it helps separate oversized and undersized waste.\" \/>\n<meta property=\"og:url\" content=\"https:\/\/www.fanterecycling.com\/fr\/produit\/tambour-ecran\/\" \/>\n<meta property=\"og:site_name\" content=\"Waste Recycling Equipment | Industrial Shredders &amp; Waste Recycling Solutions\" \/>\n<meta property=\"article:publisher\" content=\"https:\/\/www.facebook.com\/fanterecyclingmachinery\/\" \/>\n<meta property=\"article:modified_time\" content=\"2026-04-08T07:21:35+00:00\" \/>\n<meta property=\"og:image\" content=\"https:\/\/www.fanterecycling.com\/wp-content\/uploads\/2024\/12\/Drum-Screen.jpg\" \/>\n\t<meta property=\"og:image:width\" content=\"1080\" \/>\n\t<meta property=\"og:image:height\" content=\"1080\" \/>\n\t<meta property=\"og:image:type\" content=\"image\/jpeg\" \/>\n<meta name=\"twitter:card\" content=\"summary_large_image\" \/>\n<meta name=\"twitter:label1\" content=\"Dur\u00e9e de lecture estim\u00e9e\" \/>\n\t<meta name=\"twitter:data1\" content=\"2 minutes\" \/>\n<script type=\"application\/ld+json\" class=\"yoast-schema-graph\">{\"@context\":\"https:\\\/\\\/schema.org\",\"@graph\":[{\"@type\":\"WebPage\",\"@id\":\"https:\\\/\\\/www.fanterecycling.com\\\/product\\\/drum-screen\\\/\",\"url\":\"https:\\\/\\\/www.fanterecycling.com\\\/product\\\/drum-screen\\\/\",\"name\":\"Drum Screen | RDF Machine | Industrial Waste Recycling\",\"isPartOf\":{\"@id\":\"https:\\\/\\\/www.fanterecycling.com\\\/#website\"},\"primaryImageOfPage\":{\"@id\":\"https:\\\/\\\/www.fanterecycling.com\\\/product\\\/drum-screen\\\/#primaryimage\"},\"image\":{\"@id\":\"https:\\\/\\\/www.fanterecycling.com\\\/product\\\/drum-screen\\\/#primaryimage\"},\"thumbnailUrl\":\"https:\\\/\\\/www.fanterecycling.com\\\/wp-content\\\/uploads\\\/2024\\\/12\\\/Drum-Screen.jpg\",\"datePublished\":\"2024-12-13T05:24:24+00:00\",\"dateModified\":\"2026-04-08T07:21:35+00:00\",\"description\":\"The drum screen is a screening device used to separate materials by size. Widely used in RDF lines, , it helps separate oversized and undersized waste.\",\"breadcrumb\":{\"@id\":\"https:\\\/\\\/www.fanterecycling.com\\\/product\\\/drum-screen\\\/#breadcrumb\"},\"inLanguage\":\"fr-FR\",\"potentialAction\":[{\"@type\":\"ReadAction\",\"target\":[\"https:\\\/\\\/www.fanterecycling.com\\\/product\\\/drum-screen\\\/\"]}]},{\"@type\":\"ImageObject\",\"inLanguage\":\"fr-FR\",\"@id\":\"https:\\\/\\\/www.fanterecycling.com\\\/product\\\/drum-screen\\\/#primaryimage\",\"url\":\"https:\\\/\\\/www.fanterecycling.com\\\/wp-content\\\/uploads\\\/2024\\\/12\\\/Drum-Screen.jpg\",\"contentUrl\":\"https:\\\/\\\/www.fanterecycling.com\\\/wp-content\\\/uploads\\\/2024\\\/12\\\/Drum-Screen.jpg\",\"width\":1080,\"height\":1080,\"caption\":\"The drum screen is a screening device used to separate materials by size.\"},{\"@type\":\"BreadcrumbList\",\"@id\":\"https:\\\/\\\/www.fanterecycling.com\\\/product\\\/drum-screen\\\/#breadcrumb\",\"itemListElement\":[{\"@type\":\"ListItem\",\"position\":1,\"name\":\"Home\",\"item\":\"https:\\\/\\\/www.fanterecycling.com\\\/\"},{\"@type\":\"ListItem\",\"position\":2,\"name\":\"Products\",\"item\":\"https:\\\/\\\/www.fanterecycling.com\\\/shop\\\/\"},{\"@type\":\"ListItem\",\"position\":3,\"name\":\"Separator Equipment\",\"item\":\"https:\\\/\\\/www.fanterecycling.com\\\/product-category\\\/separator-equipment\\\/\"},{\"@type\":\"ListItem\",\"position\":4,\"name\":\"Drum Screen\"}]},{\"@type\":\"WebSite\",\"@id\":\"https:\\\/\\\/www.fanterecycling.com\\\/#website\",\"url\":\"https:\\\/\\\/www.fanterecycling.com\\\/\",\"name\":\"Tire Shredder and Metal Shredder Manufacturer from China - Fante\",\"description\":\"Advanced Recycling Machines for Tires, Metals, E-Waste, and Cables\",\"publisher\":{\"@id\":\"https:\\\/\\\/www.fanterecycling.com\\\/#organization\"},\"alternateName\":\"Shredder Manufacturer\",\"potentialAction\":[{\"@type\":\"SearchAction\",\"target\":{\"@type\":\"EntryPoint\",\"urlTemplate\":\"https:\\\/\\\/www.fanterecycling.com\\\/?s={search_term_string}\"},\"query-input\":{\"@type\":\"PropertyValueSpecification\",\"valueRequired\":true,\"valueName\":\"search_term_string\"}}],\"inLanguage\":\"fr-FR\"},{\"@type\":\"Organization\",\"@id\":\"https:\\\/\\\/www.fanterecycling.com\\\/#organization\",\"name\":\"Tire Shredder and Metal Shredder Manufacturer from China - Fante\",\"alternateName\":\"Fante Machinery\",\"url\":\"https:\\\/\\\/www.fanterecycling.com\\\/\",\"logo\":{\"@type\":\"ImageObject\",\"inLanguage\":\"fr-FR\",\"@id\":\"https:\\\/\\\/www.fanterecycling.com\\\/#\\\/schema\\\/logo\\\/image\\\/\",\"url\":\"https:\\\/\\\/www.fanterecycling.com\\\/wp-content\\\/uploads\\\/2023\\\/12\\\/logo3.png\",\"contentUrl\":\"https:\\\/\\\/www.fanterecycling.com\\\/wp-content\\\/uploads\\\/2023\\\/12\\\/logo3.png\",\"width\":150,\"height\":59,\"caption\":\"Tire Shredder and Metal Shredder Manufacturer from China - Fante\"},\"image\":{\"@id\":\"https:\\\/\\\/www.fanterecycling.com\\\/#\\\/schema\\\/logo\\\/image\\\/\"},\"sameAs\":[\"https:\\\/\\\/www.facebook.com\\\/fanterecyclingmachinery\\\/\",\"https:\\\/\\\/www.youtube.com\\\/@fanterecyclingmachinery\",\"https:\\\/\\\/api.whatsapp.com\\\/send?phone=8613770963575\"]}]}<\/script>\n<!-- \/ Yoast SEO Premium plugin. -->","yoast_head_json":{"title":"Drum Screen | RDF Machine | Industrial Waste Recycling","description":"The drum screen is a screening device used to separate materials by size. Widely used in RDF lines, , it helps separate oversized and undersized waste.","robots":{"index":"index","follow":"follow","max-snippet":"max-snippet:-1","max-image-preview":"max-image-preview:large","max-video-preview":"max-video-preview:-1"},"canonical":"https:\/\/www.fanterecycling.com\/fr\/produit\/tambour-ecran\/","og_locale":"fr_FR","og_type":"article","og_title":"Drum Screen","og_description":"The drum screen is a screening device used to separate materials by size. Widely used in RDF lines, , it helps separate oversized and undersized waste.","og_url":"https:\/\/www.fanterecycling.com\/fr\/produit\/tambour-ecran\/","og_site_name":"Waste Recycling Equipment | Industrial Shredders &amp; Waste Recycling Solutions","article_publisher":"https:\/\/www.facebook.com\/fanterecyclingmachinery\/","article_modified_time":"2026-04-08T07:21:35+00:00","og_image":[{"width":1080,"height":1080,"url":"https:\/\/www.fanterecycling.com\/wp-content\/uploads\/2024\/12\/Drum-Screen.jpg","type":"image\/jpeg"}],"twitter_card":"summary_large_image","twitter_misc":{"Dur\u00e9e de lecture estim\u00e9e":"2 minutes"},"schema":{"@context":"https:\/\/schema.org","@graph":[{"@type":"WebPage","@id":"https:\/\/www.fanterecycling.com\/product\/drum-screen\/","url":"https:\/\/www.fanterecycling.com\/product\/drum-screen\/","name":"Drum Screen | RDF Machine | Industrial Waste Recycling","isPartOf":{"@id":"https:\/\/www.fanterecycling.com\/#website"},"primaryImageOfPage":{"@id":"https:\/\/www.fanterecycling.com\/product\/drum-screen\/#primaryimage"},"image":{"@id":"https:\/\/www.fanterecycling.com\/product\/drum-screen\/#primaryimage"},"thumbnailUrl":"https:\/\/www.fanterecycling.com\/wp-content\/uploads\/2024\/12\/Drum-Screen.jpg","datePublished":"2024-12-13T05:24:24+00:00","dateModified":"2026-04-08T07:21:35+00:00","description":"The drum screen is a screening device used to separate materials by size. Widely used in RDF lines, , it helps separate oversized and undersized waste.","breadcrumb":{"@id":"https:\/\/www.fanterecycling.com\/product\/drum-screen\/#breadcrumb"},"inLanguage":"fr-FR","potentialAction":[{"@type":"ReadAction","target":["https:\/\/www.fanterecycling.com\/product\/drum-screen\/"]}]},{"@type":"ImageObject","inLanguage":"fr-FR","@id":"https:\/\/www.fanterecycling.com\/product\/drum-screen\/#primaryimage","url":"https:\/\/www.fanterecycling.com\/wp-content\/uploads\/2024\/12\/Drum-Screen.jpg","contentUrl":"https:\/\/www.fanterecycling.com\/wp-content\/uploads\/2024\/12\/Drum-Screen.jpg","width":1080,"height":1080,"caption":"The drum screen is a screening device used to separate materials by size."},{"@type":"BreadcrumbList","@id":"https:\/\/www.fanterecycling.com\/product\/drum-screen\/#breadcrumb","itemListElement":[{"@type":"ListItem","position":1,"name":"Home","item":"https:\/\/www.fanterecycling.com\/"},{"@type":"ListItem","position":2,"name":"Products","item":"https:\/\/www.fanterecycling.com\/shop\/"},{"@type":"ListItem","position":3,"name":"Separator Equipment","item":"https:\/\/www.fanterecycling.com\/product-category\/separator-equipment\/"},{"@type":"ListItem","position":4,"name":"Drum Screen"}]},{"@type":"WebSite","@id":"https:\/\/www.fanterecycling.com\/#website","url":"https:\/\/www.fanterecycling.com\/","name":"Broyeur de pneus et broyeur de m\u00e9taux en Chine - Fante","description":"Advanced Recycling Machines for Tires, Metals, E-Waste, and Cables","publisher":{"@id":"https:\/\/www.fanterecycling.com\/#organization"},"alternateName":"Shredder Manufacturer","potentialAction":[{"@type":"SearchAction","target":{"@type":"EntryPoint","urlTemplate":"https:\/\/www.fanterecycling.com\/?s={search_term_string}"},"query-input":{"@type":"PropertyValueSpecification","valueRequired":true,"valueName":"search_term_string"}}],"inLanguage":"fr-FR"},{"@type":"Organization","@id":"https:\/\/www.fanterecycling.com\/#organization","name":"Broyeur de pneus et broyeur de m\u00e9taux en Chine - Fante","alternateName":"Fante Machinery","url":"https:\/\/www.fanterecycling.com\/","logo":{"@type":"ImageObject","inLanguage":"fr-FR","@id":"https:\/\/www.fanterecycling.com\/#\/schema\/logo\/image\/","url":"https:\/\/www.fanterecycling.com\/wp-content\/uploads\/2023\/12\/logo3.png","contentUrl":"https:\/\/www.fanterecycling.com\/wp-content\/uploads\/2023\/12\/logo3.png","width":150,"height":59,"caption":"Tire Shredder and Metal Shredder Manufacturer from China - Fante"},"image":{"@id":"https:\/\/www.fanterecycling.com\/#\/schema\/logo\/image\/"},"sameAs":["https:\/\/www.facebook.com\/fanterecyclingmachinery\/","https:\/\/www.youtube.com\/@fanterecyclingmachinery","https:\/\/api.whatsapp.com\/send?phone=8613770963575"]}]}},"_links":{"self":[{"href":"https:\/\/www.fanterecycling.com\/fr\/wp-json\/wp\/v2\/product\/9977","targetHints":{"allow":["GET"]}}],"collection":[{"href":"https:\/\/www.fanterecycling.com\/fr\/wp-json\/wp\/v2\/product"}],"about":[{"href":"https:\/\/www.fanterecycling.com\/fr\/wp-json\/wp\/v2\/types\/product"}],"replies":[{"embeddable":true,"href":"https:\/\/www.fanterecycling.com\/fr\/wp-json\/wp\/v2\/comments?post=9977"}],"wp:featuredmedia":[{"embeddable":true,"href":"https:\/\/www.fanterecycling.com\/fr\/wp-json\/wp\/v2\/media\/11459"}],"wp:attachment":[{"href":"https:\/\/www.fanterecycling.com\/fr\/wp-json\/wp\/v2\/media?parent=9977"}],"wp:term":[{"taxonomy":"product_brand","embeddable":true,"href":"https:\/\/www.fanterecycling.com\/fr\/wp-json\/wp\/v2\/product_brand?post=9977"},{"taxonomy":"product_cat","embeddable":true,"href":"https:\/\/www.fanterecycling.com\/fr\/wp-json\/wp\/v2\/product_cat?post=9977"},{"taxonomy":"product_tag","embeddable":true,"href":"https:\/\/www.fanterecycling.com\/fr\/wp-json\/wp\/v2\/product_tag?post=9977"}],"curies":[{"name":"wp","href":"https:\/\/api.w.org\/{rel}","templated":true}]}}