{"id":9975,"date":"2024-12-13T13:22:03","date_gmt":"2024-12-13T05:22:03","guid":{"rendered":"https:\/\/fanterecycling.com\/?post_type=product&#038;p=9975"},"modified":"2026-04-08T15:35:27","modified_gmt":"2026-04-08T07:35:27","slug":"magnetic-separator","status":"publish","type":"product","link":"https:\/\/www.fanterecycling.com\/fr\/produit\/separateur-magnetique\/","title":{"rendered":"S\u00e9parateur magn\u00e9tique"},"content":{"rendered":"<h2 id=\"efficient-and-reliable-material-separation-solution\"><span style=\"font-size: 14pt;\"><strong><span class=\"ne-text\">Une solution efficace et fiable pour la s\u00e9paration des mat\u00e9riaux<\/span><\/strong><\/span><\/h2>\n<p id=\"u649bcb44\" class=\"ne-p\">Le s\u00e9parateur magn\u00e9tique est un \u00e9l\u00e9ment essentiel de notre ligne de recyclage des pneus usag\u00e9s. Il est sp\u00e9cialement con\u00e7u pour retirer les fils d'acier des granul\u00e9s de caoutchouc avec une grande efficacit\u00e9. L'utilisation d'un champ magn\u00e9tique puissant garantit la s\u00e9paration compl\u00e8te des mat\u00e9riaux ferreux, am\u00e9liorant ainsi la puret\u00e9 du produit final en caoutchouc. Cela permet non seulement d'am\u00e9liorer la qualit\u00e9 du caoutchouc recycl\u00e9, mais aussi de prot\u00e9ger les \u00e9quipements en aval des dommages potentiels caus\u00e9s par la contamination m\u00e9tallique. Con\u00e7u pour fonctionner en continu, le s\u00e9parateur magn\u00e9tique offre des performances fiables et n\u00e9cessite peu d'entretien, ce qui en fait un \u00e9l\u00e9ment essentiel de tout syst\u00e8me de recyclage des pneus.<\/p>\n<h4 style=\"text-align: center;\"><iframe src=\"\/\/www.youtube.com\/embed\/OXRAV4WmAuk\" width=\"1120\" height=\"628\" allowfullscreen=\"allowfullscreen\"><\/iframe><\/h4>\n<h2 id=\"product-advantages\"><span style=\"font-size: 14pt;\"><strong><span class=\"ne-text\">Avantages du produit<\/span><\/strong><\/span><\/h2>\n<ul style=\"list-style-type: disc;\">\n<li><strong><span class=\"ne-text\">Enhanced Safety &#8211; <\/span><\/strong>La machine est \u00e9quip\u00e9e de dispositifs de s\u00e9curit\u00e9 robustes qui garantissent des op\u00e9rations s\u00fbres et pr\u00e9viennent les accidents.<\/li>\n<li><strong><span class=\"ne-text\">Effective Dust Control &#8211; <\/span><\/strong>Des syst\u00e8mes int\u00e9gr\u00e9s de d\u00e9poussi\u00e9rage permettent de maintenir un espace de travail propre et respectueux de l'environnement.<\/li>\n<li><strong><span class=\"ne-text\">Low Noise Operation &#8211; <\/span><\/strong>L'ing\u00e9nierie avanc\u00e9e minimise les niveaux de bruit, cr\u00e9ant un environnement de travail plus silencieux et plus confortable.<\/li>\n<li><strong style=\"font-size: 16px;\"><span class=\"ne-text\">High Wear Resistance &#8211; <\/span><\/strong><span class=\"ne-text\" style=\"font-size: 16px;\">Fabriqu\u00e9e \u00e0 partir de mat\u00e9riaux durables et r\u00e9sistants \u00e0 l'usure, la machine garantit une longue dur\u00e9e de vie avec un minimum d'entretien.<\/span><\/li>\n<\/ul>\n<h2 id=\"product-features\"><span style=\"font-size: 14pt;\"><strong><span class=\"ne-text\">Caract\u00e9ristiques<\/span><\/strong><\/span><\/h2>\n<ul>\n<li style=\"text-align: left;\"><strong><span class=\"ne-text\">Efficacit\u00e9 de s\u00e9paration \u00e9lev\u00e9e<\/span><\/strong><\/li>\n<\/ul>\n<p style=\"text-align: left;\"><span class=\"ne-text\">Des syst\u00e8mes magn\u00e9tiques puissants assurent une s\u00e9paration pr\u00e9cise des mat\u00e9riaux ferreux et des d\u00e9chets non m\u00e9talliques, am\u00e9liorant ainsi les r\u00e9sultats du recyclage.<\/span><\/p>\n<ul style=\"text-align: left;\">\n<li><strong><span class=\"ne-text\">Options personnalisables<\/span><\/strong><\/li>\n<\/ul>\n<p style=\"text-align: left;\"><span class=\"ne-text\">Disponibles en diff\u00e9rentes tailles et configurations pour r\u00e9pondre \u00e0 diverses exigences de traitement.<\/span><\/p>\n<ul style=\"text-align: left;\">\n<li><strong><span class=\"ne-text\">Conception durable<\/span><\/strong><\/li>\n<\/ul>\n<p style=\"text-align: left;\"><span class=\"ne-text\">Con\u00e7us pour un fonctionnement continu dans des conditions exigeantes, avec une usure minimale.<\/span><\/p>\n<ul style=\"text-align: left;\">\n<li><strong><span class=\"ne-text\">Fonctionnement convivial<\/span><\/strong><\/li>\n<\/ul>\n<p style=\"text-align: left;\"><span class=\"ne-text\">La simplicit\u00e9 des commandes et la facilit\u00e9 d'entretien font de cette machine un outil id\u00e9al pour les petites et les grandes entreprises.<\/span><\/p>\n<ul style=\"text-align: left;\">\n<li><strong><span class=\"ne-text\">Conformit\u00e9 environnementale<\/span><\/strong><\/li>\n<\/ul>\n<p style=\"text-align: left;\"><span class=\"ne-text\">Con\u00e7ue avec des composants \u00e0 haut rendement \u00e9nerg\u00e9tique et des mesures de contr\u00f4le des poussi\u00e8res, elle r\u00e9pond aux normes environnementales modernes.<\/span><\/p>\n<h2><span style=\"font-size: 14pt;\">Photos r\u00e9elles du produit<\/span><\/h2>\n<p><img decoding=\"async\" class=\"aligncenter wp-image-12505 size-large\" src=\"https:\/\/fanterecycling.com\/wp-content\/uploads\/2024\/12\/FTMS-magnetic-separator-photo-1024x680.jpg\" alt=\"Le s\u00e9parateur magn\u00e9tique est un \u00e9l\u00e9ment essentiel de notre ligne de recyclage des pneus usag\u00e9s. Il est sp\u00e9cialement con\u00e7u pour retirer les fils d&#039;acier des granul\u00e9s de caoutchouc avec une grande efficacit\u00e9.\" width=\"1024\" height=\"680\" srcset=\"https:\/\/www.fanterecycling.com\/wp-content\/uploads\/2024\/12\/FTMS-magnetic-separator-photo-1024x680.jpg 1024w, https:\/\/www.fanterecycling.com\/wp-content\/uploads\/2024\/12\/FTMS-magnetic-separator-photo-300x199.jpg 300w, https:\/\/www.fanterecycling.com\/wp-content\/uploads\/2024\/12\/FTMS-magnetic-separator-photo-768x510.jpg 768w, https:\/\/www.fanterecycling.com\/wp-content\/uploads\/2024\/12\/FTMS-magnetic-separator-photo-1536x1020.jpg 1536w, https:\/\/www.fanterecycling.com\/wp-content\/uploads\/2024\/12\/FTMS-magnetic-separator-photo-2048x1359.jpg 2048w, https:\/\/www.fanterecycling.com\/wp-content\/uploads\/2024\/12\/FTMS-magnetic-separator-photo-600x398.jpg 600w\" sizes=\"(max-width: 1024px) 100vw, 1024px\" \/><\/p>\n<h2><span style=\"font-size: 14pt;\">Recommended Equipment<\/span><\/h2>\n<table style=\"width: 100%; border-collapse: collapse; border-style: none;\">\n<tbody>\n<tr>\n<td style=\"width: 33.3333%; border-style: none;\"><a href=\"https:\/\/www.fanterecycling.com\/fr\/produit\/broyeur-a-usage-intensif\/\"><img decoding=\"async\" class=\"alignnone wp-image-9905 size-medium\" src=\"https:\/\/www.fanterecycling.com\/wp-content\/uploads\/2023\/12\/Large-Planetary-Shredder-300x300.jpg\" alt=\"Broyeur haute capacit\u00e9 pour le recyclage du m\u00e9tal, du plastique, des d\u00e9chets \u00e9lectroniques et des pneus\" width=\"300\" height=\"300\" srcset=\"https:\/\/www.fanterecycling.com\/wp-content\/uploads\/2023\/12\/Large-Planetary-Shredder-300x300.jpg 300w, https:\/\/www.fanterecycling.com\/wp-content\/uploads\/2023\/12\/Large-Planetary-Shredder-1024x1024.jpg 1024w, https:\/\/www.fanterecycling.com\/wp-content\/uploads\/2023\/12\/Large-Planetary-Shredder-150x150.jpg 150w, https:\/\/www.fanterecycling.com\/wp-content\/uploads\/2023\/12\/Large-Planetary-Shredder-768x768.jpg 768w, https:\/\/www.fanterecycling.com\/wp-content\/uploads\/2023\/12\/Large-Planetary-Shredder-600x600.jpg 600w, https:\/\/www.fanterecycling.com\/wp-content\/uploads\/2023\/12\/Large-Planetary-Shredder-100x100.jpg 100w, https:\/\/www.fanterecycling.com\/wp-content\/uploads\/2023\/12\/Large-Planetary-Shredder.jpg 1080w\" sizes=\"(max-width: 300px) 100vw, 300px\" \/><\/a><\/p>\n<p style=\"text-align: center;\"><span style=\"color: #4a8e63;\"><a style=\"color: #4a8e63;\" href=\"https:\/\/www.fanterecycling.com\/fr\/produit\/broyeur-a-usage-intensif\/\"><strong>Heavy Duty\u00a0 Shredder<\/strong><\/a><\/span><\/p>\n<\/td>\n<td style=\"width: 33.3333%; border-style: none;\">\n<p style=\"text-align: center;\"><a href=\"https:\/\/www.fanterecycling.com\/fr\/produit\/broyeur-a-double-arbre\/\"><img decoding=\"async\" class=\"wp-image-9906 size-medium alignnone\" src=\"https:\/\/www.fanterecycling.com\/wp-content\/uploads\/2023\/12\/Double-Shaft-Shredder-300x300.jpg\" alt=\"Broyeur \u00e0 double arbre pour le broyage du plastique, du m\u00e9tal, des carcasses de voitures, des pneus, des d\u00e9chets \u00e9lectroniques et du bois.\" width=\"300\" height=\"300\" srcset=\"https:\/\/www.fanterecycling.com\/wp-content\/uploads\/2023\/12\/Double-Shaft-Shredder-300x300.jpg 300w, https:\/\/www.fanterecycling.com\/wp-content\/uploads\/2023\/12\/Double-Shaft-Shredder-1024x1024.jpg 1024w, https:\/\/www.fanterecycling.com\/wp-content\/uploads\/2023\/12\/Double-Shaft-Shredder-150x150.jpg 150w, https:\/\/www.fanterecycling.com\/wp-content\/uploads\/2023\/12\/Double-Shaft-Shredder-768x768.jpg 768w, https:\/\/www.fanterecycling.com\/wp-content\/uploads\/2023\/12\/Double-Shaft-Shredder-600x600.jpg 600w, https:\/\/www.fanterecycling.com\/wp-content\/uploads\/2023\/12\/Double-Shaft-Shredder-100x100.jpg 100w, https:\/\/www.fanterecycling.com\/wp-content\/uploads\/2023\/12\/Double-Shaft-Shredder.jpg 1080w\" sizes=\"(max-width: 300px) 100vw, 300px\" \/><\/a><\/p>\n<p style=\"text-align: center;\"><span style=\"color: #4a8e63;\"><a style=\"color: #4a8e63;\" href=\"https:\/\/www.fanterecycling.com\/fr\/produit\/broyeur-a-double-arbre\/\"><strong>D\u00e9chiqueteur \u00e0 double arbre<\/strong><\/a><\/span><\/p>\n<\/td>\n<td style=\"width: 33.3333%; border-style: none;\"><a href=\"https:\/\/www.fanterecycling.com\/fr\/produit\/separateur-de-fils-dacier-pour-pneus\/\"><img decoding=\"async\" class=\"wp-image-9974 size-medium alignnone\" src=\"https:\/\/www.fanterecycling.com\/wp-content\/uploads\/2024\/12\/Rasper-300x300.jpg\" alt=\"Les r\u00e2pes \u00e0 pneus sont sp\u00e9cialement con\u00e7ues pour le recyclage des pneus usag\u00e9s et peuvent s\u00e9parer efficacement le fil d&#039;acier et le caoutchouc.\" width=\"300\" height=\"300\" srcset=\"https:\/\/www.fanterecycling.com\/wp-content\/uploads\/2024\/12\/Rasper-300x300.jpg 300w, https:\/\/www.fanterecycling.com\/wp-content\/uploads\/2024\/12\/Rasper-1024x1024.jpg 1024w, https:\/\/www.fanterecycling.com\/wp-content\/uploads\/2024\/12\/Rasper-150x150.jpg 150w, https:\/\/www.fanterecycling.com\/wp-content\/uploads\/2024\/12\/Rasper-768x768.jpg 768w, https:\/\/www.fanterecycling.com\/wp-content\/uploads\/2024\/12\/Rasper-600x600.jpg 600w, https:\/\/www.fanterecycling.com\/wp-content\/uploads\/2024\/12\/Rasper-100x100.jpg 100w, https:\/\/www.fanterecycling.com\/wp-content\/uploads\/2024\/12\/Rasper.jpg 1080w\" sizes=\"(max-width: 300px) 100vw, 300px\" \/><\/a><\/p>\n<p style=\"text-align: center;\"><span style=\"color: #4a8e63;\"><a style=\"color: #4a8e63;\" href=\"https:\/\/www.fanterecycling.com\/fr\/produit\/separateur-de-fils-dacier-pour-pneus\/\"><strong>R\u00e2pe<\/strong><\/a><\/span><\/p>\n<\/td>\n<\/tr>\n<\/tbody>\n<\/table>","protected":false},"excerpt":{"rendered":"<h1><span style=\"font-size: 14pt;\">S\u00e9parateur magn\u00e9tique<\/span><\/h1>\n<p>&nbsp;<\/p>\n<h6>Mod\u00e8le du produit : FTMS<\/h6>\n<p>&nbsp;<\/p>\n<h6>Type : \u00c9quipement de tri<\/h6>\n<p>&nbsp;<\/p>\n<h6>Mat\u00e9riau : Fournir des services personnalis\u00e9s, une vari\u00e9t\u00e9 de mat\u00e9riaux \u00e0 choisir.<\/h6>\n<p>&nbsp;<\/p>\n<h6>Couleur : service personnalis\u00e9 disponible<\/h6>\n<p>&nbsp;<\/p>\n<h6>Marque : Fante<\/h6>","protected":false},"featured_media":9976,"comment_status":"closed","ping_status":"closed","template":"","meta":{"site-sidebar-layout":"default","site-content-layout":"","ast-site-content-layout":"default","site-content-style":"default","site-sidebar-style":"default","ast-global-header-display":"","ast-banner-title-visibility":"","ast-main-header-display":"","ast-hfb-above-header-display":"","ast-hfb-below-header-display":"","ast-hfb-mobile-header-display":"","site-post-title":"","ast-breadcrumbs-content":"","ast-featured-img":"","footer-sml-layout":"","ast-disable-related-posts":"","theme-transparent-header-meta":"default","adv-header-id-meta":"","stick-header-meta":"","header-above-stick-meta":"","header-main-stick-meta":"","header-below-stick-meta":"","astra-migrate-meta-layouts":"set","ast-page-background-enabled":"default","ast-page-background-meta":{"desktop":{"background-color":"var(--ast-global-color-4)","background-image":"","background-repeat":"repeat","background-position":"center center","background-size":"auto","background-attachment":"scroll","background-type":"","background-media":"","overlay-type":"","overlay-color":"","overlay-opacity":"","overlay-gradient":""},"tablet":{"background-color":"","background-image":"","background-repeat":"repeat","background-position":"center center","background-size":"auto","background-attachment":"scroll","background-type":"","background-media":"","overlay-type":"","overlay-color":"","overlay-opacity":"","overlay-gradient":""},"mobile":{"background-color":"","background-image":"","background-repeat":"repeat","background-position":"center center","background-size":"auto","background-attachment":"scroll","background-type":"","background-media":"","overlay-type":"","overlay-color":"","overlay-opacity":"","overlay-gradient":""}},"ast-content-background-meta":{"desktop":{"background-color":"var(--ast-global-color-5)","background-image":"","background-repeat":"repeat","background-position":"center center","background-size":"auto","background-attachment":"scroll","background-type":"","background-media":"","overlay-type":"","overlay-color":"","overlay-opacity":"","overlay-gradient":""},"tablet":{"background-color":"var(--ast-global-color-5)","background-image":"","background-repeat":"repeat","background-position":"center center","background-size":"auto","background-attachment":"scroll","background-type":"","background-media":"","overlay-type":"","overlay-color":"","overlay-opacity":"","overlay-gradient":""},"mobile":{"background-color":"var(--ast-global-color-5)","background-image":"","background-repeat":"repeat","background-position":"center center","background-size":"auto","background-attachment":"scroll","background-type":"","background-media":"","overlay-type":"","overlay-color":"","overlay-opacity":"","overlay-gradient":""}}},"product_brand":[],"product_cat":[132],"product_tag":[],"class_list":{"0":"post-9975","1":"product","2":"type-product","3":"status-publish","4":"has-post-thumbnail","6":"product_cat-separator-equipment","7":"desktop-align-left","8":"tablet-align-left","9":"mobile-align-left","11":"first","12":"instock","13":"shipping-taxable","14":"purchasable","15":"product-type-simple"},"yoast_head":"<!-- This site is optimized with the Yoast SEO Premium plugin v27.2 (Yoast SEO v27.3) - https:\/\/yoast.com\/product\/yoast-seo-premium-wordpress\/ -->\n<title>Magnetic Separator | Waste Tire Recycling | Steel Wire Separate<\/title>\n<meta name=\"description\" content=\"Magnetic separator are specially used to remove steel wire from rubber particles in waste tire recycling system.\" \/>\n<meta name=\"robots\" content=\"index, follow, max-snippet:-1, max-image-preview:large, max-video-preview:-1\" \/>\n<link rel=\"canonical\" href=\"https:\/\/www.fanterecycling.com\/fr\/produit\/separateur-magnetique\/\" \/>\n<meta property=\"og:locale\" content=\"fr_FR\" \/>\n<meta property=\"og:type\" content=\"article\" \/>\n<meta property=\"og:title\" content=\"Magnetic Separator\" \/>\n<meta property=\"og:description\" content=\"Magnetic separator are specially used to remove steel wire from rubber particles in waste tire recycling system.\" \/>\n<meta property=\"og:url\" content=\"https:\/\/www.fanterecycling.com\/fr\/produit\/separateur-magnetique\/\" \/>\n<meta property=\"og:site_name\" content=\"Waste Recycling Equipment | Industrial Shredders &amp; Waste Recycling Solutions\" \/>\n<meta property=\"article:publisher\" content=\"https:\/\/www.facebook.com\/fanterecyclingmachinery\/\" \/>\n<meta property=\"article:modified_time\" content=\"2026-04-08T07:35:27+00:00\" \/>\n<meta property=\"og:image\" content=\"https:\/\/www.fanterecycling.com\/wp-content\/uploads\/2024\/12\/Magnetic-Separator.jpg\" \/>\n\t<meta property=\"og:image:width\" content=\"1080\" \/>\n\t<meta property=\"og:image:height\" content=\"1080\" \/>\n\t<meta property=\"og:image:type\" content=\"image\/jpeg\" \/>\n<meta name=\"twitter:card\" content=\"summary_large_image\" \/>\n<meta name=\"twitter:label1\" content=\"Dur\u00e9e de lecture estim\u00e9e\" \/>\n\t<meta name=\"twitter:data1\" content=\"3 minutes\" \/>\n<script type=\"application\/ld+json\" class=\"yoast-schema-graph\">{\"@context\":\"https:\\\/\\\/schema.org\",\"@graph\":[{\"@type\":\"WebPage\",\"@id\":\"https:\\\/\\\/www.fanterecycling.com\\\/product\\\/magnetic-separator\\\/\",\"url\":\"https:\\\/\\\/www.fanterecycling.com\\\/product\\\/magnetic-separator\\\/\",\"name\":\"Magnetic Separator | Waste Tire Recycling | Steel Wire Separate\",\"isPartOf\":{\"@id\":\"https:\\\/\\\/www.fanterecycling.com\\\/#website\"},\"primaryImageOfPage\":{\"@id\":\"https:\\\/\\\/www.fanterecycling.com\\\/product\\\/magnetic-separator\\\/#primaryimage\"},\"image\":{\"@id\":\"https:\\\/\\\/www.fanterecycling.com\\\/product\\\/magnetic-separator\\\/#primaryimage\"},\"thumbnailUrl\":\"https:\\\/\\\/www.fanterecycling.com\\\/wp-content\\\/uploads\\\/2024\\\/12\\\/Magnetic-Separator.jpg\",\"datePublished\":\"2024-12-13T05:22:03+00:00\",\"dateModified\":\"2026-04-08T07:35:27+00:00\",\"description\":\"Magnetic separator are specially used to remove steel wire from rubber particles in waste tire recycling system.\",\"breadcrumb\":{\"@id\":\"https:\\\/\\\/www.fanterecycling.com\\\/product\\\/magnetic-separator\\\/#breadcrumb\"},\"inLanguage\":\"fr-FR\",\"potentialAction\":[{\"@type\":\"ReadAction\",\"target\":[\"https:\\\/\\\/www.fanterecycling.com\\\/product\\\/magnetic-separator\\\/\"]}]},{\"@type\":\"ImageObject\",\"inLanguage\":\"fr-FR\",\"@id\":\"https:\\\/\\\/www.fanterecycling.com\\\/product\\\/magnetic-separator\\\/#primaryimage\",\"url\":\"https:\\\/\\\/www.fanterecycling.com\\\/wp-content\\\/uploads\\\/2024\\\/12\\\/Magnetic-Separator.jpg\",\"contentUrl\":\"https:\\\/\\\/www.fanterecycling.com\\\/wp-content\\\/uploads\\\/2024\\\/12\\\/Magnetic-Separator.jpg\",\"width\":1080,\"height\":1080,\"caption\":\"The magnetic separator is a crucial component in our waste tire recycling line, specifically designed to remove steel wires from rubber granules with high efficiency.\"},{\"@type\":\"BreadcrumbList\",\"@id\":\"https:\\\/\\\/www.fanterecycling.com\\\/product\\\/magnetic-separator\\\/#breadcrumb\",\"itemListElement\":[{\"@type\":\"ListItem\",\"position\":1,\"name\":\"Home\",\"item\":\"https:\\\/\\\/www.fanterecycling.com\\\/\"},{\"@type\":\"ListItem\",\"position\":2,\"name\":\"Products\",\"item\":\"https:\\\/\\\/www.fanterecycling.com\\\/shop\\\/\"},{\"@type\":\"ListItem\",\"position\":3,\"name\":\"Separator Equipment\",\"item\":\"https:\\\/\\\/www.fanterecycling.com\\\/product-category\\\/separator-equipment\\\/\"},{\"@type\":\"ListItem\",\"position\":4,\"name\":\"Magnetic Separator\"}]},{\"@type\":\"WebSite\",\"@id\":\"https:\\\/\\\/www.fanterecycling.com\\\/#website\",\"url\":\"https:\\\/\\\/www.fanterecycling.com\\\/\",\"name\":\"Tire Shredder and Metal Shredder Manufacturer from China - Fante\",\"description\":\"Advanced Recycling Machines for Tires, Metals, E-Waste, and Cables\",\"publisher\":{\"@id\":\"https:\\\/\\\/www.fanterecycling.com\\\/#organization\"},\"alternateName\":\"Shredder Manufacturer\",\"potentialAction\":[{\"@type\":\"SearchAction\",\"target\":{\"@type\":\"EntryPoint\",\"urlTemplate\":\"https:\\\/\\\/www.fanterecycling.com\\\/?s={search_term_string}\"},\"query-input\":{\"@type\":\"PropertyValueSpecification\",\"valueRequired\":true,\"valueName\":\"search_term_string\"}}],\"inLanguage\":\"fr-FR\"},{\"@type\":\"Organization\",\"@id\":\"https:\\\/\\\/www.fanterecycling.com\\\/#organization\",\"name\":\"Tire Shredder and Metal Shredder Manufacturer from China - Fante\",\"alternateName\":\"Fante Machinery\",\"url\":\"https:\\\/\\\/www.fanterecycling.com\\\/\",\"logo\":{\"@type\":\"ImageObject\",\"inLanguage\":\"fr-FR\",\"@id\":\"https:\\\/\\\/www.fanterecycling.com\\\/#\\\/schema\\\/logo\\\/image\\\/\",\"url\":\"https:\\\/\\\/www.fanterecycling.com\\\/wp-content\\\/uploads\\\/2023\\\/12\\\/logo3.png\",\"contentUrl\":\"https:\\\/\\\/www.fanterecycling.com\\\/wp-content\\\/uploads\\\/2023\\\/12\\\/logo3.png\",\"width\":150,\"height\":59,\"caption\":\"Tire Shredder and Metal Shredder Manufacturer from China - Fante\"},\"image\":{\"@id\":\"https:\\\/\\\/www.fanterecycling.com\\\/#\\\/schema\\\/logo\\\/image\\\/\"},\"sameAs\":[\"https:\\\/\\\/www.facebook.com\\\/fanterecyclingmachinery\\\/\",\"https:\\\/\\\/www.youtube.com\\\/@fanterecyclingmachinery\",\"https:\\\/\\\/api.whatsapp.com\\\/send?phone=8613770963575\"]}]}<\/script>\n<!-- \/ Yoast SEO Premium plugin. -->","yoast_head_json":{"title":"S\u00e9parateur magn\u00e9tique | Recyclage de pneus usag\u00e9s | S\u00e9paration de fils d'acier","description":"Les s\u00e9parateurs magn\u00e9tiques sont sp\u00e9cialement utilis\u00e9s pour retirer les fils d'acier des particules de caoutchouc dans les syst\u00e8mes de recyclage des pneus usag\u00e9s.","robots":{"index":"index","follow":"follow","max-snippet":"max-snippet:-1","max-image-preview":"max-image-preview:large","max-video-preview":"max-video-preview:-1"},"canonical":"https:\/\/www.fanterecycling.com\/fr\/produit\/separateur-magnetique\/","og_locale":"fr_FR","og_type":"article","og_title":"Magnetic Separator","og_description":"Magnetic separator are specially used to remove steel wire from rubber particles in waste tire recycling system.","og_url":"https:\/\/www.fanterecycling.com\/fr\/produit\/separateur-magnetique\/","og_site_name":"Waste Recycling Equipment | Industrial Shredders &amp; Waste Recycling Solutions","article_publisher":"https:\/\/www.facebook.com\/fanterecyclingmachinery\/","article_modified_time":"2026-04-08T07:35:27+00:00","og_image":[{"width":1080,"height":1080,"url":"https:\/\/www.fanterecycling.com\/wp-content\/uploads\/2024\/12\/Magnetic-Separator.jpg","type":"image\/jpeg"}],"twitter_card":"summary_large_image","twitter_misc":{"Dur\u00e9e de lecture estim\u00e9e":"3 minutes"},"schema":{"@context":"https:\/\/schema.org","@graph":[{"@type":"WebPage","@id":"https:\/\/www.fanterecycling.com\/product\/magnetic-separator\/","url":"https:\/\/www.fanterecycling.com\/product\/magnetic-separator\/","name":"S\u00e9parateur magn\u00e9tique | Recyclage de pneus usag\u00e9s | S\u00e9paration de fils d'acier","isPartOf":{"@id":"https:\/\/www.fanterecycling.com\/#website"},"primaryImageOfPage":{"@id":"https:\/\/www.fanterecycling.com\/product\/magnetic-separator\/#primaryimage"},"image":{"@id":"https:\/\/www.fanterecycling.com\/product\/magnetic-separator\/#primaryimage"},"thumbnailUrl":"https:\/\/www.fanterecycling.com\/wp-content\/uploads\/2024\/12\/Magnetic-Separator.jpg","datePublished":"2024-12-13T05:22:03+00:00","dateModified":"2026-04-08T07:35:27+00:00","description":"Les s\u00e9parateurs magn\u00e9tiques sont sp\u00e9cialement utilis\u00e9s pour retirer les fils d'acier des particules de caoutchouc dans les syst\u00e8mes de recyclage des pneus usag\u00e9s.","breadcrumb":{"@id":"https:\/\/www.fanterecycling.com\/product\/magnetic-separator\/#breadcrumb"},"inLanguage":"fr-FR","potentialAction":[{"@type":"ReadAction","target":["https:\/\/www.fanterecycling.com\/product\/magnetic-separator\/"]}]},{"@type":"ImageObject","inLanguage":"fr-FR","@id":"https:\/\/www.fanterecycling.com\/product\/magnetic-separator\/#primaryimage","url":"https:\/\/www.fanterecycling.com\/wp-content\/uploads\/2024\/12\/Magnetic-Separator.jpg","contentUrl":"https:\/\/www.fanterecycling.com\/wp-content\/uploads\/2024\/12\/Magnetic-Separator.jpg","width":1080,"height":1080,"caption":"The magnetic separator is a crucial component in our waste tire recycling line, specifically designed to remove steel wires from rubber granules with high efficiency."},{"@type":"BreadcrumbList","@id":"https:\/\/www.fanterecycling.com\/product\/magnetic-separator\/#breadcrumb","itemListElement":[{"@type":"ListItem","position":1,"name":"Home","item":"https:\/\/www.fanterecycling.com\/"},{"@type":"ListItem","position":2,"name":"Products","item":"https:\/\/www.fanterecycling.com\/shop\/"},{"@type":"ListItem","position":3,"name":"Separator Equipment","item":"https:\/\/www.fanterecycling.com\/product-category\/separator-equipment\/"},{"@type":"ListItem","position":4,"name":"Magnetic Separator"}]},{"@type":"WebSite","@id":"https:\/\/www.fanterecycling.com\/#website","url":"https:\/\/www.fanterecycling.com\/","name":"Broyeur de pneus et broyeur de m\u00e9taux en Chine - Fante","description":"Advanced Recycling Machines for Tires, Metals, E-Waste, and Cables","publisher":{"@id":"https:\/\/www.fanterecycling.com\/#organization"},"alternateName":"Shredder Manufacturer","potentialAction":[{"@type":"SearchAction","target":{"@type":"EntryPoint","urlTemplate":"https:\/\/www.fanterecycling.com\/?s={search_term_string}"},"query-input":{"@type":"PropertyValueSpecification","valueRequired":true,"valueName":"search_term_string"}}],"inLanguage":"fr-FR"},{"@type":"Organization","@id":"https:\/\/www.fanterecycling.com\/#organization","name":"Broyeur de pneus et broyeur de m\u00e9taux en Chine - Fante","alternateName":"Fante Machinery","url":"https:\/\/www.fanterecycling.com\/","logo":{"@type":"ImageObject","inLanguage":"fr-FR","@id":"https:\/\/www.fanterecycling.com\/#\/schema\/logo\/image\/","url":"https:\/\/www.fanterecycling.com\/wp-content\/uploads\/2023\/12\/logo3.png","contentUrl":"https:\/\/www.fanterecycling.com\/wp-content\/uploads\/2023\/12\/logo3.png","width":150,"height":59,"caption":"Tire Shredder and Metal Shredder Manufacturer from China - Fante"},"image":{"@id":"https:\/\/www.fanterecycling.com\/#\/schema\/logo\/image\/"},"sameAs":["https:\/\/www.facebook.com\/fanterecyclingmachinery\/","https:\/\/www.youtube.com\/@fanterecyclingmachinery","https:\/\/api.whatsapp.com\/send?phone=8613770963575"]}]}},"_links":{"self":[{"href":"https:\/\/www.fanterecycling.com\/fr\/wp-json\/wp\/v2\/product\/9975","targetHints":{"allow":["GET"]}}],"collection":[{"href":"https:\/\/www.fanterecycling.com\/fr\/wp-json\/wp\/v2\/product"}],"about":[{"href":"https:\/\/www.fanterecycling.com\/fr\/wp-json\/wp\/v2\/types\/product"}],"replies":[{"embeddable":true,"href":"https:\/\/www.fanterecycling.com\/fr\/wp-json\/wp\/v2\/comments?post=9975"}],"wp:featuredmedia":[{"embeddable":true,"href":"https:\/\/www.fanterecycling.com\/fr\/wp-json\/wp\/v2\/media\/9976"}],"wp:attachment":[{"href":"https:\/\/www.fanterecycling.com\/fr\/wp-json\/wp\/v2\/media?parent=9975"}],"wp:term":[{"taxonomy":"product_brand","embeddable":true,"href":"https:\/\/www.fanterecycling.com\/fr\/wp-json\/wp\/v2\/product_brand?post=9975"},{"taxonomy":"product_cat","embeddable":true,"href":"https:\/\/www.fanterecycling.com\/fr\/wp-json\/wp\/v2\/product_cat?post=9975"},{"taxonomy":"product_tag","embeddable":true,"href":"https:\/\/www.fanterecycling.com\/fr\/wp-json\/wp\/v2\/product_tag?post=9975"}],"curies":[{"name":"wp","href":"https:\/\/api.w.org\/{rel}","templated":true}]}}