{"id":9985,"date":"2024-12-13T13:31:04","date_gmt":"2024-12-13T05:31:04","guid":{"rendered":"https:\/\/fanterecycling.com\/?post_type=product&#038;p=9985"},"modified":"2026-04-08T14:50:35","modified_gmt":"2026-04-08T06:50:35","slug":"belt-conveyor","status":"publish","type":"product","link":"https:\/\/www.fanterecycling.com\/es\/producto\/cinta-transportadora\/","title":{"rendered":"Cinta transportadora"},"content":{"rendered":"<h2><span class=\"___SBox_epc1q-kmt_ ___SText_zko9t-kmt_\" style=\"font-size: 14pt;\" data-ui-name=\"Link.Text\">Cinta transportadora<\/span><\/h2>\n<p>El transportador de cinta Fante est\u00e1 dise\u00f1ado para la manipulaci\u00f3n eficaz de materiales en l\u00edneas de reciclaje y tratamiento de residuos. Con una correa de caucho duradera y una estructura estable, garantiza un transporte suave y continuo de diversos materiales como pl\u00e1sticos, metales y residuos urbanos. Es f\u00e1cil de manejar y de mantener, y se adapta a distintos dise\u00f1os de producci\u00f3n.<\/p>\n<h2><span style=\"font-size: 14pt;\"><strong>Caracter\u00edsticas<\/strong><\/span><\/h2>\n<ul>\n<li>Bastidor resistente<br \/>\nLa robusta estructura de acero garantiza estabilidad a largo plazo y resistencia a cargas pesadas y entornos de trabajo dif\u00edciles.<\/li>\n<li>Correa de caucho resistente al desgaste<br \/>\nBanda de caucho de alta calidad con excelente resistencia a la abrasi\u00f3n, adecuada para el transporte continuo de materiales abrasivos.<\/li>\n<li>Longitud y anchura personalizables<br \/>\nLas dimensiones de los transportadores pueden adaptarse a la disposici\u00f3n de las l\u00edneas de producci\u00f3n y a las necesidades de manipulaci\u00f3n de materiales.<\/li>\n<li>Dise\u00f1o de f\u00e1cil mantenimiento<br \/>\nLa estructura modular permite sustituir r\u00e1pidamente las correas y simplificar las operaciones de mantenimiento, reduciendo el tiempo de inactividad.<\/li>\n<\/ul>\n<h2><span style=\"font-size: 14pt;\">Im\u00e1genes reales del producto<\/span><\/h2>\n<p>&nbsp;<\/p>\n<p><img decoding=\"async\" class=\"alignnone size-full wp-image-14264\" src=\"https:\/\/www.fanterecycling.com\/wp-content\/uploads\/belt-conveyor.png\" alt=\"Belt Conveyor is designed for efficient material handling in recycling and waste processing lines.\" width=\"1200\" height=\"461\" srcset=\"https:\/\/www.fanterecycling.com\/wp-content\/uploads\/belt-conveyor.png 1200w, https:\/\/www.fanterecycling.com\/wp-content\/uploads\/belt-conveyor-768x295.png 768w, https:\/\/www.fanterecycling.com\/wp-content\/uploads\/belt-conveyor-18x7.png 18w, https:\/\/www.fanterecycling.com\/wp-content\/uploads\/belt-conveyor-600x231.png 600w\" sizes=\"(max-width: 1200px) 100vw, 1200px\" \/><\/p>\n<h2><span style=\"font-size: 14pt;\">Recommended Equipment<\/span><\/h2>\n<table style=\"width: 100%; border-collapse: collapse; border-style: none;\">\n<tbody>\n<tr>\n<td style=\"width: 33.3333%; border-style: none;\"><a href=\"https:\/\/www.fanterecycling.com\/es\/producto\/separador-de-aire\/\"><img decoding=\"async\" class=\"alignnone wp-image-12510 size-medium\" src=\"https:\/\/www.fanterecycling.com\/wp-content\/uploads\/2024\/12\/air-separator-300x300.jpg\" alt=\"El separador por aire es un dispositivo de clasificaci\u00f3n de residuos s\u00f3lidos que utiliza el flujo de aire para separar materiales en funci\u00f3n de sus propiedades aerodin\u00e1micas.\" width=\"300\" height=\"300\" srcset=\"https:\/\/www.fanterecycling.com\/wp-content\/uploads\/2024\/12\/air-separator-300x300.jpg 300w, https:\/\/www.fanterecycling.com\/wp-content\/uploads\/2024\/12\/air-separator-1024x1024.jpg 1024w, https:\/\/www.fanterecycling.com\/wp-content\/uploads\/2024\/12\/air-separator-150x150.jpg 150w, https:\/\/www.fanterecycling.com\/wp-content\/uploads\/2024\/12\/air-separator-768x768.jpg 768w, https:\/\/www.fanterecycling.com\/wp-content\/uploads\/2024\/12\/air-separator-600x600.jpg 600w, https:\/\/www.fanterecycling.com\/wp-content\/uploads\/2024\/12\/air-separator-100x100.jpg 100w, https:\/\/www.fanterecycling.com\/wp-content\/uploads\/2024\/12\/air-separator.jpg 1080w\" sizes=\"(max-width: 300px) 100vw, 300px\" \/><\/a><\/p>\n<p style=\"text-align: center;\"><span style=\"color: #4a8e63;\"><a style=\"color: #4a8e63;\" href=\"https:\/\/www.fanterecycling.com\/es\/producto\/separador-de-aire\/\"><strong>Separador de aire<\/strong><\/a><\/span><\/p>\n<\/td>\n<td style=\"width: 33.3333%; border-style: none;\">\n<p style=\"text-align: center;\"><a href=\"https:\/\/www.fanterecycling.com\/es\/producto\/separador-de-corrientes-de-foucault\/\"><img decoding=\"async\" class=\"alignnone wp-image-9980 size-medium\" src=\"https:\/\/www.fanterecycling.com\/wp-content\/uploads\/2024\/12\/Eddy-Current-Separator-300x300.jpg\" alt=\"Los separadores por corrientes de Foucault utilizan potentes campos magn\u00e9ticos para separar eficazmente los metales no ferrosos, como el aluminio y el cobre, de los flujos de material a granel.\" width=\"300\" height=\"300\" srcset=\"https:\/\/www.fanterecycling.com\/wp-content\/uploads\/2024\/12\/Eddy-Current-Separator-300x300.jpg 300w, https:\/\/www.fanterecycling.com\/wp-content\/uploads\/2024\/12\/Eddy-Current-Separator-1024x1024.jpg 1024w, https:\/\/www.fanterecycling.com\/wp-content\/uploads\/2024\/12\/Eddy-Current-Separator-150x150.jpg 150w, https:\/\/www.fanterecycling.com\/wp-content\/uploads\/2024\/12\/Eddy-Current-Separator-768x768.jpg 768w, https:\/\/www.fanterecycling.com\/wp-content\/uploads\/2024\/12\/Eddy-Current-Separator-600x600.jpg 600w, https:\/\/www.fanterecycling.com\/wp-content\/uploads\/2024\/12\/Eddy-Current-Separator-100x100.jpg 100w, https:\/\/www.fanterecycling.com\/wp-content\/uploads\/2024\/12\/Eddy-Current-Separator.jpg 1080w\" sizes=\"(max-width: 300px) 100vw, 300px\" \/><\/a><span style=\"color: #4a8e63;\"><a style=\"color: #4a8e63;\" href=\"https:\/\/www.fanterecycling.com\/es\/producto\/separador-de-corrientes-de-foucault\/\"><strong>Separador por corrientes de Foucault<\/strong><\/a><\/span><\/p>\n<\/td>\n<td style=\"width: 33.3333%; border-style: none;\"><a href=\"https:\/\/www.fanterecycling.com\/es\/producto\/pantalla-de-tambor\/\"><img decoding=\"async\" class=\"alignnone wp-image-11459 size-medium\" src=\"https:\/\/www.fanterecycling.com\/wp-content\/uploads\/2024\/12\/Drum-Screen-300x300.jpg\" alt=\"La criba de tambor es un dispositivo de cribado utilizado para separar materiales por tama\u00f1os.\" width=\"300\" height=\"300\" srcset=\"https:\/\/www.fanterecycling.com\/wp-content\/uploads\/2024\/12\/Drum-Screen-300x300.jpg 300w, https:\/\/www.fanterecycling.com\/wp-content\/uploads\/2024\/12\/Drum-Screen-1024x1024.jpg 1024w, https:\/\/www.fanterecycling.com\/wp-content\/uploads\/2024\/12\/Drum-Screen-150x150.jpg 150w, https:\/\/www.fanterecycling.com\/wp-content\/uploads\/2024\/12\/Drum-Screen-768x768.jpg 768w, https:\/\/www.fanterecycling.com\/wp-content\/uploads\/2024\/12\/Drum-Screen-600x600.jpg 600w, https:\/\/www.fanterecycling.com\/wp-content\/uploads\/2024\/12\/Drum-Screen-100x100.jpg 100w, https:\/\/www.fanterecycling.com\/wp-content\/uploads\/2024\/12\/Drum-Screen.jpg 1080w\" sizes=\"(max-width: 300px) 100vw, 300px\" \/><\/a><\/p>\n<p style=\"text-align: center;\"><span style=\"color: #4a8e63;\"><a style=\"color: #4a8e63;\" href=\"https:\/\/www.fanterecycling.com\/es\/producto\/pantalla-de-tambor\/\"><strong>Criba de tambor<\/strong><\/a><\/span><\/p>\n<\/td>\n<\/tr>\n<\/tbody>\n<\/table>","protected":false},"excerpt":{"rendered":"<h1><span style=\"font-size: 14pt;\">Cinta transportadora<\/span><\/h1>\n<p>&nbsp;<\/p>\n<h6>Modelo de producto: FTB<\/h6>\n<p>&nbsp;<\/p>\n<h6>Tipo: Equipo auxiliar<\/h6>\n<p>&nbsp;<\/p>\n<h6>Material: Proporcionar servicios personalizados, una variedad de materiales para elegir.<\/h6>\n<p>&nbsp;<\/p>\n<h6>Color: Servicio personalizado disponible<\/h6>\n<p>&nbsp;<\/p>\n<h6>Marca: Fante<\/h6>","protected":false},"featured_media":9986,"comment_status":"closed","ping_status":"closed","template":"","meta":{"site-sidebar-layout":"default","site-content-layout":"","ast-site-content-layout":"default","site-content-style":"default","site-sidebar-style":"default","ast-global-header-display":"","ast-banner-title-visibility":"","ast-main-header-display":"","ast-hfb-above-header-display":"","ast-hfb-below-header-display":"","ast-hfb-mobile-header-display":"","site-post-title":"","ast-breadcrumbs-content":"","ast-featured-img":"","footer-sml-layout":"","ast-disable-related-posts":"","theme-transparent-header-meta":"default","adv-header-id-meta":"","stick-header-meta":"","header-above-stick-meta":"","header-main-stick-meta":"","header-below-stick-meta":"","astra-migrate-meta-layouts":"set","ast-page-background-enabled":"default","ast-page-background-meta":{"desktop":{"background-color":"var(--ast-global-color-4)","background-image":"","background-repeat":"repeat","background-position":"center center","background-size":"auto","background-attachment":"scroll","background-type":"","background-media":"","overlay-type":"","overlay-color":"","overlay-opacity":"","overlay-gradient":""},"tablet":{"background-color":"","background-image":"","background-repeat":"repeat","background-position":"center center","background-size":"auto","background-attachment":"scroll","background-type":"","background-media":"","overlay-type":"","overlay-color":"","overlay-opacity":"","overlay-gradient":""},"mobile":{"background-color":"","background-image":"","background-repeat":"repeat","background-position":"center center","background-size":"auto","background-attachment":"scroll","background-type":"","background-media":"","overlay-type":"","overlay-color":"","overlay-opacity":"","overlay-gradient":""}},"ast-content-background-meta":{"desktop":{"background-color":"var(--ast-global-color-5)","background-image":"","background-repeat":"repeat","background-position":"center center","background-size":"auto","background-attachment":"scroll","background-type":"","background-media":"","overlay-type":"","overlay-color":"","overlay-opacity":"","overlay-gradient":""},"tablet":{"background-color":"var(--ast-global-color-5)","background-image":"","background-repeat":"repeat","background-position":"center center","background-size":"auto","background-attachment":"scroll","background-type":"","background-media":"","overlay-type":"","overlay-color":"","overlay-opacity":"","overlay-gradient":""},"mobile":{"background-color":"var(--ast-global-color-5)","background-image":"","background-repeat":"repeat","background-position":"center center","background-size":"auto","background-attachment":"scroll","background-type":"","background-media":"","overlay-type":"","overlay-color":"","overlay-opacity":"","overlay-gradient":""}}},"product_brand":[],"product_cat":[133],"product_tag":[],"class_list":{"0":"post-9985","1":"product","2":"type-product","3":"status-publish","4":"has-post-thumbnail","6":"product_cat-auxiliary-equipment","7":"desktop-align-left","8":"tablet-align-left","9":"mobile-align-left","11":"first","12":"instock","13":"shipping-taxable","14":"product-type-simple"},"yoast_head":"<!-- This site is optimized with the Yoast SEO Premium plugin v27.5 (Yoast SEO v27.6) - https:\/\/yoast.com\/product\/yoast-seo-premium-wordpress\/ -->\n<title>Belt Conveyor | Solid Waste Machine | Waste Recycling<\/title>\n<meta name=\"description\" content=\"Belt conveyor is designed for efficient material handling in recycling and waste processing lines.\" \/>\n<meta name=\"robots\" content=\"index, follow, max-snippet:-1, max-image-preview:large, max-video-preview:-1\" \/>\n<link rel=\"canonical\" href=\"https:\/\/www.fanterecycling.com\/es\/producto\/cinta-transportadora\/\" \/>\n<meta property=\"og:locale\" content=\"es_ES\" \/>\n<meta property=\"og:type\" content=\"article\" \/>\n<meta property=\"og:title\" content=\"Belt Conveyor\" \/>\n<meta property=\"og:description\" content=\"Belt conveyor is designed for efficient material handling in recycling and waste processing lines.\" \/>\n<meta property=\"og:url\" content=\"https:\/\/www.fanterecycling.com\/es\/producto\/cinta-transportadora\/\" \/>\n<meta property=\"og:site_name\" content=\"Waste Recycling Equipment | Industrial Shredders &amp; Waste Recycling Solutions\" \/>\n<meta property=\"article:publisher\" content=\"https:\/\/www.facebook.com\/fanterecyclingmachinery\/\" \/>\n<meta property=\"article:modified_time\" content=\"2026-04-08T06:50:35+00:00\" \/>\n<meta property=\"og:image\" content=\"https:\/\/www.fanterecycling.com\/wp-content\/uploads\/2024\/12\/Belt-Conveyor.jpg\" \/>\n\t<meta property=\"og:image:width\" content=\"1080\" \/>\n\t<meta property=\"og:image:height\" content=\"1080\" \/>\n\t<meta property=\"og:image:type\" content=\"image\/jpeg\" \/>\n<meta name=\"twitter:card\" content=\"summary_large_image\" \/>\n<meta name=\"twitter:label1\" content=\"Tiempo de lectura\" \/>\n\t<meta name=\"twitter:data1\" content=\"2 minutos\" \/>\n<script type=\"application\/ld+json\" class=\"yoast-schema-graph\">{\"@context\":\"https:\\\/\\\/schema.org\",\"@graph\":[{\"@type\":\"WebPage\",\"@id\":\"https:\\\/\\\/www.fanterecycling.com\\\/product\\\/belt-conveyor\\\/\",\"url\":\"https:\\\/\\\/www.fanterecycling.com\\\/product\\\/belt-conveyor\\\/\",\"name\":\"Belt Conveyor | Solid Waste Machine | Waste Recycling\",\"isPartOf\":{\"@id\":\"https:\\\/\\\/www.fanterecycling.com\\\/#website\"},\"primaryImageOfPage\":{\"@id\":\"https:\\\/\\\/www.fanterecycling.com\\\/product\\\/belt-conveyor\\\/#primaryimage\"},\"image\":{\"@id\":\"https:\\\/\\\/www.fanterecycling.com\\\/product\\\/belt-conveyor\\\/#primaryimage\"},\"thumbnailUrl\":\"https:\\\/\\\/www.fanterecycling.com\\\/wp-content\\\/uploads\\\/2024\\\/12\\\/Belt-Conveyor.jpg\",\"datePublished\":\"2024-12-13T05:31:04+00:00\",\"dateModified\":\"2026-04-08T06:50:35+00:00\",\"description\":\"Belt conveyor is designed for efficient material handling in recycling and waste processing lines.\",\"breadcrumb\":{\"@id\":\"https:\\\/\\\/www.fanterecycling.com\\\/product\\\/belt-conveyor\\\/#breadcrumb\"},\"inLanguage\":\"es\",\"potentialAction\":[{\"@type\":\"ReadAction\",\"target\":[\"https:\\\/\\\/www.fanterecycling.com\\\/product\\\/belt-conveyor\\\/\"]}]},{\"@type\":\"ImageObject\",\"inLanguage\":\"es\",\"@id\":\"https:\\\/\\\/www.fanterecycling.com\\\/product\\\/belt-conveyor\\\/#primaryimage\",\"url\":\"https:\\\/\\\/www.fanterecycling.com\\\/wp-content\\\/uploads\\\/2024\\\/12\\\/Belt-Conveyor.jpg\",\"contentUrl\":\"https:\\\/\\\/www.fanterecycling.com\\\/wp-content\\\/uploads\\\/2024\\\/12\\\/Belt-Conveyor.jpg\",\"width\":1080,\"height\":1080,\"caption\":\"Fante Belt Conveyor is designed for efficient material handling in recycling and waste processing lines.\"},{\"@type\":\"BreadcrumbList\",\"@id\":\"https:\\\/\\\/www.fanterecycling.com\\\/product\\\/belt-conveyor\\\/#breadcrumb\",\"itemListElement\":[{\"@type\":\"ListItem\",\"position\":1,\"name\":\"Home\",\"item\":\"https:\\\/\\\/www.fanterecycling.com\\\/\"},{\"@type\":\"ListItem\",\"position\":2,\"name\":\"Products\",\"item\":\"https:\\\/\\\/www.fanterecycling.com\\\/shop\\\/\"},{\"@type\":\"ListItem\",\"position\":3,\"name\":\"Auxiliary Equipment\",\"item\":\"https:\\\/\\\/www.fanterecycling.com\\\/product-category\\\/auxiliary-equipment\\\/\"},{\"@type\":\"ListItem\",\"position\":4,\"name\":\"Belt Conveyor\"}]},{\"@type\":\"WebSite\",\"@id\":\"https:\\\/\\\/www.fanterecycling.com\\\/#website\",\"url\":\"https:\\\/\\\/www.fanterecycling.com\\\/\",\"name\":\"Tire Shredder and Metal Shredder Manufacturer from China - Fante\",\"description\":\"Advanced Recycling Machines for Tires, Metals, E-Waste, and Cables\",\"publisher\":{\"@id\":\"https:\\\/\\\/www.fanterecycling.com\\\/#organization\"},\"alternateName\":\"Shredder Manufacturer\",\"potentialAction\":[{\"@type\":\"SearchAction\",\"target\":{\"@type\":\"EntryPoint\",\"urlTemplate\":\"https:\\\/\\\/www.fanterecycling.com\\\/?s={search_term_string}\"},\"query-input\":{\"@type\":\"PropertyValueSpecification\",\"valueRequired\":true,\"valueName\":\"search_term_string\"}}],\"inLanguage\":\"es\"},{\"@type\":\"Organization\",\"@id\":\"https:\\\/\\\/www.fanterecycling.com\\\/#organization\",\"name\":\"Tire Shredder and Metal Shredder Manufacturer from China - Fante\",\"alternateName\":\"Fante Machinery\",\"url\":\"https:\\\/\\\/www.fanterecycling.com\\\/\",\"logo\":{\"@type\":\"ImageObject\",\"inLanguage\":\"es\",\"@id\":\"https:\\\/\\\/www.fanterecycling.com\\\/#\\\/schema\\\/logo\\\/image\\\/\",\"url\":\"https:\\\/\\\/www.fanterecycling.com\\\/wp-content\\\/uploads\\\/2023\\\/12\\\/logo3.png\",\"contentUrl\":\"https:\\\/\\\/www.fanterecycling.com\\\/wp-content\\\/uploads\\\/2023\\\/12\\\/logo3.png\",\"width\":150,\"height\":59,\"caption\":\"Tire Shredder and Metal Shredder Manufacturer from China - Fante\"},\"image\":{\"@id\":\"https:\\\/\\\/www.fanterecycling.com\\\/#\\\/schema\\\/logo\\\/image\\\/\"},\"sameAs\":[\"https:\\\/\\\/www.facebook.com\\\/fanterecyclingmachinery\\\/\",\"https:\\\/\\\/www.youtube.com\\\/@fanterecyclingmachinery\",\"https:\\\/\\\/api.whatsapp.com\\\/send?phone=8613770963575\"]}]}<\/script>\n<!-- \/ Yoast SEO Premium plugin. -->","yoast_head_json":{"title":"Transportador de cinta | M\u00e1quina de residuos s\u00f3lidos | Reciclaje de residuos","description":"El transportador de cinta est\u00e1 dise\u00f1ado para la manipulaci\u00f3n eficaz de materiales en l\u00edneas de reciclaje y tratamiento de residuos.","robots":{"index":"index","follow":"follow","max-snippet":"max-snippet:-1","max-image-preview":"max-image-preview:large","max-video-preview":"max-video-preview:-1"},"canonical":"https:\/\/www.fanterecycling.com\/es\/producto\/cinta-transportadora\/","og_locale":"es_ES","og_type":"article","og_title":"Belt Conveyor","og_description":"Belt conveyor is designed for efficient material handling in recycling and waste processing lines.","og_url":"https:\/\/www.fanterecycling.com\/es\/producto\/cinta-transportadora\/","og_site_name":"Waste Recycling Equipment | Industrial Shredders &amp; Waste Recycling Solutions","article_publisher":"https:\/\/www.facebook.com\/fanterecyclingmachinery\/","article_modified_time":"2026-04-08T06:50:35+00:00","og_image":[{"width":1080,"height":1080,"url":"https:\/\/www.fanterecycling.com\/wp-content\/uploads\/2024\/12\/Belt-Conveyor.jpg","type":"image\/jpeg"}],"twitter_card":"summary_large_image","twitter_misc":{"Tiempo de lectura":"2 minutos"},"schema":{"@context":"https:\/\/schema.org","@graph":[{"@type":"WebPage","@id":"https:\/\/www.fanterecycling.com\/product\/belt-conveyor\/","url":"https:\/\/www.fanterecycling.com\/product\/belt-conveyor\/","name":"Transportador de cinta | M\u00e1quina de residuos s\u00f3lidos | Reciclaje de residuos","isPartOf":{"@id":"https:\/\/www.fanterecycling.com\/#website"},"primaryImageOfPage":{"@id":"https:\/\/www.fanterecycling.com\/product\/belt-conveyor\/#primaryimage"},"image":{"@id":"https:\/\/www.fanterecycling.com\/product\/belt-conveyor\/#primaryimage"},"thumbnailUrl":"https:\/\/www.fanterecycling.com\/wp-content\/uploads\/2024\/12\/Belt-Conveyor.jpg","datePublished":"2024-12-13T05:31:04+00:00","dateModified":"2026-04-08T06:50:35+00:00","description":"El transportador de cinta est\u00e1 dise\u00f1ado para la manipulaci\u00f3n eficaz de materiales en l\u00edneas de reciclaje y tratamiento de residuos.","breadcrumb":{"@id":"https:\/\/www.fanterecycling.com\/product\/belt-conveyor\/#breadcrumb"},"inLanguage":"es","potentialAction":[{"@type":"ReadAction","target":["https:\/\/www.fanterecycling.com\/product\/belt-conveyor\/"]}]},{"@type":"ImageObject","inLanguage":"es","@id":"https:\/\/www.fanterecycling.com\/product\/belt-conveyor\/#primaryimage","url":"https:\/\/www.fanterecycling.com\/wp-content\/uploads\/2024\/12\/Belt-Conveyor.jpg","contentUrl":"https:\/\/www.fanterecycling.com\/wp-content\/uploads\/2024\/12\/Belt-Conveyor.jpg","width":1080,"height":1080,"caption":"Fante Belt Conveyor is designed for efficient material handling in recycling and waste processing lines."},{"@type":"BreadcrumbList","@id":"https:\/\/www.fanterecycling.com\/product\/belt-conveyor\/#breadcrumb","itemListElement":[{"@type":"ListItem","position":1,"name":"Home","item":"https:\/\/www.fanterecycling.com\/"},{"@type":"ListItem","position":2,"name":"Products","item":"https:\/\/www.fanterecycling.com\/shop\/"},{"@type":"ListItem","position":3,"name":"Auxiliary Equipment","item":"https:\/\/www.fanterecycling.com\/product-category\/auxiliary-equipment\/"},{"@type":"ListItem","position":4,"name":"Belt Conveyor"}]},{"@type":"WebSite","@id":"https:\/\/www.fanterecycling.com\/#website","url":"https:\/\/www.fanterecycling.com\/","name":"Trituradora de neum\u00e1ticos y trituradora de metal Fabricante de China - Fante","description":"Advanced Recycling Machines for Tires, Metals, E-Waste, and Cables","publisher":{"@id":"https:\/\/www.fanterecycling.com\/#organization"},"alternateName":"Shredder Manufacturer","potentialAction":[{"@type":"SearchAction","target":{"@type":"EntryPoint","urlTemplate":"https:\/\/www.fanterecycling.com\/?s={search_term_string}"},"query-input":{"@type":"PropertyValueSpecification","valueRequired":true,"valueName":"search_term_string"}}],"inLanguage":"es"},{"@type":"Organization","@id":"https:\/\/www.fanterecycling.com\/#organization","name":"Trituradora de neum\u00e1ticos y trituradora de metal Fabricante de China - Fante","alternateName":"Fante Machinery","url":"https:\/\/www.fanterecycling.com\/","logo":{"@type":"ImageObject","inLanguage":"es","@id":"https:\/\/www.fanterecycling.com\/#\/schema\/logo\/image\/","url":"https:\/\/www.fanterecycling.com\/wp-content\/uploads\/2023\/12\/logo3.png","contentUrl":"https:\/\/www.fanterecycling.com\/wp-content\/uploads\/2023\/12\/logo3.png","width":150,"height":59,"caption":"Tire Shredder and Metal Shredder Manufacturer from China - Fante"},"image":{"@id":"https:\/\/www.fanterecycling.com\/#\/schema\/logo\/image\/"},"sameAs":["https:\/\/www.facebook.com\/fanterecyclingmachinery\/","https:\/\/www.youtube.com\/@fanterecyclingmachinery","https:\/\/api.whatsapp.com\/send?phone=8613770963575"]}]}},"_links":{"self":[{"href":"https:\/\/www.fanterecycling.com\/es\/wp-json\/wp\/v2\/product\/9985","targetHints":{"allow":["GET"]}}],"collection":[{"href":"https:\/\/www.fanterecycling.com\/es\/wp-json\/wp\/v2\/product"}],"about":[{"href":"https:\/\/www.fanterecycling.com\/es\/wp-json\/wp\/v2\/types\/product"}],"replies":[{"embeddable":true,"href":"https:\/\/www.fanterecycling.com\/es\/wp-json\/wp\/v2\/comments?post=9985"}],"wp:featuredmedia":[{"embeddable":true,"href":"https:\/\/www.fanterecycling.com\/es\/wp-json\/wp\/v2\/media\/9986"}],"wp:attachment":[{"href":"https:\/\/www.fanterecycling.com\/es\/wp-json\/wp\/v2\/media?parent=9985"}],"wp:term":[{"taxonomy":"product_brand","embeddable":true,"href":"https:\/\/www.fanterecycling.com\/es\/wp-json\/wp\/v2\/product_brand?post=9985"},{"taxonomy":"product_cat","embeddable":true,"href":"https:\/\/www.fanterecycling.com\/es\/wp-json\/wp\/v2\/product_cat?post=9985"},{"taxonomy":"product_tag","embeddable":true,"href":"https:\/\/www.fanterecycling.com\/es\/wp-json\/wp\/v2\/product_tag?post=9985"}],"curies":[{"name":"wp","href":"https:\/\/api.w.org\/{rel}","templated":true}]}}