{"id":9975,"date":"2024-12-13T13:22:03","date_gmt":"2024-12-13T05:22:03","guid":{"rendered":"https:\/\/fanterecycling.com\/?post_type=product&#038;p=9975"},"modified":"2026-04-08T15:35:27","modified_gmt":"2026-04-08T07:35:27","slug":"magnetic-separator","status":"publish","type":"product","link":"https:\/\/www.fanterecycling.com\/es\/producto\/separador-magnetico\/","title":{"rendered":"Separador magn\u00e9tico"},"content":{"rendered":"<h2 id=\"efficient-and-reliable-material-separation-solution\"><span style=\"font-size: 14pt;\"><strong><span class=\"ne-text\">Soluci\u00f3n de separaci\u00f3n de materiales eficaz y fiable<\/span><\/strong><\/span><\/h2>\n<p id=\"u649bcb44\" class=\"ne-p\">El separador magn\u00e9tico es un componente crucial de nuestra l\u00ednea de reciclaje de neum\u00e1ticos usados, dise\u00f1ado espec\u00edficamente para eliminar los alambres de acero de los gr\u00e1nulos de caucho con gran eficacia. La utilizaci\u00f3n de un potente campo magn\u00e9tico garantiza la separaci\u00f3n completa de los materiales ferrosos, mejorando as\u00ed la pureza del producto final de caucho. Esto no s\u00f3lo mejora la calidad del caucho reciclado, sino que tambi\u00e9n protege los equipos posteriores de posibles da\u00f1os causados por la contaminaci\u00f3n met\u00e1lica. Construido para un funcionamiento continuo, el separador magn\u00e9tico ofrece un rendimiento fiable y un bajo mantenimiento, lo que lo convierte en una parte esencial de cualquier sistema de reciclaje de neum\u00e1ticos.<\/p>\n<h4 style=\"text-align: center;\"><iframe src=\"\/\/www.youtube.com\/embed\/OXRAV4WmAuk\" width=\"1120\" height=\"628\" allowfullscreen=\"allowfullscreen\"><\/iframe><\/h4>\n<h2 id=\"product-advantages\"><span style=\"font-size: 14pt;\"><strong><span class=\"ne-text\">Ventajas del producto<\/span><\/strong><\/span><\/h2>\n<ul style=\"list-style-type: disc;\">\n<li><strong><span class=\"ne-text\">Enhanced Safety &#8211; <\/span><\/strong>La m\u00e1quina est\u00e1 equipada con s\u00f3lidos dispositivos de seguridad para garantizar un funcionamiento seguro y evitar accidentes.<\/li>\n<li><strong><span class=\"ne-text\">Effective Dust Control &#8211; <\/span><\/strong>Los sistemas integrados de supresi\u00f3n de polvo mantienen un espacio de trabajo limpio y respetuoso con el medio ambiente.<\/li>\n<li><strong><span class=\"ne-text\">Low Noise Operation &#8211; <\/span><\/strong>La ingenier\u00eda avanzada minimiza los niveles de ruido, creando un entorno de trabajo m\u00e1s silencioso y confortable.<\/li>\n<li><strong style=\"font-size: 16px;\"><span class=\"ne-text\">High Wear Resistance &#8211; <\/span><\/strong><span class=\"ne-text\" style=\"font-size: 16px;\">Fabricada con materiales duraderos y resistentes al desgaste, la m\u00e1quina garantiza una larga vida \u00fatil con un mantenimiento m\u00ednimo.<\/span><\/li>\n<\/ul>\n<h2 id=\"product-features\"><span style=\"font-size: 14pt;\"><strong><span class=\"ne-text\">Caracter\u00edsticas<\/span><\/strong><\/span><\/h2>\n<ul>\n<li style=\"text-align: left;\"><strong><span class=\"ne-text\">Alta eficacia de separaci\u00f3n<\/span><\/strong><\/li>\n<\/ul>\n<p style=\"text-align: left;\"><span class=\"ne-text\">Los potentes sistemas magn\u00e9ticos garantizan una separaci\u00f3n precisa de los materiales ferrosos de los residuos no met\u00e1licos, lo que mejora los resultados del reciclaje.<\/span><\/p>\n<ul style=\"text-align: left;\">\n<li><strong><span class=\"ne-text\">Opciones personalizables<\/span><\/strong><\/li>\n<\/ul>\n<p style=\"text-align: left;\"><span class=\"ne-text\">Disponibles en diferentes tama\u00f1os y configuraciones para adaptarse a las distintas necesidades de procesamiento.<\/span><\/p>\n<ul style=\"text-align: left;\">\n<li><strong><span class=\"ne-text\">Dise\u00f1o duradero<\/span><\/strong><\/li>\n<\/ul>\n<p style=\"text-align: left;\"><span class=\"ne-text\">Dise\u00f1adas para un funcionamiento continuo en condiciones exigentes, con un desgaste m\u00ednimo.<\/span><\/p>\n<ul style=\"text-align: left;\">\n<li><strong><span class=\"ne-text\">Funcionamiento sencillo<\/span><\/strong><\/li>\n<\/ul>\n<p style=\"text-align: left;\"><span class=\"ne-text\">La sencillez de los controles y la facilidad de mantenimiento hacen que la m\u00e1quina sea ideal tanto para operaciones a peque\u00f1a como a gran escala.<\/span><\/p>\n<ul style=\"text-align: left;\">\n<li><strong><span class=\"ne-text\">Cumplimiento de la normativa medioambiental<\/span><\/strong><\/li>\n<\/ul>\n<p style=\"text-align: left;\"><span class=\"ne-text\">Dise\u00f1ada con componentes energ\u00e9ticamente eficientes y medidas de control del polvo, cumple las normas medioambientales modernas.<\/span><\/p>\n<h2><span style=\"font-size: 14pt;\">Im\u00e1genes reales del producto<\/span><\/h2>\n<p><img decoding=\"async\" class=\"aligncenter wp-image-12505 size-large\" src=\"https:\/\/fanterecycling.com\/wp-content\/uploads\/2024\/12\/FTMS-magnetic-separator-photo-1024x680.jpg\" alt=\"El separador magn\u00e9tico es un componente crucial de nuestra l\u00ednea de reciclaje de neum\u00e1ticos usados, dise\u00f1ado espec\u00edficamente para eliminar con gran eficacia los alambres de acero de los gr\u00e1nulos de caucho.\" width=\"1024\" height=\"680\" srcset=\"https:\/\/www.fanterecycling.com\/wp-content\/uploads\/2024\/12\/FTMS-magnetic-separator-photo-1024x680.jpg 1024w, https:\/\/www.fanterecycling.com\/wp-content\/uploads\/2024\/12\/FTMS-magnetic-separator-photo-300x199.jpg 300w, https:\/\/www.fanterecycling.com\/wp-content\/uploads\/2024\/12\/FTMS-magnetic-separator-photo-768x510.jpg 768w, https:\/\/www.fanterecycling.com\/wp-content\/uploads\/2024\/12\/FTMS-magnetic-separator-photo-1536x1020.jpg 1536w, https:\/\/www.fanterecycling.com\/wp-content\/uploads\/2024\/12\/FTMS-magnetic-separator-photo-2048x1359.jpg 2048w, https:\/\/www.fanterecycling.com\/wp-content\/uploads\/2024\/12\/FTMS-magnetic-separator-photo-600x398.jpg 600w\" sizes=\"(max-width: 1024px) 100vw, 1024px\" \/><\/p>\n<h2><span style=\"font-size: 14pt;\">Recommended Equipment<\/span><\/h2>\n<table style=\"width: 100%; border-collapse: collapse; border-style: none;\">\n<tbody>\n<tr>\n<td style=\"width: 33.3333%; border-style: none;\"><a href=\"https:\/\/www.fanterecycling.com\/es\/producto\/trituradora-de-gran-potencia\/\"><img decoding=\"async\" class=\"alignnone wp-image-9905 size-medium\" src=\"https:\/\/www.fanterecycling.com\/wp-content\/uploads\/2023\/12\/Large-Planetary-Shredder-300x300.jpg\" alt=\"Trituradora de gran capacidad para el reciclaje de metales, pl\u00e1sticos, residuos electr\u00f3nicos y neum\u00e1ticos\" width=\"300\" height=\"300\" srcset=\"https:\/\/www.fanterecycling.com\/wp-content\/uploads\/2023\/12\/Large-Planetary-Shredder-300x300.jpg 300w, https:\/\/www.fanterecycling.com\/wp-content\/uploads\/2023\/12\/Large-Planetary-Shredder-1024x1024.jpg 1024w, https:\/\/www.fanterecycling.com\/wp-content\/uploads\/2023\/12\/Large-Planetary-Shredder-150x150.jpg 150w, https:\/\/www.fanterecycling.com\/wp-content\/uploads\/2023\/12\/Large-Planetary-Shredder-768x768.jpg 768w, https:\/\/www.fanterecycling.com\/wp-content\/uploads\/2023\/12\/Large-Planetary-Shredder-600x600.jpg 600w, https:\/\/www.fanterecycling.com\/wp-content\/uploads\/2023\/12\/Large-Planetary-Shredder-100x100.jpg 100w, https:\/\/www.fanterecycling.com\/wp-content\/uploads\/2023\/12\/Large-Planetary-Shredder.jpg 1080w\" sizes=\"(max-width: 300px) 100vw, 300px\" \/><\/a><\/p>\n<p style=\"text-align: center;\"><span style=\"color: #4a8e63;\"><a style=\"color: #4a8e63;\" href=\"https:\/\/www.fanterecycling.com\/es\/producto\/trituradora-de-gran-potencia\/\"><strong>Heavy Duty\u00a0 Shredder<\/strong><\/a><\/span><\/p>\n<\/td>\n<td style=\"width: 33.3333%; border-style: none;\">\n<p style=\"text-align: center;\"><a href=\"https:\/\/www.fanterecycling.com\/es\/producto\/trituradora-de-doble-eje\/\"><img decoding=\"async\" class=\"wp-image-9906 size-medium alignnone\" src=\"https:\/\/www.fanterecycling.com\/wp-content\/uploads\/2023\/12\/Double-Shaft-Shredder-300x300.jpg\" alt=\"Trituradora de doble eje para triturar pl\u00e1stico, metal, carcasas de autom\u00f3viles, neum\u00e1ticos, residuos electr\u00f3nicos y madera\" width=\"300\" height=\"300\" srcset=\"https:\/\/www.fanterecycling.com\/wp-content\/uploads\/2023\/12\/Double-Shaft-Shredder-300x300.jpg 300w, https:\/\/www.fanterecycling.com\/wp-content\/uploads\/2023\/12\/Double-Shaft-Shredder-1024x1024.jpg 1024w, https:\/\/www.fanterecycling.com\/wp-content\/uploads\/2023\/12\/Double-Shaft-Shredder-150x150.jpg 150w, https:\/\/www.fanterecycling.com\/wp-content\/uploads\/2023\/12\/Double-Shaft-Shredder-768x768.jpg 768w, https:\/\/www.fanterecycling.com\/wp-content\/uploads\/2023\/12\/Double-Shaft-Shredder-600x600.jpg 600w, https:\/\/www.fanterecycling.com\/wp-content\/uploads\/2023\/12\/Double-Shaft-Shredder-100x100.jpg 100w, https:\/\/www.fanterecycling.com\/wp-content\/uploads\/2023\/12\/Double-Shaft-Shredder.jpg 1080w\" sizes=\"(max-width: 300px) 100vw, 300px\" \/><\/a><\/p>\n<p style=\"text-align: center;\"><span style=\"color: #4a8e63;\"><a style=\"color: #4a8e63;\" href=\"https:\/\/www.fanterecycling.com\/es\/producto\/trituradora-de-doble-eje\/\"><strong>Trituradora de doble eje<\/strong><\/a><\/span><\/p>\n<\/td>\n<td style=\"width: 33.3333%; border-style: none;\"><a href=\"https:\/\/www.fanterecycling.com\/es\/producto\/separador-de-alambre-de-acero-para-neumaticos\/\"><img decoding=\"async\" class=\"wp-image-9974 size-medium alignnone\" src=\"https:\/\/www.fanterecycling.com\/wp-content\/uploads\/2024\/12\/Rasper-300x300.jpg\" alt=\"Las raspadoras de neum\u00e1ticos est\u00e1n especialmente dise\u00f1adas para el reciclaje de neum\u00e1ticos usados y pueden separar eficazmente el alambre de acero y el caucho.\" width=\"300\" height=\"300\" srcset=\"https:\/\/www.fanterecycling.com\/wp-content\/uploads\/2024\/12\/Rasper-300x300.jpg 300w, https:\/\/www.fanterecycling.com\/wp-content\/uploads\/2024\/12\/Rasper-1024x1024.jpg 1024w, https:\/\/www.fanterecycling.com\/wp-content\/uploads\/2024\/12\/Rasper-150x150.jpg 150w, https:\/\/www.fanterecycling.com\/wp-content\/uploads\/2024\/12\/Rasper-768x768.jpg 768w, https:\/\/www.fanterecycling.com\/wp-content\/uploads\/2024\/12\/Rasper-600x600.jpg 600w, https:\/\/www.fanterecycling.com\/wp-content\/uploads\/2024\/12\/Rasper-100x100.jpg 100w, https:\/\/www.fanterecycling.com\/wp-content\/uploads\/2024\/12\/Rasper.jpg 1080w\" sizes=\"(max-width: 300px) 100vw, 300px\" \/><\/a><\/p>\n<p style=\"text-align: center;\"><span style=\"color: #4a8e63;\"><a style=\"color: #4a8e63;\" href=\"https:\/\/www.fanterecycling.com\/es\/producto\/separador-de-alambre-de-acero-para-neumaticos\/\"><strong>Raspador<\/strong><\/a><\/span><\/p>\n<\/td>\n<\/tr>\n<\/tbody>\n<\/table>","protected":false},"excerpt":{"rendered":"<h1><span style=\"font-size: 14pt;\">Separador magn\u00e9tico<\/span><\/h1>\n<p>&nbsp;<\/p>\n<h6>Modelo de producto: FTMS<\/h6>\n<p>&nbsp;<\/p>\n<h6>Tipo: Equipo de clasificaci\u00f3n<\/h6>\n<p>&nbsp;<\/p>\n<h6>Material: Proporcionar servicios personalizados, una variedad de materiales para elegir.<\/h6>\n<p>&nbsp;<\/p>\n<h6>Color: Servicio personalizado disponible<\/h6>\n<p>&nbsp;<\/p>\n<h6>Marca: Fante<\/h6>","protected":false},"featured_media":9976,"comment_status":"closed","ping_status":"closed","template":"","meta":{"site-sidebar-layout":"default","site-content-layout":"","ast-site-content-layout":"default","site-content-style":"default","site-sidebar-style":"default","ast-global-header-display":"","ast-banner-title-visibility":"","ast-main-header-display":"","ast-hfb-above-header-display":"","ast-hfb-below-header-display":"","ast-hfb-mobile-header-display":"","site-post-title":"","ast-breadcrumbs-content":"","ast-featured-img":"","footer-sml-layout":"","ast-disable-related-posts":"","theme-transparent-header-meta":"default","adv-header-id-meta":"","stick-header-meta":"","header-above-stick-meta":"","header-main-stick-meta":"","header-below-stick-meta":"","astra-migrate-meta-layouts":"set","ast-page-background-enabled":"default","ast-page-background-meta":{"desktop":{"background-color":"var(--ast-global-color-4)","background-image":"","background-repeat":"repeat","background-position":"center center","background-size":"auto","background-attachment":"scroll","background-type":"","background-media":"","overlay-type":"","overlay-color":"","overlay-opacity":"","overlay-gradient":""},"tablet":{"background-color":"","background-image":"","background-repeat":"repeat","background-position":"center center","background-size":"auto","background-attachment":"scroll","background-type":"","background-media":"","overlay-type":"","overlay-color":"","overlay-opacity":"","overlay-gradient":""},"mobile":{"background-color":"","background-image":"","background-repeat":"repeat","background-position":"center center","background-size":"auto","background-attachment":"scroll","background-type":"","background-media":"","overlay-type":"","overlay-color":"","overlay-opacity":"","overlay-gradient":""}},"ast-content-background-meta":{"desktop":{"background-color":"var(--ast-global-color-5)","background-image":"","background-repeat":"repeat","background-position":"center center","background-size":"auto","background-attachment":"scroll","background-type":"","background-media":"","overlay-type":"","overlay-color":"","overlay-opacity":"","overlay-gradient":""},"tablet":{"background-color":"var(--ast-global-color-5)","background-image":"","background-repeat":"repeat","background-position":"center center","background-size":"auto","background-attachment":"scroll","background-type":"","background-media":"","overlay-type":"","overlay-color":"","overlay-opacity":"","overlay-gradient":""},"mobile":{"background-color":"var(--ast-global-color-5)","background-image":"","background-repeat":"repeat","background-position":"center center","background-size":"auto","background-attachment":"scroll","background-type":"","background-media":"","overlay-type":"","overlay-color":"","overlay-opacity":"","overlay-gradient":""}}},"product_brand":[],"product_cat":[132],"product_tag":[],"class_list":{"0":"post-9975","1":"product","2":"type-product","3":"status-publish","4":"has-post-thumbnail","6":"product_cat-separator-equipment","7":"desktop-align-left","8":"tablet-align-left","9":"mobile-align-left","11":"first","12":"instock","13":"shipping-taxable","14":"purchasable","15":"product-type-simple"},"yoast_head":"<!-- This site is optimized with the Yoast SEO Premium plugin v27.5 (Yoast SEO v27.6) - https:\/\/yoast.com\/product\/yoast-seo-premium-wordpress\/ -->\n<title>Magnetic Separator | Waste Tire Recycling | Steel Wire Separate<\/title>\n<meta name=\"description\" content=\"Magnetic separator are specially used to remove steel wire from rubber particles in waste tire recycling system.\" \/>\n<meta name=\"robots\" content=\"index, follow, max-snippet:-1, max-image-preview:large, max-video-preview:-1\" \/>\n<link rel=\"canonical\" href=\"https:\/\/www.fanterecycling.com\/es\/producto\/separador-magnetico\/\" \/>\n<meta property=\"og:locale\" content=\"es_ES\" \/>\n<meta property=\"og:type\" content=\"article\" \/>\n<meta property=\"og:title\" content=\"Magnetic Separator\" \/>\n<meta property=\"og:description\" content=\"Magnetic separator are specially used to remove steel wire from rubber particles in waste tire recycling system.\" \/>\n<meta property=\"og:url\" content=\"https:\/\/www.fanterecycling.com\/es\/producto\/separador-magnetico\/\" \/>\n<meta property=\"og:site_name\" content=\"Waste Recycling Equipment | Industrial Shredders &amp; Waste Recycling Solutions\" \/>\n<meta property=\"article:publisher\" content=\"https:\/\/www.facebook.com\/fanterecyclingmachinery\/\" \/>\n<meta property=\"article:modified_time\" content=\"2026-04-08T07:35:27+00:00\" \/>\n<meta property=\"og:image\" content=\"https:\/\/www.fanterecycling.com\/wp-content\/uploads\/2024\/12\/Magnetic-Separator.jpg\" \/>\n\t<meta property=\"og:image:width\" content=\"1080\" \/>\n\t<meta property=\"og:image:height\" content=\"1080\" \/>\n\t<meta property=\"og:image:type\" content=\"image\/jpeg\" \/>\n<meta name=\"twitter:card\" content=\"summary_large_image\" \/>\n<meta name=\"twitter:label1\" content=\"Tiempo de lectura\" \/>\n\t<meta name=\"twitter:data1\" content=\"3 minutos\" \/>\n<script type=\"application\/ld+json\" class=\"yoast-schema-graph\">{\"@context\":\"https:\\\/\\\/schema.org\",\"@graph\":[{\"@type\":\"WebPage\",\"@id\":\"https:\\\/\\\/www.fanterecycling.com\\\/product\\\/magnetic-separator\\\/\",\"url\":\"https:\\\/\\\/www.fanterecycling.com\\\/product\\\/magnetic-separator\\\/\",\"name\":\"Magnetic Separator | Waste Tire Recycling | Steel Wire Separate\",\"isPartOf\":{\"@id\":\"https:\\\/\\\/www.fanterecycling.com\\\/#website\"},\"primaryImageOfPage\":{\"@id\":\"https:\\\/\\\/www.fanterecycling.com\\\/product\\\/magnetic-separator\\\/#primaryimage\"},\"image\":{\"@id\":\"https:\\\/\\\/www.fanterecycling.com\\\/product\\\/magnetic-separator\\\/#primaryimage\"},\"thumbnailUrl\":\"https:\\\/\\\/www.fanterecycling.com\\\/wp-content\\\/uploads\\\/2024\\\/12\\\/Magnetic-Separator.jpg\",\"datePublished\":\"2024-12-13T05:22:03+00:00\",\"dateModified\":\"2026-04-08T07:35:27+00:00\",\"description\":\"Magnetic separator are specially used to remove steel wire from rubber particles in waste tire recycling system.\",\"breadcrumb\":{\"@id\":\"https:\\\/\\\/www.fanterecycling.com\\\/product\\\/magnetic-separator\\\/#breadcrumb\"},\"inLanguage\":\"es\",\"potentialAction\":[{\"@type\":\"ReadAction\",\"target\":[\"https:\\\/\\\/www.fanterecycling.com\\\/product\\\/magnetic-separator\\\/\"]}]},{\"@type\":\"ImageObject\",\"inLanguage\":\"es\",\"@id\":\"https:\\\/\\\/www.fanterecycling.com\\\/product\\\/magnetic-separator\\\/#primaryimage\",\"url\":\"https:\\\/\\\/www.fanterecycling.com\\\/wp-content\\\/uploads\\\/2024\\\/12\\\/Magnetic-Separator.jpg\",\"contentUrl\":\"https:\\\/\\\/www.fanterecycling.com\\\/wp-content\\\/uploads\\\/2024\\\/12\\\/Magnetic-Separator.jpg\",\"width\":1080,\"height\":1080,\"caption\":\"The magnetic separator is a crucial component in our waste tire recycling line, specifically designed to remove steel wires from rubber granules with high efficiency.\"},{\"@type\":\"BreadcrumbList\",\"@id\":\"https:\\\/\\\/www.fanterecycling.com\\\/product\\\/magnetic-separator\\\/#breadcrumb\",\"itemListElement\":[{\"@type\":\"ListItem\",\"position\":1,\"name\":\"Home\",\"item\":\"https:\\\/\\\/www.fanterecycling.com\\\/\"},{\"@type\":\"ListItem\",\"position\":2,\"name\":\"Products\",\"item\":\"https:\\\/\\\/www.fanterecycling.com\\\/shop\\\/\"},{\"@type\":\"ListItem\",\"position\":3,\"name\":\"Separator Equipment\",\"item\":\"https:\\\/\\\/www.fanterecycling.com\\\/product-category\\\/separator-equipment\\\/\"},{\"@type\":\"ListItem\",\"position\":4,\"name\":\"Magnetic Separator\"}]},{\"@type\":\"WebSite\",\"@id\":\"https:\\\/\\\/www.fanterecycling.com\\\/#website\",\"url\":\"https:\\\/\\\/www.fanterecycling.com\\\/\",\"name\":\"Tire Shredder and Metal Shredder Manufacturer from China - Fante\",\"description\":\"Advanced Recycling Machines for Tires, Metals, E-Waste, and Cables\",\"publisher\":{\"@id\":\"https:\\\/\\\/www.fanterecycling.com\\\/#organization\"},\"alternateName\":\"Shredder Manufacturer\",\"potentialAction\":[{\"@type\":\"SearchAction\",\"target\":{\"@type\":\"EntryPoint\",\"urlTemplate\":\"https:\\\/\\\/www.fanterecycling.com\\\/?s={search_term_string}\"},\"query-input\":{\"@type\":\"PropertyValueSpecification\",\"valueRequired\":true,\"valueName\":\"search_term_string\"}}],\"inLanguage\":\"es\"},{\"@type\":\"Organization\",\"@id\":\"https:\\\/\\\/www.fanterecycling.com\\\/#organization\",\"name\":\"Tire Shredder and Metal Shredder Manufacturer from China - Fante\",\"alternateName\":\"Fante Machinery\",\"url\":\"https:\\\/\\\/www.fanterecycling.com\\\/\",\"logo\":{\"@type\":\"ImageObject\",\"inLanguage\":\"es\",\"@id\":\"https:\\\/\\\/www.fanterecycling.com\\\/#\\\/schema\\\/logo\\\/image\\\/\",\"url\":\"https:\\\/\\\/www.fanterecycling.com\\\/wp-content\\\/uploads\\\/2023\\\/12\\\/logo3.png\",\"contentUrl\":\"https:\\\/\\\/www.fanterecycling.com\\\/wp-content\\\/uploads\\\/2023\\\/12\\\/logo3.png\",\"width\":150,\"height\":59,\"caption\":\"Tire Shredder and Metal Shredder Manufacturer from China - Fante\"},\"image\":{\"@id\":\"https:\\\/\\\/www.fanterecycling.com\\\/#\\\/schema\\\/logo\\\/image\\\/\"},\"sameAs\":[\"https:\\\/\\\/www.facebook.com\\\/fanterecyclingmachinery\\\/\",\"https:\\\/\\\/www.youtube.com\\\/@fanterecyclingmachinery\",\"https:\\\/\\\/api.whatsapp.com\\\/send?phone=8613770963575\"]}]}<\/script>\n<!-- \/ Yoast SEO Premium plugin. -->","yoast_head_json":{"title":"Separador magn\u00e9tico | Reciclaje de neum\u00e1ticos usados | Separaci\u00f3n de alambre de acero","description":"El separador magn\u00e9tico se utiliza especialmente para eliminar el alambre de acero de las part\u00edculas de caucho en el sistema de reciclaje de neum\u00e1ticos usados.","robots":{"index":"index","follow":"follow","max-snippet":"max-snippet:-1","max-image-preview":"max-image-preview:large","max-video-preview":"max-video-preview:-1"},"canonical":"https:\/\/www.fanterecycling.com\/es\/producto\/separador-magnetico\/","og_locale":"es_ES","og_type":"article","og_title":"Magnetic Separator","og_description":"Magnetic separator are specially used to remove steel wire from rubber particles in waste tire recycling system.","og_url":"https:\/\/www.fanterecycling.com\/es\/producto\/separador-magnetico\/","og_site_name":"Waste Recycling Equipment | Industrial Shredders &amp; Waste Recycling Solutions","article_publisher":"https:\/\/www.facebook.com\/fanterecyclingmachinery\/","article_modified_time":"2026-04-08T07:35:27+00:00","og_image":[{"width":1080,"height":1080,"url":"https:\/\/www.fanterecycling.com\/wp-content\/uploads\/2024\/12\/Magnetic-Separator.jpg","type":"image\/jpeg"}],"twitter_card":"summary_large_image","twitter_misc":{"Tiempo de lectura":"3 minutos"},"schema":{"@context":"https:\/\/schema.org","@graph":[{"@type":"WebPage","@id":"https:\/\/www.fanterecycling.com\/product\/magnetic-separator\/","url":"https:\/\/www.fanterecycling.com\/product\/magnetic-separator\/","name":"Separador magn\u00e9tico | Reciclaje de neum\u00e1ticos usados | Separaci\u00f3n de alambre de acero","isPartOf":{"@id":"https:\/\/www.fanterecycling.com\/#website"},"primaryImageOfPage":{"@id":"https:\/\/www.fanterecycling.com\/product\/magnetic-separator\/#primaryimage"},"image":{"@id":"https:\/\/www.fanterecycling.com\/product\/magnetic-separator\/#primaryimage"},"thumbnailUrl":"https:\/\/www.fanterecycling.com\/wp-content\/uploads\/2024\/12\/Magnetic-Separator.jpg","datePublished":"2024-12-13T05:22:03+00:00","dateModified":"2026-04-08T07:35:27+00:00","description":"El separador magn\u00e9tico se utiliza especialmente para eliminar el alambre de acero de las part\u00edculas de caucho en el sistema de reciclaje de neum\u00e1ticos usados.","breadcrumb":{"@id":"https:\/\/www.fanterecycling.com\/product\/magnetic-separator\/#breadcrumb"},"inLanguage":"es","potentialAction":[{"@type":"ReadAction","target":["https:\/\/www.fanterecycling.com\/product\/magnetic-separator\/"]}]},{"@type":"ImageObject","inLanguage":"es","@id":"https:\/\/www.fanterecycling.com\/product\/magnetic-separator\/#primaryimage","url":"https:\/\/www.fanterecycling.com\/wp-content\/uploads\/2024\/12\/Magnetic-Separator.jpg","contentUrl":"https:\/\/www.fanterecycling.com\/wp-content\/uploads\/2024\/12\/Magnetic-Separator.jpg","width":1080,"height":1080,"caption":"The magnetic separator is a crucial component in our waste tire recycling line, specifically designed to remove steel wires from rubber granules with high efficiency."},{"@type":"BreadcrumbList","@id":"https:\/\/www.fanterecycling.com\/product\/magnetic-separator\/#breadcrumb","itemListElement":[{"@type":"ListItem","position":1,"name":"Home","item":"https:\/\/www.fanterecycling.com\/"},{"@type":"ListItem","position":2,"name":"Products","item":"https:\/\/www.fanterecycling.com\/shop\/"},{"@type":"ListItem","position":3,"name":"Separator Equipment","item":"https:\/\/www.fanterecycling.com\/product-category\/separator-equipment\/"},{"@type":"ListItem","position":4,"name":"Magnetic Separator"}]},{"@type":"WebSite","@id":"https:\/\/www.fanterecycling.com\/#website","url":"https:\/\/www.fanterecycling.com\/","name":"Trituradora de neum\u00e1ticos y trituradora de metal Fabricante de China - Fante","description":"Advanced Recycling Machines for Tires, Metals, E-Waste, and Cables","publisher":{"@id":"https:\/\/www.fanterecycling.com\/#organization"},"alternateName":"Shredder Manufacturer","potentialAction":[{"@type":"SearchAction","target":{"@type":"EntryPoint","urlTemplate":"https:\/\/www.fanterecycling.com\/?s={search_term_string}"},"query-input":{"@type":"PropertyValueSpecification","valueRequired":true,"valueName":"search_term_string"}}],"inLanguage":"es"},{"@type":"Organization","@id":"https:\/\/www.fanterecycling.com\/#organization","name":"Trituradora de neum\u00e1ticos y trituradora de metal Fabricante de China - Fante","alternateName":"Fante Machinery","url":"https:\/\/www.fanterecycling.com\/","logo":{"@type":"ImageObject","inLanguage":"es","@id":"https:\/\/www.fanterecycling.com\/#\/schema\/logo\/image\/","url":"https:\/\/www.fanterecycling.com\/wp-content\/uploads\/2023\/12\/logo3.png","contentUrl":"https:\/\/www.fanterecycling.com\/wp-content\/uploads\/2023\/12\/logo3.png","width":150,"height":59,"caption":"Tire Shredder and Metal Shredder Manufacturer from China - Fante"},"image":{"@id":"https:\/\/www.fanterecycling.com\/#\/schema\/logo\/image\/"},"sameAs":["https:\/\/www.facebook.com\/fanterecyclingmachinery\/","https:\/\/www.youtube.com\/@fanterecyclingmachinery","https:\/\/api.whatsapp.com\/send?phone=8613770963575"]}]}},"_links":{"self":[{"href":"https:\/\/www.fanterecycling.com\/es\/wp-json\/wp\/v2\/product\/9975","targetHints":{"allow":["GET"]}}],"collection":[{"href":"https:\/\/www.fanterecycling.com\/es\/wp-json\/wp\/v2\/product"}],"about":[{"href":"https:\/\/www.fanterecycling.com\/es\/wp-json\/wp\/v2\/types\/product"}],"replies":[{"embeddable":true,"href":"https:\/\/www.fanterecycling.com\/es\/wp-json\/wp\/v2\/comments?post=9975"}],"wp:featuredmedia":[{"embeddable":true,"href":"https:\/\/www.fanterecycling.com\/es\/wp-json\/wp\/v2\/media\/9976"}],"wp:attachment":[{"href":"https:\/\/www.fanterecycling.com\/es\/wp-json\/wp\/v2\/media?parent=9975"}],"wp:term":[{"taxonomy":"product_brand","embeddable":true,"href":"https:\/\/www.fanterecycling.com\/es\/wp-json\/wp\/v2\/product_brand?post=9975"},{"taxonomy":"product_cat","embeddable":true,"href":"https:\/\/www.fanterecycling.com\/es\/wp-json\/wp\/v2\/product_cat?post=9975"},{"taxonomy":"product_tag","embeddable":true,"href":"https:\/\/www.fanterecycling.com\/es\/wp-json\/wp\/v2\/product_tag?post=9975"}],"curies":[{"name":"wp","href":"https:\/\/api.w.org\/{rel}","templated":true}]}}