{"id":9985,"date":"2024-12-13T13:31:04","date_gmt":"2024-12-13T05:31:04","guid":{"rendered":"https:\/\/fanterecycling.com\/?post_type=product&#038;p=9985"},"modified":"2026-04-08T14:50:35","modified_gmt":"2026-04-08T06:50:35","slug":"belt-conveyor","status":"publish","type":"product","link":"https:\/\/www.fanterecycling.com\/de\/produkt\/gurtforderer\/","title":{"rendered":"Bandf\u00f6rderer"},"content":{"rendered":"<h2><span class=\"___SBox_epc1q-kmt_ ___SText_zko9t-kmt_\" style=\"font-size: 14pt;\" data-ui-name=\"Link.Text\">F\u00f6rderband<\/span><\/h2>\n<p>Der Gurtf\u00f6rderer Fante ist f\u00fcr den effizienten Materialtransport in Recycling- und Abfallverarbeitungsanlagen konzipiert. Mit seinem strapazierf\u00e4higen Gummigurt und seiner stabilen Struktur sorgt er f\u00fcr einen reibungslosen und kontinuierlichen Transport von verschiedenen Materialien wie Kunststoffen, Metallen und Siedlungsabf\u00e4llen. Er ist einfach zu bedienen, leicht zu warten und l\u00e4sst sich an verschiedene Produktionslayouts anpassen.<\/p>\n<h2><span style=\"font-size: 14pt;\"><strong>Eigenschaften<\/strong><\/span><\/h2>\n<ul>\n<li>Heavy-Duty-Rahmen<br \/>\nDie robuste Stahlkonstruktion gew\u00e4hrleistet langfristige Stabilit\u00e4t und Widerstandsf\u00e4higkeit gegen\u00fcber schweren Lasten und rauen Arbeitsbedingungen.<\/li>\n<li>Verschlei\u00dffester Gummig\u00fcrtel<br \/>\nHochwertiges Gummiband mit ausgezeichneter Abriebfestigkeit, geeignet f\u00fcr den kontinuierlichen Transport von abrasiven Materialien.<\/li>\n<li>L\u00e4nge und Breite anpassbar<br \/>\nDie Abmessungen der F\u00f6rderer k\u00f6nnen an die spezifischen Anforderungen der Produktionslinie und des Materialtransports angepasst werden.<\/li>\n<li>Wartungsfreundliche Konstruktion<br \/>\nDer modulare Aufbau erm\u00f6glicht einen schnellen Bandwechsel und vereinfachte Wartungsarbeiten, was die Ausfallzeiten reduziert.<\/li>\n<\/ul>\n<h2><span style=\"font-size: 14pt;\">Produkt-Ist-Bilder<\/span><\/h2>\n<p>&nbsp;<\/p>\n<p><img decoding=\"async\" class=\"alignnone size-full wp-image-14264\" src=\"https:\/\/www.fanterecycling.com\/wp-content\/uploads\/belt-conveyor.png\" alt=\"Belt Conveyor is designed for efficient material handling in recycling and waste processing lines.\" width=\"1200\" height=\"461\" srcset=\"https:\/\/www.fanterecycling.com\/wp-content\/uploads\/belt-conveyor.png 1200w, https:\/\/www.fanterecycling.com\/wp-content\/uploads\/belt-conveyor-768x295.png 768w, https:\/\/www.fanterecycling.com\/wp-content\/uploads\/belt-conveyor-18x7.png 18w, https:\/\/www.fanterecycling.com\/wp-content\/uploads\/belt-conveyor-600x231.png 600w\" sizes=\"(max-width: 1200px) 100vw, 1200px\" \/><\/p>\n<h2><span style=\"font-size: 14pt;\">Recommended Equipment<\/span><\/h2>\n<table style=\"width: 100%; border-collapse: collapse; border-style: none;\">\n<tbody>\n<tr>\n<td style=\"width: 33.3333%; border-style: none;\"><a href=\"https:\/\/www.fanterecycling.com\/de\/produkt\/luftabscheider\/\"><img decoding=\"async\" class=\"alignnone wp-image-12510 size-medium\" src=\"https:\/\/www.fanterecycling.com\/wp-content\/uploads\/2024\/12\/air-separator-300x300.jpg\" alt=\"Der Windsichter ist ein Ger\u00e4t zur Sortierung fester Abf\u00e4lle, das den Luftstrom nutzt, um Materialien aufgrund ihrer aerodynamischen Eigenschaften zu trennen.\" width=\"300\" height=\"300\" srcset=\"https:\/\/www.fanterecycling.com\/wp-content\/uploads\/2024\/12\/air-separator-300x300.jpg 300w, https:\/\/www.fanterecycling.com\/wp-content\/uploads\/2024\/12\/air-separator-1024x1024.jpg 1024w, https:\/\/www.fanterecycling.com\/wp-content\/uploads\/2024\/12\/air-separator-150x150.jpg 150w, https:\/\/www.fanterecycling.com\/wp-content\/uploads\/2024\/12\/air-separator-768x768.jpg 768w, https:\/\/www.fanterecycling.com\/wp-content\/uploads\/2024\/12\/air-separator-600x600.jpg 600w, https:\/\/www.fanterecycling.com\/wp-content\/uploads\/2024\/12\/air-separator-100x100.jpg 100w, https:\/\/www.fanterecycling.com\/wp-content\/uploads\/2024\/12\/air-separator.jpg 1080w\" sizes=\"(max-width: 300px) 100vw, 300px\" \/><\/a><\/p>\n<p style=\"text-align: center;\"><span style=\"color: #4a8e63;\"><a style=\"color: #4a8e63;\" href=\"https:\/\/www.fanterecycling.com\/de\/produkt\/luftabscheider\/\"><strong>Luftabscheider<\/strong><\/a><\/span><\/p>\n<\/td>\n<td style=\"width: 33.3333%; border-style: none;\">\n<p style=\"text-align: center;\"><a href=\"https:\/\/www.fanterecycling.com\/de\/produkt\/wirbelstromabscheider\/\"><img decoding=\"async\" class=\"alignnone wp-image-9980 size-medium\" src=\"https:\/\/www.fanterecycling.com\/wp-content\/uploads\/2024\/12\/Eddy-Current-Separator-300x300.jpg\" alt=\"Wirbelstromabscheider nutzen starke Magnetfelder zur effizienten Abscheidung von Nichteisenmetallen wie Aluminium und Kupfer aus Sch\u00fcttgutstr\u00f6men.\" width=\"300\" height=\"300\" srcset=\"https:\/\/www.fanterecycling.com\/wp-content\/uploads\/2024\/12\/Eddy-Current-Separator-300x300.jpg 300w, https:\/\/www.fanterecycling.com\/wp-content\/uploads\/2024\/12\/Eddy-Current-Separator-1024x1024.jpg 1024w, https:\/\/www.fanterecycling.com\/wp-content\/uploads\/2024\/12\/Eddy-Current-Separator-150x150.jpg 150w, https:\/\/www.fanterecycling.com\/wp-content\/uploads\/2024\/12\/Eddy-Current-Separator-768x768.jpg 768w, https:\/\/www.fanterecycling.com\/wp-content\/uploads\/2024\/12\/Eddy-Current-Separator-600x600.jpg 600w, https:\/\/www.fanterecycling.com\/wp-content\/uploads\/2024\/12\/Eddy-Current-Separator-100x100.jpg 100w, https:\/\/www.fanterecycling.com\/wp-content\/uploads\/2024\/12\/Eddy-Current-Separator.jpg 1080w\" sizes=\"(max-width: 300px) 100vw, 300px\" \/><\/a><span style=\"color: #4a8e63;\"><a style=\"color: #4a8e63;\" href=\"https:\/\/www.fanterecycling.com\/de\/produkt\/wirbelstromabscheider\/\"><strong>Wirbelstromabscheider<\/strong><\/a><\/span><\/p>\n<\/td>\n<td style=\"width: 33.3333%; border-style: none;\"><a href=\"https:\/\/www.fanterecycling.com\/de\/produkt\/trommelsieb\/\"><img decoding=\"async\" class=\"alignnone wp-image-11459 size-medium\" src=\"https:\/\/www.fanterecycling.com\/wp-content\/uploads\/2024\/12\/Drum-Screen-300x300.jpg\" alt=\"Das Trommelsieb ist ein Siebger\u00e4t, das zur Trennung von Materialien nach Gr\u00f6\u00dfe verwendet wird.\" width=\"300\" height=\"300\" srcset=\"https:\/\/www.fanterecycling.com\/wp-content\/uploads\/2024\/12\/Drum-Screen-300x300.jpg 300w, https:\/\/www.fanterecycling.com\/wp-content\/uploads\/2024\/12\/Drum-Screen-1024x1024.jpg 1024w, https:\/\/www.fanterecycling.com\/wp-content\/uploads\/2024\/12\/Drum-Screen-150x150.jpg 150w, https:\/\/www.fanterecycling.com\/wp-content\/uploads\/2024\/12\/Drum-Screen-768x768.jpg 768w, https:\/\/www.fanterecycling.com\/wp-content\/uploads\/2024\/12\/Drum-Screen-600x600.jpg 600w, https:\/\/www.fanterecycling.com\/wp-content\/uploads\/2024\/12\/Drum-Screen-100x100.jpg 100w, https:\/\/www.fanterecycling.com\/wp-content\/uploads\/2024\/12\/Drum-Screen.jpg 1080w\" sizes=\"(max-width: 300px) 100vw, 300px\" \/><\/a><\/p>\n<p style=\"text-align: center;\"><span style=\"color: #4a8e63;\"><a style=\"color: #4a8e63;\" href=\"https:\/\/www.fanterecycling.com\/de\/produkt\/trommelsieb\/\"><strong>Trommelsieb<\/strong><\/a><\/span><\/p>\n<\/td>\n<\/tr>\n<\/tbody>\n<\/table>","protected":false},"excerpt":{"rendered":"<h1><span style=\"font-size: 14pt;\">Bandf\u00f6rderer<\/span><\/h1>\n<p>&nbsp;<\/p>\n<h6>Produktmodell: FTB<\/h6>\n<p>&nbsp;<\/p>\n<h6>Typ: Zusatzausr\u00fcstung<\/h6>\n<p>&nbsp;<\/p>\n<h6>Material: Kundenspezifische Dienstleistungen, eine Vielzahl von Materialien zur Auswahl<\/h6>\n<p>&nbsp;<\/p>\n<h6>Farbe: Kundenspezifischer Service verf\u00fcgbar<\/h6>\n<p>&nbsp;<\/p>\n<h6>Marke: Fante<\/h6>","protected":false},"featured_media":9986,"comment_status":"closed","ping_status":"closed","template":"","meta":{"site-sidebar-layout":"default","site-content-layout":"","ast-site-content-layout":"default","site-content-style":"default","site-sidebar-style":"default","ast-global-header-display":"","ast-banner-title-visibility":"","ast-main-header-display":"","ast-hfb-above-header-display":"","ast-hfb-below-header-display":"","ast-hfb-mobile-header-display":"","site-post-title":"","ast-breadcrumbs-content":"","ast-featured-img":"","footer-sml-layout":"","ast-disable-related-posts":"","theme-transparent-header-meta":"default","adv-header-id-meta":"","stick-header-meta":"","header-above-stick-meta":"","header-main-stick-meta":"","header-below-stick-meta":"","astra-migrate-meta-layouts":"set","ast-page-background-enabled":"default","ast-page-background-meta":{"desktop":{"background-color":"var(--ast-global-color-4)","background-image":"","background-repeat":"repeat","background-position":"center center","background-size":"auto","background-attachment":"scroll","background-type":"","background-media":"","overlay-type":"","overlay-color":"","overlay-opacity":"","overlay-gradient":""},"tablet":{"background-color":"","background-image":"","background-repeat":"repeat","background-position":"center center","background-size":"auto","background-attachment":"scroll","background-type":"","background-media":"","overlay-type":"","overlay-color":"","overlay-opacity":"","overlay-gradient":""},"mobile":{"background-color":"","background-image":"","background-repeat":"repeat","background-position":"center center","background-size":"auto","background-attachment":"scroll","background-type":"","background-media":"","overlay-type":"","overlay-color":"","overlay-opacity":"","overlay-gradient":""}},"ast-content-background-meta":{"desktop":{"background-color":"var(--ast-global-color-5)","background-image":"","background-repeat":"repeat","background-position":"center center","background-size":"auto","background-attachment":"scroll","background-type":"","background-media":"","overlay-type":"","overlay-color":"","overlay-opacity":"","overlay-gradient":""},"tablet":{"background-color":"var(--ast-global-color-5)","background-image":"","background-repeat":"repeat","background-position":"center center","background-size":"auto","background-attachment":"scroll","background-type":"","background-media":"","overlay-type":"","overlay-color":"","overlay-opacity":"","overlay-gradient":""},"mobile":{"background-color":"var(--ast-global-color-5)","background-image":"","background-repeat":"repeat","background-position":"center center","background-size":"auto","background-attachment":"scroll","background-type":"","background-media":"","overlay-type":"","overlay-color":"","overlay-opacity":"","overlay-gradient":""}}},"product_brand":[],"product_cat":[133],"product_tag":[],"class_list":{"0":"post-9985","1":"product","2":"type-product","3":"status-publish","4":"has-post-thumbnail","6":"product_cat-auxiliary-equipment","7":"desktop-align-left","8":"tablet-align-left","9":"mobile-align-left","11":"first","12":"instock","13":"shipping-taxable","14":"product-type-simple"},"yoast_head":"<!-- This site is optimized with the Yoast SEO Premium plugin v27.2 (Yoast SEO v27.3) - https:\/\/yoast.com\/product\/yoast-seo-premium-wordpress\/ -->\n<title>Belt Conveyor | Solid Waste Machine | Waste Recycling<\/title>\n<meta name=\"description\" content=\"Belt conveyor is designed for efficient material handling in recycling and waste processing lines.\" \/>\n<meta name=\"robots\" content=\"index, follow, max-snippet:-1, max-image-preview:large, max-video-preview:-1\" \/>\n<link rel=\"canonical\" href=\"https:\/\/www.fanterecycling.com\/de\/produkt\/gurtforderer\/\" \/>\n<meta property=\"og:locale\" content=\"de_DE\" \/>\n<meta property=\"og:type\" content=\"article\" \/>\n<meta property=\"og:title\" content=\"Belt Conveyor\" \/>\n<meta property=\"og:description\" content=\"Belt conveyor is designed for efficient material handling in recycling and waste processing lines.\" \/>\n<meta property=\"og:url\" content=\"https:\/\/www.fanterecycling.com\/de\/produkt\/gurtforderer\/\" \/>\n<meta property=\"og:site_name\" content=\"Waste Recycling Equipment | Industrial Shredders &amp; Waste Recycling Solutions\" \/>\n<meta property=\"article:publisher\" content=\"https:\/\/www.facebook.com\/fanterecyclingmachinery\/\" \/>\n<meta property=\"article:modified_time\" content=\"2026-04-08T06:50:35+00:00\" \/>\n<meta property=\"og:image\" content=\"https:\/\/www.fanterecycling.com\/wp-content\/uploads\/2024\/12\/Belt-Conveyor.jpg\" \/>\n\t<meta property=\"og:image:width\" content=\"1080\" \/>\n\t<meta property=\"og:image:height\" content=\"1080\" \/>\n\t<meta property=\"og:image:type\" content=\"image\/jpeg\" \/>\n<meta name=\"twitter:card\" content=\"summary_large_image\" \/>\n<meta name=\"twitter:label1\" content=\"Gesch\u00e4tzte Lesezeit\" \/>\n\t<meta name=\"twitter:data1\" content=\"2\u00a0Minuten\" \/>\n<script type=\"application\/ld+json\" class=\"yoast-schema-graph\">{\"@context\":\"https:\\\/\\\/schema.org\",\"@graph\":[{\"@type\":\"WebPage\",\"@id\":\"https:\\\/\\\/www.fanterecycling.com\\\/product\\\/belt-conveyor\\\/\",\"url\":\"https:\\\/\\\/www.fanterecycling.com\\\/product\\\/belt-conveyor\\\/\",\"name\":\"Belt Conveyor | Solid Waste Machine | Waste Recycling\",\"isPartOf\":{\"@id\":\"https:\\\/\\\/www.fanterecycling.com\\\/#website\"},\"primaryImageOfPage\":{\"@id\":\"https:\\\/\\\/www.fanterecycling.com\\\/product\\\/belt-conveyor\\\/#primaryimage\"},\"image\":{\"@id\":\"https:\\\/\\\/www.fanterecycling.com\\\/product\\\/belt-conveyor\\\/#primaryimage\"},\"thumbnailUrl\":\"https:\\\/\\\/www.fanterecycling.com\\\/wp-content\\\/uploads\\\/2024\\\/12\\\/Belt-Conveyor.jpg\",\"datePublished\":\"2024-12-13T05:31:04+00:00\",\"dateModified\":\"2026-04-08T06:50:35+00:00\",\"description\":\"Belt conveyor is designed for efficient material handling in recycling and waste processing lines.\",\"breadcrumb\":{\"@id\":\"https:\\\/\\\/www.fanterecycling.com\\\/product\\\/belt-conveyor\\\/#breadcrumb\"},\"inLanguage\":\"de\",\"potentialAction\":[{\"@type\":\"ReadAction\",\"target\":[\"https:\\\/\\\/www.fanterecycling.com\\\/product\\\/belt-conveyor\\\/\"]}]},{\"@type\":\"ImageObject\",\"inLanguage\":\"de\",\"@id\":\"https:\\\/\\\/www.fanterecycling.com\\\/product\\\/belt-conveyor\\\/#primaryimage\",\"url\":\"https:\\\/\\\/www.fanterecycling.com\\\/wp-content\\\/uploads\\\/2024\\\/12\\\/Belt-Conveyor.jpg\",\"contentUrl\":\"https:\\\/\\\/www.fanterecycling.com\\\/wp-content\\\/uploads\\\/2024\\\/12\\\/Belt-Conveyor.jpg\",\"width\":1080,\"height\":1080,\"caption\":\"Fante Belt Conveyor is designed for efficient material handling in recycling and waste processing lines.\"},{\"@type\":\"BreadcrumbList\",\"@id\":\"https:\\\/\\\/www.fanterecycling.com\\\/product\\\/belt-conveyor\\\/#breadcrumb\",\"itemListElement\":[{\"@type\":\"ListItem\",\"position\":1,\"name\":\"Home\",\"item\":\"https:\\\/\\\/www.fanterecycling.com\\\/\"},{\"@type\":\"ListItem\",\"position\":2,\"name\":\"Products\",\"item\":\"https:\\\/\\\/www.fanterecycling.com\\\/shop\\\/\"},{\"@type\":\"ListItem\",\"position\":3,\"name\":\"Auxiliary Equipment\",\"item\":\"https:\\\/\\\/www.fanterecycling.com\\\/product-category\\\/auxiliary-equipment\\\/\"},{\"@type\":\"ListItem\",\"position\":4,\"name\":\"Belt Conveyor\"}]},{\"@type\":\"WebSite\",\"@id\":\"https:\\\/\\\/www.fanterecycling.com\\\/#website\",\"url\":\"https:\\\/\\\/www.fanterecycling.com\\\/\",\"name\":\"Tire Shredder and Metal Shredder Manufacturer from China - Fante\",\"description\":\"Advanced Recycling Machines for Tires, Metals, E-Waste, and Cables\",\"publisher\":{\"@id\":\"https:\\\/\\\/www.fanterecycling.com\\\/#organization\"},\"alternateName\":\"Shredder Manufacturer\",\"potentialAction\":[{\"@type\":\"SearchAction\",\"target\":{\"@type\":\"EntryPoint\",\"urlTemplate\":\"https:\\\/\\\/www.fanterecycling.com\\\/?s={search_term_string}\"},\"query-input\":{\"@type\":\"PropertyValueSpecification\",\"valueRequired\":true,\"valueName\":\"search_term_string\"}}],\"inLanguage\":\"de\"},{\"@type\":\"Organization\",\"@id\":\"https:\\\/\\\/www.fanterecycling.com\\\/#organization\",\"name\":\"Tire Shredder and Metal Shredder Manufacturer from China - Fante\",\"alternateName\":\"Fante Machinery\",\"url\":\"https:\\\/\\\/www.fanterecycling.com\\\/\",\"logo\":{\"@type\":\"ImageObject\",\"inLanguage\":\"de\",\"@id\":\"https:\\\/\\\/www.fanterecycling.com\\\/#\\\/schema\\\/logo\\\/image\\\/\",\"url\":\"https:\\\/\\\/www.fanterecycling.com\\\/wp-content\\\/uploads\\\/2023\\\/12\\\/logo3.png\",\"contentUrl\":\"https:\\\/\\\/www.fanterecycling.com\\\/wp-content\\\/uploads\\\/2023\\\/12\\\/logo3.png\",\"width\":150,\"height\":59,\"caption\":\"Tire Shredder and Metal Shredder Manufacturer from China - Fante\"},\"image\":{\"@id\":\"https:\\\/\\\/www.fanterecycling.com\\\/#\\\/schema\\\/logo\\\/image\\\/\"},\"sameAs\":[\"https:\\\/\\\/www.facebook.com\\\/fanterecyclingmachinery\\\/\",\"https:\\\/\\\/www.youtube.com\\\/@fanterecyclingmachinery\",\"https:\\\/\\\/api.whatsapp.com\\\/send?phone=8613770963575\"]}]}<\/script>\n<!-- \/ Yoast SEO Premium plugin. -->","yoast_head_json":{"title":"Bandf\u00f6rderer | Maschine f\u00fcr feste Abf\u00e4lle | Abfallrecycling","description":"Bandf\u00f6rderer sind f\u00fcr den effizienten Materialtransport in Recycling- und Abfallverarbeitungsanlagen konzipiert.","robots":{"index":"index","follow":"follow","max-snippet":"max-snippet:-1","max-image-preview":"max-image-preview:large","max-video-preview":"max-video-preview:-1"},"canonical":"https:\/\/www.fanterecycling.com\/de\/produkt\/gurtforderer\/","og_locale":"de_DE","og_type":"article","og_title":"Belt Conveyor","og_description":"Belt conveyor is designed for efficient material handling in recycling and waste processing lines.","og_url":"https:\/\/www.fanterecycling.com\/de\/produkt\/gurtforderer\/","og_site_name":"Waste Recycling Equipment | Industrial Shredders &amp; Waste Recycling Solutions","article_publisher":"https:\/\/www.facebook.com\/fanterecyclingmachinery\/","article_modified_time":"2026-04-08T06:50:35+00:00","og_image":[{"width":1080,"height":1080,"url":"https:\/\/www.fanterecycling.com\/wp-content\/uploads\/2024\/12\/Belt-Conveyor.jpg","type":"image\/jpeg"}],"twitter_card":"summary_large_image","twitter_misc":{"Gesch\u00e4tzte Lesezeit":"2\u00a0Minuten"},"schema":{"@context":"https:\/\/schema.org","@graph":[{"@type":"WebPage","@id":"https:\/\/www.fanterecycling.com\/product\/belt-conveyor\/","url":"https:\/\/www.fanterecycling.com\/product\/belt-conveyor\/","name":"Bandf\u00f6rderer | Maschine f\u00fcr feste Abf\u00e4lle | Abfallrecycling","isPartOf":{"@id":"https:\/\/www.fanterecycling.com\/#website"},"primaryImageOfPage":{"@id":"https:\/\/www.fanterecycling.com\/product\/belt-conveyor\/#primaryimage"},"image":{"@id":"https:\/\/www.fanterecycling.com\/product\/belt-conveyor\/#primaryimage"},"thumbnailUrl":"https:\/\/www.fanterecycling.com\/wp-content\/uploads\/2024\/12\/Belt-Conveyor.jpg","datePublished":"2024-12-13T05:31:04+00:00","dateModified":"2026-04-08T06:50:35+00:00","description":"Bandf\u00f6rderer sind f\u00fcr den effizienten Materialtransport in Recycling- und Abfallverarbeitungsanlagen konzipiert.","breadcrumb":{"@id":"https:\/\/www.fanterecycling.com\/product\/belt-conveyor\/#breadcrumb"},"inLanguage":"de","potentialAction":[{"@type":"ReadAction","target":["https:\/\/www.fanterecycling.com\/product\/belt-conveyor\/"]}]},{"@type":"ImageObject","inLanguage":"de","@id":"https:\/\/www.fanterecycling.com\/product\/belt-conveyor\/#primaryimage","url":"https:\/\/www.fanterecycling.com\/wp-content\/uploads\/2024\/12\/Belt-Conveyor.jpg","contentUrl":"https:\/\/www.fanterecycling.com\/wp-content\/uploads\/2024\/12\/Belt-Conveyor.jpg","width":1080,"height":1080,"caption":"Fante Belt Conveyor is designed for efficient material handling in recycling and waste processing lines."},{"@type":"BreadcrumbList","@id":"https:\/\/www.fanterecycling.com\/product\/belt-conveyor\/#breadcrumb","itemListElement":[{"@type":"ListItem","position":1,"name":"Home","item":"https:\/\/www.fanterecycling.com\/"},{"@type":"ListItem","position":2,"name":"Products","item":"https:\/\/www.fanterecycling.com\/shop\/"},{"@type":"ListItem","position":3,"name":"Auxiliary Equipment","item":"https:\/\/www.fanterecycling.com\/product-category\/auxiliary-equipment\/"},{"@type":"ListItem","position":4,"name":"Belt Conveyor"}]},{"@type":"WebSite","@id":"https:\/\/www.fanterecycling.com\/#website","url":"https:\/\/www.fanterecycling.com\/","name":"Reifenzerkleinerer und Metallzerkleinerer Hersteller aus China - Fante","description":"Advanced Recycling Machines for Tires, Metals, E-Waste, and Cables","publisher":{"@id":"https:\/\/www.fanterecycling.com\/#organization"},"alternateName":"Shredder Manufacturer","potentialAction":[{"@type":"SearchAction","target":{"@type":"EntryPoint","urlTemplate":"https:\/\/www.fanterecycling.com\/?s={search_term_string}"},"query-input":{"@type":"PropertyValueSpecification","valueRequired":true,"valueName":"search_term_string"}}],"inLanguage":"de"},{"@type":"Organization","@id":"https:\/\/www.fanterecycling.com\/#organization","name":"Reifenzerkleinerer und Metallzerkleinerer Hersteller aus China - Fante","alternateName":"Fante Machinery","url":"https:\/\/www.fanterecycling.com\/","logo":{"@type":"ImageObject","inLanguage":"de","@id":"https:\/\/www.fanterecycling.com\/#\/schema\/logo\/image\/","url":"https:\/\/www.fanterecycling.com\/wp-content\/uploads\/2023\/12\/logo3.png","contentUrl":"https:\/\/www.fanterecycling.com\/wp-content\/uploads\/2023\/12\/logo3.png","width":150,"height":59,"caption":"Tire Shredder and Metal Shredder Manufacturer from China - Fante"},"image":{"@id":"https:\/\/www.fanterecycling.com\/#\/schema\/logo\/image\/"},"sameAs":["https:\/\/www.facebook.com\/fanterecyclingmachinery\/","https:\/\/www.youtube.com\/@fanterecyclingmachinery","https:\/\/api.whatsapp.com\/send?phone=8613770963575"]}]}},"_links":{"self":[{"href":"https:\/\/www.fanterecycling.com\/de\/wp-json\/wp\/v2\/product\/9985","targetHints":{"allow":["GET"]}}],"collection":[{"href":"https:\/\/www.fanterecycling.com\/de\/wp-json\/wp\/v2\/product"}],"about":[{"href":"https:\/\/www.fanterecycling.com\/de\/wp-json\/wp\/v2\/types\/product"}],"replies":[{"embeddable":true,"href":"https:\/\/www.fanterecycling.com\/de\/wp-json\/wp\/v2\/comments?post=9985"}],"wp:featuredmedia":[{"embeddable":true,"href":"https:\/\/www.fanterecycling.com\/de\/wp-json\/wp\/v2\/media\/9986"}],"wp:attachment":[{"href":"https:\/\/www.fanterecycling.com\/de\/wp-json\/wp\/v2\/media?parent=9985"}],"wp:term":[{"taxonomy":"product_brand","embeddable":true,"href":"https:\/\/www.fanterecycling.com\/de\/wp-json\/wp\/v2\/product_brand?post=9985"},{"taxonomy":"product_cat","embeddable":true,"href":"https:\/\/www.fanterecycling.com\/de\/wp-json\/wp\/v2\/product_cat?post=9985"},{"taxonomy":"product_tag","embeddable":true,"href":"https:\/\/www.fanterecycling.com\/de\/wp-json\/wp\/v2\/product_tag?post=9985"}],"curies":[{"name":"wp","href":"https:\/\/api.w.org\/{rel}","templated":true}]}}