{"id":9983,"date":"2024-12-13T13:29:12","date_gmt":"2024-12-13T05:29:12","guid":{"rendered":"https:\/\/fanterecycling.com\/?post_type=product&#038;p=9983"},"modified":"2026-04-08T14:57:08","modified_gmt":"2026-04-08T06:57:08","slug":"chain-conveyor","status":"publish","type":"product","link":"https:\/\/www.fanterecycling.com\/de\/produkt\/kettenforderer\/","title":{"rendered":"Kettenf\u00f6rderer"},"content":{"rendered":"<h2><span style=\"font-size: 14pt;\">Chain Conveyor System<\/span><\/h2>\n<p>A chain conveyor uses a series of metal plates attached to traction chains to transport materials horizontally or at an incline. Driven by sprockets at both ends, the continuous chain moves materials steadily along the conveying path. Known for their robust construction and minimal maintenance requirements, chain conveyors ensure long-term operational reliability. They are widely used in tire recycling, metal recycling, plastic recycling, coal and ore handling, e-waste recycling, non-ferrous metal processing, wire recycling, vehicle dismantling, and industrial\/municipal waste treatment.<\/p>\n<p style=\"text-align: center;\"><iframe src=\"\/\/www.youtube.com\/embed\/c3QKmklq3JE\" width=\"1120\" height=\"628\" allowfullscreen=\"allowfullscreen\"><\/iframe><\/p>\n<p>&nbsp;<\/p>\n<h2><span style=\"font-size: 14pt;\"><strong>Eigenschaften<\/strong><\/span><\/h2>\n<ul>\n<li>Niedriger Energieverbrauch bei der F\u00f6rderung<\/li>\n<li>Individuell anpassbar je nach Kundenwunsch<\/li>\n<li>Einfache Ger\u00e4testruktur und einfache Wartung<\/li>\n<li>Gro\u00dfe F\u00f6rderkapazit\u00e4t, geeignet f\u00fcr gro\u00dfe Lasten<\/li>\n<li>Genaue und stabile F\u00f6rdergeschwindigkeiten sorgen f\u00fcr eine pr\u00e4zise Gleichlauff\u00f6rderung<\/li>\n<li>Die F\u00f6rderfl\u00e4che ist flach und glatt, mit geringer Reibung, und der Material\u00fcbergang zwischen den F\u00f6rderlinien ist glatt<\/li>\n<\/ul>\n<h2><span style=\"font-size: 14pt;\">Aktuelle Produktbilder<\/span><\/h2>\n<p><img decoding=\"async\" class=\"aligncenter wp-image-12531 size-large\" src=\"https:\/\/fanterecycling.com\/wp-content\/uploads\/2024\/12\/Chain-conveyor-1024x393.png\" alt=\"Kettenf\u00f6rderer bewegen das Material mittels einer durchgehenden Kette vorw\u00e4rts, die von Zahnr\u00e4dern an beiden Enden des F\u00f6rderers angetrieben wird.\" width=\"1024\" height=\"393\" srcset=\"https:\/\/www.fanterecycling.com\/wp-content\/uploads\/2024\/12\/Chain-conveyor-1024x393.png 1024w, https:\/\/www.fanterecycling.com\/wp-content\/uploads\/2024\/12\/Chain-conveyor-300x115.png 300w, https:\/\/www.fanterecycling.com\/wp-content\/uploads\/2024\/12\/Chain-conveyor-768x295.png 768w, https:\/\/www.fanterecycling.com\/wp-content\/uploads\/2024\/12\/Chain-conveyor-600x231.png 600w, https:\/\/www.fanterecycling.com\/wp-content\/uploads\/2024\/12\/Chain-conveyor.png 1200w\" sizes=\"(max-width: 1024px) 100vw, 1024px\" \/><\/p>\n<h2><span style=\"font-size: 14pt;\">Recommended Equipment<\/span><\/h2>\n<table style=\"width: 100%; border-collapse: collapse; border-style: none;\">\n<tbody>\n<tr>\n<td style=\"width: 33.3333%; border-style: none;\"><a href=\"https:\/\/www.fanterecycling.com\/de\/produkt\/schwerlast-hacksler\/\"><img decoding=\"async\" class=\"alignnone wp-image-9905 size-medium\" src=\"https:\/\/www.fanterecycling.com\/wp-content\/uploads\/2023\/12\/Large-Planetary-Shredder-300x300.jpg\" alt=\"Hochleistungsschredder f\u00fcr das Recycling von Metall, Kunststoff, Elektroschrott und Reifen\" width=\"300\" height=\"300\" srcset=\"https:\/\/www.fanterecycling.com\/wp-content\/uploads\/2023\/12\/Large-Planetary-Shredder-300x300.jpg 300w, https:\/\/www.fanterecycling.com\/wp-content\/uploads\/2023\/12\/Large-Planetary-Shredder-1024x1024.jpg 1024w, https:\/\/www.fanterecycling.com\/wp-content\/uploads\/2023\/12\/Large-Planetary-Shredder-150x150.jpg 150w, https:\/\/www.fanterecycling.com\/wp-content\/uploads\/2023\/12\/Large-Planetary-Shredder-768x768.jpg 768w, https:\/\/www.fanterecycling.com\/wp-content\/uploads\/2023\/12\/Large-Planetary-Shredder-600x600.jpg 600w, https:\/\/www.fanterecycling.com\/wp-content\/uploads\/2023\/12\/Large-Planetary-Shredder-100x100.jpg 100w, https:\/\/www.fanterecycling.com\/wp-content\/uploads\/2023\/12\/Large-Planetary-Shredder.jpg 1080w\" sizes=\"(max-width: 300px) 100vw, 300px\" \/><\/a><\/p>\n<p style=\"text-align: center;\"><span style=\"color: #4a8e63;\"><a style=\"color: #4a8e63;\" href=\"https:\/\/www.fanterecycling.com\/de\/produkt\/schwerlast-hacksler\/\"><strong>Heavy Duty\u00a0 Shredder<\/strong><\/a><\/span><\/p>\n<\/td>\n<td style=\"width: 33.3333%; border-style: none;\">\n<p style=\"text-align: center;\"><a href=\"https:\/\/www.fanterecycling.com\/de\/produkt\/einwellenzerkleinerer\/\"><img decoding=\"async\" class=\"alignnone wp-image-9908 size-medium\" src=\"https:\/\/www.fanterecycling.com\/wp-content\/uploads\/2023\/12\/Single-Shaft-Shredder-1-300x300.jpg\" alt=\"Einwellenzerkleinerer f\u00fcr Kunststoffrecycling\" width=\"300\" height=\"300\" srcset=\"https:\/\/www.fanterecycling.com\/wp-content\/uploads\/2023\/12\/Single-Shaft-Shredder-1-300x300.jpg 300w, https:\/\/www.fanterecycling.com\/wp-content\/uploads\/2023\/12\/Single-Shaft-Shredder-1-1024x1024.jpg 1024w, https:\/\/www.fanterecycling.com\/wp-content\/uploads\/2023\/12\/Single-Shaft-Shredder-1-150x150.jpg 150w, https:\/\/www.fanterecycling.com\/wp-content\/uploads\/2023\/12\/Single-Shaft-Shredder-1-768x768.jpg 768w, https:\/\/www.fanterecycling.com\/wp-content\/uploads\/2023\/12\/Single-Shaft-Shredder-1-600x600.jpg 600w, https:\/\/www.fanterecycling.com\/wp-content\/uploads\/2023\/12\/Single-Shaft-Shredder-1-100x100.jpg 100w, https:\/\/www.fanterecycling.com\/wp-content\/uploads\/2023\/12\/Single-Shaft-Shredder-1.jpg 1080w\" sizes=\"(max-width: 300px) 100vw, 300px\" \/><\/a><\/p>\n<p style=\"text-align: center;\"><span style=\"color: #4a8e63;\"><a style=\"color: #4a8e63;\" href=\"https:\/\/www.fanterecycling.com\/de\/produkt\/einwellenzerkleinerer\/\"><strong>Einwellenzerkleinerer<\/strong><\/a><\/span><\/p>\n<\/td>\n<td style=\"width: 33.3333%; border-style: none;\"><a href=\"https:\/\/www.fanterecycling.com\/de\/produkt\/impulsstaubabscheider\/\"><img decoding=\"async\" class=\"alignnone wp-image-9989 size-medium\" src=\"https:\/\/www.fanterecycling.com\/wp-content\/uploads\/2024\/12\/Pulse-Dust-Collector-300x300.jpg\" alt=\"Pulse Dust Collector ist ein hocheffizientes industrielles Entstaubungssystem, das f\u00fcr die gro\u00dffl\u00e4chige Staubkontrolle und Feinstaubfiltration entwickelt wurde.\" width=\"300\" height=\"300\" srcset=\"https:\/\/www.fanterecycling.com\/wp-content\/uploads\/2024\/12\/Pulse-Dust-Collector-300x300.jpg 300w, https:\/\/www.fanterecycling.com\/wp-content\/uploads\/2024\/12\/Pulse-Dust-Collector-1024x1024.jpg 1024w, https:\/\/www.fanterecycling.com\/wp-content\/uploads\/2024\/12\/Pulse-Dust-Collector-150x150.jpg 150w, https:\/\/www.fanterecycling.com\/wp-content\/uploads\/2024\/12\/Pulse-Dust-Collector-768x768.jpg 768w, https:\/\/www.fanterecycling.com\/wp-content\/uploads\/2024\/12\/Pulse-Dust-Collector-600x600.jpg 600w, https:\/\/www.fanterecycling.com\/wp-content\/uploads\/2024\/12\/Pulse-Dust-Collector-100x100.jpg 100w, https:\/\/www.fanterecycling.com\/wp-content\/uploads\/2024\/12\/Pulse-Dust-Collector.jpg 1080w\" sizes=\"(max-width: 300px) 100vw, 300px\" \/><\/a><\/p>\n<p style=\"text-align: center;\"><span style=\"color: #4a8e63;\"><a style=\"color: #4a8e63;\" href=\"https:\/\/www.fanterecycling.com\/de\/produkt\/impulsstaubabscheider\/\"><strong>Impuls-Staubabscheider<\/strong><\/a><\/span><\/p>\n<\/td>\n<\/tr>\n<\/tbody>\n<\/table>","protected":false},"excerpt":{"rendered":"<h1><span style=\"font-size: 14pt;\">Kettenf\u00f6rderer<\/span><\/h1>\n<p>&nbsp;<\/p>\n<h6>Produktmodell: FTCC<\/h6>\n<p>&nbsp;<\/p>\n<h6>Typ: Zusatzausr\u00fcstung<\/h6>\n<p>&nbsp;<\/p>\n<h6>Material: Kundenspezifische Dienstleistungen, eine Vielzahl von Materialien zur Auswahl<\/h6>\n<p>&nbsp;<\/p>\n<h6>Farbe: Kundenspezifischer Service verf\u00fcgbar<\/h6>\n<p>&nbsp;<\/p>\n<h6>Marke: Fante<\/h6>","protected":false},"featured_media":9984,"comment_status":"closed","ping_status":"closed","template":"","meta":{"site-sidebar-layout":"default","site-content-layout":"","ast-site-content-layout":"default","site-content-style":"default","site-sidebar-style":"default","ast-global-header-display":"","ast-banner-title-visibility":"","ast-main-header-display":"","ast-hfb-above-header-display":"","ast-hfb-below-header-display":"","ast-hfb-mobile-header-display":"","site-post-title":"","ast-breadcrumbs-content":"","ast-featured-img":"","footer-sml-layout":"","ast-disable-related-posts":"","theme-transparent-header-meta":"default","adv-header-id-meta":"","stick-header-meta":"","header-above-stick-meta":"","header-main-stick-meta":"","header-below-stick-meta":"","astra-migrate-meta-layouts":"set","ast-page-background-enabled":"default","ast-page-background-meta":{"desktop":{"background-color":"var(--ast-global-color-4)","background-image":"","background-repeat":"repeat","background-position":"center center","background-size":"auto","background-attachment":"scroll","background-type":"","background-media":"","overlay-type":"","overlay-color":"","overlay-opacity":"","overlay-gradient":""},"tablet":{"background-color":"","background-image":"","background-repeat":"repeat","background-position":"center center","background-size":"auto","background-attachment":"scroll","background-type":"","background-media":"","overlay-type":"","overlay-color":"","overlay-opacity":"","overlay-gradient":""},"mobile":{"background-color":"","background-image":"","background-repeat":"repeat","background-position":"center center","background-size":"auto","background-attachment":"scroll","background-type":"","background-media":"","overlay-type":"","overlay-color":"","overlay-opacity":"","overlay-gradient":""}},"ast-content-background-meta":{"desktop":{"background-color":"var(--ast-global-color-5)","background-image":"","background-repeat":"repeat","background-position":"center center","background-size":"auto","background-attachment":"scroll","background-type":"","background-media":"","overlay-type":"","overlay-color":"","overlay-opacity":"","overlay-gradient":""},"tablet":{"background-color":"var(--ast-global-color-5)","background-image":"","background-repeat":"repeat","background-position":"center center","background-size":"auto","background-attachment":"scroll","background-type":"","background-media":"","overlay-type":"","overlay-color":"","overlay-opacity":"","overlay-gradient":""},"mobile":{"background-color":"var(--ast-global-color-5)","background-image":"","background-repeat":"repeat","background-position":"center center","background-size":"auto","background-attachment":"scroll","background-type":"","background-media":"","overlay-type":"","overlay-color":"","overlay-opacity":"","overlay-gradient":""}}},"product_brand":[],"product_cat":[133],"product_tag":[],"class_list":{"0":"post-9983","1":"product","2":"type-product","3":"status-publish","4":"has-post-thumbnail","6":"product_cat-auxiliary-equipment","7":"desktop-align-left","8":"tablet-align-left","9":"mobile-align-left","11":"first","12":"instock","13":"shipping-taxable","14":"product-type-simple"},"yoast_head":"<!-- This site is optimized with the Yoast SEO Premium plugin v27.2 (Yoast SEO v27.4) - https:\/\/yoast.com\/product\/yoast-seo-premium-wordpress\/ -->\n<title>Chain Conveyor | RDF Machine | Tire Recycling Machine<\/title>\n<meta name=\"description\" content=\"Chain conveyor move materials forward by a continuous chain driven by sprockets at both ends of the conveyor.\" \/>\n<meta name=\"robots\" content=\"index, follow, max-snippet:-1, max-image-preview:large, max-video-preview:-1\" \/>\n<link rel=\"canonical\" href=\"https:\/\/www.fanterecycling.com\/de\/produkt\/kettenforderer\/\" \/>\n<meta property=\"og:locale\" content=\"de_DE\" \/>\n<meta property=\"og:type\" content=\"article\" \/>\n<meta property=\"og:title\" content=\"Chain Conveyor\" \/>\n<meta property=\"og:description\" content=\"Chain conveyor move materials forward by a continuous chain driven by sprockets at both ends of the conveyor.\" \/>\n<meta property=\"og:url\" content=\"https:\/\/www.fanterecycling.com\/de\/produkt\/kettenforderer\/\" \/>\n<meta property=\"og:site_name\" content=\"Waste Recycling Equipment | Industrial Shredders &amp; Waste Recycling Solutions\" \/>\n<meta property=\"article:publisher\" content=\"https:\/\/www.facebook.com\/fanterecyclingmachinery\/\" \/>\n<meta property=\"article:modified_time\" content=\"2026-04-08T06:57:08+00:00\" \/>\n<meta property=\"og:image\" content=\"https:\/\/www.fanterecycling.com\/wp-content\/uploads\/2024\/12\/Chain-Conveyor.jpg\" \/>\n\t<meta property=\"og:image:width\" content=\"1080\" \/>\n\t<meta property=\"og:image:height\" content=\"1080\" \/>\n\t<meta property=\"og:image:type\" content=\"image\/jpeg\" \/>\n<meta name=\"twitter:card\" content=\"summary_large_image\" \/>\n<meta name=\"twitter:label1\" content=\"Gesch\u00e4tzte Lesezeit\" \/>\n\t<meta name=\"twitter:data1\" content=\"2\u00a0Minuten\" \/>\n<script type=\"application\/ld+json\" class=\"yoast-schema-graph\">{\"@context\":\"https:\\\/\\\/schema.org\",\"@graph\":[{\"@type\":\"WebPage\",\"@id\":\"https:\\\/\\\/www.fanterecycling.com\\\/product\\\/chain-conveyor\\\/\",\"url\":\"https:\\\/\\\/www.fanterecycling.com\\\/product\\\/chain-conveyor\\\/\",\"name\":\"Chain Conveyor | RDF Machine | Tire Recycling Machine\",\"isPartOf\":{\"@id\":\"https:\\\/\\\/www.fanterecycling.com\\\/#website\"},\"primaryImageOfPage\":{\"@id\":\"https:\\\/\\\/www.fanterecycling.com\\\/product\\\/chain-conveyor\\\/#primaryimage\"},\"image\":{\"@id\":\"https:\\\/\\\/www.fanterecycling.com\\\/product\\\/chain-conveyor\\\/#primaryimage\"},\"thumbnailUrl\":\"https:\\\/\\\/www.fanterecycling.com\\\/wp-content\\\/uploads\\\/2024\\\/12\\\/Chain-Conveyor.jpg\",\"datePublished\":\"2024-12-13T05:29:12+00:00\",\"dateModified\":\"2026-04-08T06:57:08+00:00\",\"description\":\"Chain conveyor move materials forward by a continuous chain driven by sprockets at both ends of the conveyor.\",\"breadcrumb\":{\"@id\":\"https:\\\/\\\/www.fanterecycling.com\\\/product\\\/chain-conveyor\\\/#breadcrumb\"},\"inLanguage\":\"de\",\"potentialAction\":[{\"@type\":\"ReadAction\",\"target\":[\"https:\\\/\\\/www.fanterecycling.com\\\/product\\\/chain-conveyor\\\/\"]}]},{\"@type\":\"ImageObject\",\"inLanguage\":\"de\",\"@id\":\"https:\\\/\\\/www.fanterecycling.com\\\/product\\\/chain-conveyor\\\/#primaryimage\",\"url\":\"https:\\\/\\\/www.fanterecycling.com\\\/wp-content\\\/uploads\\\/2024\\\/12\\\/Chain-Conveyor.jpg\",\"contentUrl\":\"https:\\\/\\\/www.fanterecycling.com\\\/wp-content\\\/uploads\\\/2024\\\/12\\\/Chain-Conveyor.jpg\",\"width\":1080,\"height\":1080,\"caption\":\"Chain conveyor move materials forward by a continuous chain driven by sprockets at both ends of the conveyor\"},{\"@type\":\"BreadcrumbList\",\"@id\":\"https:\\\/\\\/www.fanterecycling.com\\\/product\\\/chain-conveyor\\\/#breadcrumb\",\"itemListElement\":[{\"@type\":\"ListItem\",\"position\":1,\"name\":\"Home\",\"item\":\"https:\\\/\\\/www.fanterecycling.com\\\/\"},{\"@type\":\"ListItem\",\"position\":2,\"name\":\"Products\",\"item\":\"https:\\\/\\\/www.fanterecycling.com\\\/shop\\\/\"},{\"@type\":\"ListItem\",\"position\":3,\"name\":\"Auxiliary Equipment\",\"item\":\"https:\\\/\\\/www.fanterecycling.com\\\/product-category\\\/auxiliary-equipment\\\/\"},{\"@type\":\"ListItem\",\"position\":4,\"name\":\"Chain Conveyor\"}]},{\"@type\":\"WebSite\",\"@id\":\"https:\\\/\\\/www.fanterecycling.com\\\/#website\",\"url\":\"https:\\\/\\\/www.fanterecycling.com\\\/\",\"name\":\"Tire Shredder and Metal Shredder Manufacturer from China - Fante\",\"description\":\"Advanced Recycling Machines for Tires, Metals, E-Waste, and Cables\",\"publisher\":{\"@id\":\"https:\\\/\\\/www.fanterecycling.com\\\/#organization\"},\"alternateName\":\"Shredder Manufacturer\",\"potentialAction\":[{\"@type\":\"SearchAction\",\"target\":{\"@type\":\"EntryPoint\",\"urlTemplate\":\"https:\\\/\\\/www.fanterecycling.com\\\/?s={search_term_string}\"},\"query-input\":{\"@type\":\"PropertyValueSpecification\",\"valueRequired\":true,\"valueName\":\"search_term_string\"}}],\"inLanguage\":\"de\"},{\"@type\":\"Organization\",\"@id\":\"https:\\\/\\\/www.fanterecycling.com\\\/#organization\",\"name\":\"Tire Shredder and Metal Shredder Manufacturer from China - Fante\",\"alternateName\":\"Fante Machinery\",\"url\":\"https:\\\/\\\/www.fanterecycling.com\\\/\",\"logo\":{\"@type\":\"ImageObject\",\"inLanguage\":\"de\",\"@id\":\"https:\\\/\\\/www.fanterecycling.com\\\/#\\\/schema\\\/logo\\\/image\\\/\",\"url\":\"https:\\\/\\\/www.fanterecycling.com\\\/wp-content\\\/uploads\\\/2023\\\/12\\\/logo3.png\",\"contentUrl\":\"https:\\\/\\\/www.fanterecycling.com\\\/wp-content\\\/uploads\\\/2023\\\/12\\\/logo3.png\",\"width\":150,\"height\":59,\"caption\":\"Tire Shredder and Metal Shredder Manufacturer from China - Fante\"},\"image\":{\"@id\":\"https:\\\/\\\/www.fanterecycling.com\\\/#\\\/schema\\\/logo\\\/image\\\/\"},\"sameAs\":[\"https:\\\/\\\/www.facebook.com\\\/fanterecyclingmachinery\\\/\",\"https:\\\/\\\/www.youtube.com\\\/@fanterecyclingmachinery\",\"https:\\\/\\\/api.whatsapp.com\\\/send?phone=8613770963575\"]}]}<\/script>\n<!-- \/ Yoast SEO Premium plugin. -->","yoast_head_json":{"title":"Kettenf\u00f6rderer | RDF-Maschine | Reifenrecyclingmaschine","description":"Kettenf\u00f6rderer transportieren das Material mittels einer durchgehenden Kette, die von Kettenr\u00e4dern an beiden Enden des F\u00f6rderers angetrieben wird.","robots":{"index":"index","follow":"follow","max-snippet":"max-snippet:-1","max-image-preview":"max-image-preview:large","max-video-preview":"max-video-preview:-1"},"canonical":"https:\/\/www.fanterecycling.com\/de\/produkt\/kettenforderer\/","og_locale":"de_DE","og_type":"article","og_title":"Chain Conveyor","og_description":"Chain conveyor move materials forward by a continuous chain driven by sprockets at both ends of the conveyor.","og_url":"https:\/\/www.fanterecycling.com\/de\/produkt\/kettenforderer\/","og_site_name":"Waste Recycling Equipment | Industrial Shredders &amp; Waste Recycling Solutions","article_publisher":"https:\/\/www.facebook.com\/fanterecyclingmachinery\/","article_modified_time":"2026-04-08T06:57:08+00:00","og_image":[{"width":1080,"height":1080,"url":"https:\/\/www.fanterecycling.com\/wp-content\/uploads\/2024\/12\/Chain-Conveyor.jpg","type":"image\/jpeg"}],"twitter_card":"summary_large_image","twitter_misc":{"Gesch\u00e4tzte Lesezeit":"2\u00a0Minuten"},"schema":{"@context":"https:\/\/schema.org","@graph":[{"@type":"WebPage","@id":"https:\/\/www.fanterecycling.com\/product\/chain-conveyor\/","url":"https:\/\/www.fanterecycling.com\/product\/chain-conveyor\/","name":"Kettenf\u00f6rderer | RDF-Maschine | Reifenrecyclingmaschine","isPartOf":{"@id":"https:\/\/www.fanterecycling.com\/#website"},"primaryImageOfPage":{"@id":"https:\/\/www.fanterecycling.com\/product\/chain-conveyor\/#primaryimage"},"image":{"@id":"https:\/\/www.fanterecycling.com\/product\/chain-conveyor\/#primaryimage"},"thumbnailUrl":"https:\/\/www.fanterecycling.com\/wp-content\/uploads\/2024\/12\/Chain-Conveyor.jpg","datePublished":"2024-12-13T05:29:12+00:00","dateModified":"2026-04-08T06:57:08+00:00","description":"Kettenf\u00f6rderer transportieren das Material mittels einer durchgehenden Kette, die von Kettenr\u00e4dern an beiden Enden des F\u00f6rderers angetrieben wird.","breadcrumb":{"@id":"https:\/\/www.fanterecycling.com\/product\/chain-conveyor\/#breadcrumb"},"inLanguage":"de","potentialAction":[{"@type":"ReadAction","target":["https:\/\/www.fanterecycling.com\/product\/chain-conveyor\/"]}]},{"@type":"ImageObject","inLanguage":"de","@id":"https:\/\/www.fanterecycling.com\/product\/chain-conveyor\/#primaryimage","url":"https:\/\/www.fanterecycling.com\/wp-content\/uploads\/2024\/12\/Chain-Conveyor.jpg","contentUrl":"https:\/\/www.fanterecycling.com\/wp-content\/uploads\/2024\/12\/Chain-Conveyor.jpg","width":1080,"height":1080,"caption":"Chain conveyor move materials forward by a continuous chain driven by sprockets at both ends of the conveyor"},{"@type":"BreadcrumbList","@id":"https:\/\/www.fanterecycling.com\/product\/chain-conveyor\/#breadcrumb","itemListElement":[{"@type":"ListItem","position":1,"name":"Home","item":"https:\/\/www.fanterecycling.com\/"},{"@type":"ListItem","position":2,"name":"Products","item":"https:\/\/www.fanterecycling.com\/shop\/"},{"@type":"ListItem","position":3,"name":"Auxiliary Equipment","item":"https:\/\/www.fanterecycling.com\/product-category\/auxiliary-equipment\/"},{"@type":"ListItem","position":4,"name":"Chain Conveyor"}]},{"@type":"WebSite","@id":"https:\/\/www.fanterecycling.com\/#website","url":"https:\/\/www.fanterecycling.com\/","name":"Reifenzerkleinerer und Metallzerkleinerer Hersteller aus China - Fante","description":"Advanced Recycling Machines for Tires, Metals, E-Waste, and Cables","publisher":{"@id":"https:\/\/www.fanterecycling.com\/#organization"},"alternateName":"Shredder Manufacturer","potentialAction":[{"@type":"SearchAction","target":{"@type":"EntryPoint","urlTemplate":"https:\/\/www.fanterecycling.com\/?s={search_term_string}"},"query-input":{"@type":"PropertyValueSpecification","valueRequired":true,"valueName":"search_term_string"}}],"inLanguage":"de"},{"@type":"Organization","@id":"https:\/\/www.fanterecycling.com\/#organization","name":"Reifenzerkleinerer und Metallzerkleinerer Hersteller aus China - Fante","alternateName":"Fante Machinery","url":"https:\/\/www.fanterecycling.com\/","logo":{"@type":"ImageObject","inLanguage":"de","@id":"https:\/\/www.fanterecycling.com\/#\/schema\/logo\/image\/","url":"https:\/\/www.fanterecycling.com\/wp-content\/uploads\/2023\/12\/logo3.png","contentUrl":"https:\/\/www.fanterecycling.com\/wp-content\/uploads\/2023\/12\/logo3.png","width":150,"height":59,"caption":"Tire Shredder and Metal Shredder Manufacturer from China - Fante"},"image":{"@id":"https:\/\/www.fanterecycling.com\/#\/schema\/logo\/image\/"},"sameAs":["https:\/\/www.facebook.com\/fanterecyclingmachinery\/","https:\/\/www.youtube.com\/@fanterecyclingmachinery","https:\/\/api.whatsapp.com\/send?phone=8613770963575"]}]}},"_links":{"self":[{"href":"https:\/\/www.fanterecycling.com\/de\/wp-json\/wp\/v2\/product\/9983","targetHints":{"allow":["GET"]}}],"collection":[{"href":"https:\/\/www.fanterecycling.com\/de\/wp-json\/wp\/v2\/product"}],"about":[{"href":"https:\/\/www.fanterecycling.com\/de\/wp-json\/wp\/v2\/types\/product"}],"replies":[{"embeddable":true,"href":"https:\/\/www.fanterecycling.com\/de\/wp-json\/wp\/v2\/comments?post=9983"}],"wp:featuredmedia":[{"embeddable":true,"href":"https:\/\/www.fanterecycling.com\/de\/wp-json\/wp\/v2\/media\/9984"}],"wp:attachment":[{"href":"https:\/\/www.fanterecycling.com\/de\/wp-json\/wp\/v2\/media?parent=9983"}],"wp:term":[{"taxonomy":"product_brand","embeddable":true,"href":"https:\/\/www.fanterecycling.com\/de\/wp-json\/wp\/v2\/product_brand?post=9983"},{"taxonomy":"product_cat","embeddable":true,"href":"https:\/\/www.fanterecycling.com\/de\/wp-json\/wp\/v2\/product_cat?post=9983"},{"taxonomy":"product_tag","embeddable":true,"href":"https:\/\/www.fanterecycling.com\/de\/wp-json\/wp\/v2\/product_tag?post=9983"}],"curies":[{"name":"wp","href":"https:\/\/api.w.org\/{rel}","templated":true}]}}