{"id":9981,"date":"2024-12-13T13:27:55","date_gmt":"2024-12-13T05:27:55","guid":{"rendered":"https:\/\/fanterecycling.com\/?post_type=product&#038;p=9981"},"modified":"2026-04-08T15:09:15","modified_gmt":"2026-04-08T07:09:15","slug":"air-separator","status":"publish","type":"product","link":"https:\/\/www.fanterecycling.com\/de\/produkt\/luftabscheider\/","title":{"rendered":"Luftabscheider"},"content":{"rendered":"<h2><span style=\"font-size: 14pt;\"><strong data-start=\"0\" data-end=\"17\" data-is-only-node=\"\">Air Separator Machine<\/strong><\/span><\/h2>\n<p>Der Windsichter ist ein Ger\u00e4t zur Sortierung fester Abf\u00e4lle, das den Luftstrom nutzt, um Materialien auf der Grundlage ihrer aerodynamischen Eigenschaften zu trennen. Er arbeitet nach dem Prinzip, dass verschiedene Materialien einen unterschiedlichen Luftwiderstand erfahren. In EBS-Produktionslinien trennt der Windsichter den Abfall effektiv in leichte und schwere Fraktionen. Schwere Materialien wie Steine, Glas und Beton werden auf eine Deponie oder zur weiteren Behandlung geleitet, w\u00e4hrend leichtere Materialien wie Papier und Kunststoffe f\u00fcr die Verarbeitung zu RDF-Brennstoff gesammelt werden. Dies erm\u00f6glicht eine effiziente Ressourcenr\u00fcckgewinnung und unterst\u00fctzt Abfallverwertungsanwendungen wie Stromerzeugung und Heizung.<\/p>\n<h2><span style=\"font-size: 14pt;\">Eigenschaften<\/span><\/h2>\n<p><img decoding=\"async\" class=\"alignleft wp-image-12528 size-full\" src=\"https:\/\/fanterecycling.com\/wp-content\/uploads\/2024\/12\/Air-Separator-1.jpg\" alt=\"Der Windsichter ist ein Ger\u00e4t zur Sortierung fester Abf\u00e4lle, das den Luftstrom nutzt, um Materialien aufgrund ihrer aerodynamischen Eigenschaften zu trennen.\" width=\"600\" height=\"450\" srcset=\"https:\/\/www.fanterecycling.com\/wp-content\/uploads\/2024\/12\/Air-Separator-1.jpg 600w, https:\/\/www.fanterecycling.com\/wp-content\/uploads\/2024\/12\/Air-Separator-1-300x225.jpg 300w\" sizes=\"(max-width: 600px) 100vw, 600px\" \/><\/p>\n<ul>\n<li data-start=\"87\" data-end=\"239\">\n<p data-start=\"89\" data-end=\"239\">Effiziente Abtrennung durch Luftstrom<br data-start=\"124\" data-end=\"127\" \/>Nutzt aerodynamische Prinzipien, um leichte und schwere Materialien auf der Grundlage ihrer Reaktion auf Luftstr\u00f6mungen zu trennen.<\/p>\n<\/li>\n<li data-start=\"241\" data-end=\"420\">\n<p data-start=\"243\" data-end=\"420\">Optimiert f\u00fcr die RDF-Produktion<br data-start=\"275\" data-end=\"278\" \/>Klassifiziert den Abfall effektiv in brennbare (z. B. Papier, Kunststoff) und nicht brennbare (z. B. Glas, Stein) Stoffe und verbessert so die Qualit\u00e4t des Ersatzbrennstoffs.<\/p>\n<\/li>\n<li data-start=\"565\" data-end=\"712\">\n<p data-start=\"567\" data-end=\"712\">Flexible Anwendung<br data-start=\"591\" data-end=\"594\" \/>Suitable for various solid waste treatment systems, including RDF lines, municipal solid waste, and industrial waste.<\/p>\n<\/li>\n<li data-start=\"714\" data-end=\"843\" data-is-last-node=\"\">\n<p data-start=\"716\" data-end=\"843\" data-is-last-node=\"\">Umweltfreundliches Design<br data-start=\"751\" data-end=\"754\" \/>Reduziert die manuelle Sortierung und hilft bei der Staubkontrolle, was zu einer saubereren Arbeitsumgebung beitr\u00e4gt.<\/p>\n<\/li>\n<\/ul>\n<p>&nbsp;<\/p>\n<h2><span style=\"font-size: 14pt;\">Recommended Equipment<\/span><\/h2>\n<table style=\"width: 100%; border-collapse: collapse; border-style: none;\">\n<tbody>\n<tr>\n<td style=\"width: 33.3333%; border-style: none;\"><a href=\"https:\/\/www.fanterecycling.com\/de\/produkt\/schwerlast-hacksler\/\"><img decoding=\"async\" class=\"alignnone wp-image-9905 size-medium\" src=\"https:\/\/www.fanterecycling.com\/wp-content\/uploads\/2023\/12\/Large-Planetary-Shredder-300x300.jpg\" alt=\"Hochleistungsschredder f\u00fcr das Recycling von Metall, Kunststoff, Elektroschrott und Reifen\" width=\"300\" height=\"300\" srcset=\"https:\/\/www.fanterecycling.com\/wp-content\/uploads\/2023\/12\/Large-Planetary-Shredder-300x300.jpg 300w, https:\/\/www.fanterecycling.com\/wp-content\/uploads\/2023\/12\/Large-Planetary-Shredder-1024x1024.jpg 1024w, https:\/\/www.fanterecycling.com\/wp-content\/uploads\/2023\/12\/Large-Planetary-Shredder-150x150.jpg 150w, https:\/\/www.fanterecycling.com\/wp-content\/uploads\/2023\/12\/Large-Planetary-Shredder-768x768.jpg 768w, https:\/\/www.fanterecycling.com\/wp-content\/uploads\/2023\/12\/Large-Planetary-Shredder-600x600.jpg 600w, https:\/\/www.fanterecycling.com\/wp-content\/uploads\/2023\/12\/Large-Planetary-Shredder-100x100.jpg 100w, https:\/\/www.fanterecycling.com\/wp-content\/uploads\/2023\/12\/Large-Planetary-Shredder.jpg 1080w\" sizes=\"(max-width: 300px) 100vw, 300px\" \/><\/a><\/p>\n<p style=\"text-align: center;\"><span style=\"color: #4a8e63;\"><a style=\"color: #4a8e63;\" href=\"https:\/\/www.fanterecycling.com\/de\/produkt\/schwerlast-hacksler\/\"><strong>Heavy Duty\u00a0 Shredder<\/strong><\/a><\/span><\/p>\n<\/td>\n<td style=\"width: 33.3333%; border-style: none;\">\n<p style=\"text-align: center;\"><a href=\"https:\/\/www.fanterecycling.com\/de\/produkt\/doppelwellenzerkleinerer\/\"><img decoding=\"async\" class=\"alignnone wp-image-9906 size-medium\" src=\"https:\/\/www.fanterecycling.com\/wp-content\/uploads\/2023\/12\/Double-Shaft-Shredder-300x300.jpg\" alt=\"Doppelwellenzerkleinerer zur Zerkleinerung von Kunststoff, Metall, Autokarosserien, Reifen, Elektroschrott und Holz\" width=\"300\" height=\"300\" srcset=\"https:\/\/www.fanterecycling.com\/wp-content\/uploads\/2023\/12\/Double-Shaft-Shredder-300x300.jpg 300w, https:\/\/www.fanterecycling.com\/wp-content\/uploads\/2023\/12\/Double-Shaft-Shredder-1024x1024.jpg 1024w, https:\/\/www.fanterecycling.com\/wp-content\/uploads\/2023\/12\/Double-Shaft-Shredder-150x150.jpg 150w, https:\/\/www.fanterecycling.com\/wp-content\/uploads\/2023\/12\/Double-Shaft-Shredder-768x768.jpg 768w, https:\/\/www.fanterecycling.com\/wp-content\/uploads\/2023\/12\/Double-Shaft-Shredder-600x600.jpg 600w, https:\/\/www.fanterecycling.com\/wp-content\/uploads\/2023\/12\/Double-Shaft-Shredder-100x100.jpg 100w, https:\/\/www.fanterecycling.com\/wp-content\/uploads\/2023\/12\/Double-Shaft-Shredder.jpg 1080w\" sizes=\"(max-width: 300px) 100vw, 300px\" \/><\/a><\/p>\n<p style=\"text-align: center;\"><span style=\"color: #4a8e63;\"><a style=\"color: #4a8e63;\" href=\"https:\/\/www.fanterecycling.com\/de\/produkt\/doppelwellenzerkleinerer\/\"><strong>Doppelwellenzerkleinerer<\/strong><\/a><\/span><\/p>\n<\/td>\n<td style=\"width: 33.3333%; border-style: none;\"><a href=\"https:\/\/www.fanterecycling.com\/de\/produkt\/trommelsieb\/\"><img decoding=\"async\" class=\"alignnone wp-image-11459 size-medium\" src=\"https:\/\/www.fanterecycling.com\/wp-content\/uploads\/2024\/12\/Drum-Screen-300x300.jpg\" alt=\"Das Trommelsieb ist ein Siebger\u00e4t, das zur Trennung von Materialien nach Gr\u00f6\u00dfe verwendet wird.\" width=\"300\" height=\"300\" srcset=\"https:\/\/www.fanterecycling.com\/wp-content\/uploads\/2024\/12\/Drum-Screen-300x300.jpg 300w, https:\/\/www.fanterecycling.com\/wp-content\/uploads\/2024\/12\/Drum-Screen-1024x1024.jpg 1024w, https:\/\/www.fanterecycling.com\/wp-content\/uploads\/2024\/12\/Drum-Screen-150x150.jpg 150w, https:\/\/www.fanterecycling.com\/wp-content\/uploads\/2024\/12\/Drum-Screen-768x768.jpg 768w, https:\/\/www.fanterecycling.com\/wp-content\/uploads\/2024\/12\/Drum-Screen-600x600.jpg 600w, https:\/\/www.fanterecycling.com\/wp-content\/uploads\/2024\/12\/Drum-Screen-100x100.jpg 100w, https:\/\/www.fanterecycling.com\/wp-content\/uploads\/2024\/12\/Drum-Screen.jpg 1080w\" sizes=\"(max-width: 300px) 100vw, 300px\" \/><\/a><\/p>\n<p style=\"text-align: center;\"><span style=\"color: #4a8e63;\"><a style=\"color: #4a8e63;\" href=\"https:\/\/www.fanterecycling.com\/de\/produkt\/trommelsieb\/\"><strong>Trommelsieb<\/strong><\/a><\/span><\/p>\n<\/td>\n<\/tr>\n<\/tbody>\n<\/table>","protected":false},"excerpt":{"rendered":"<h1><span style=\"font-size: 14pt;\">Luftabscheider<\/span><\/h1>\n<p>&nbsp;<\/p>\n<h6>Produktmodell: FTAS<\/h6>\n<p>&nbsp;<\/p>\n<h6>Typ: Sortierger\u00e4te<\/h6>\n<p>&nbsp;<\/p>\n<h6>Material: Kundenspezifische Dienstleistungen, eine Vielzahl von Materialien zur Auswahl<\/h6>\n<p>&nbsp;<\/p>\n<h6>Farbe: Kundenspezifischer Service verf\u00fcgbar<\/h6>\n<p>&nbsp;<\/p>\n<h6>Marke: Fante<\/h6>","protected":false},"featured_media":12510,"comment_status":"closed","ping_status":"closed","template":"","meta":{"site-sidebar-layout":"default","site-content-layout":"","ast-site-content-layout":"default","site-content-style":"default","site-sidebar-style":"default","ast-global-header-display":"","ast-banner-title-visibility":"","ast-main-header-display":"","ast-hfb-above-header-display":"","ast-hfb-below-header-display":"","ast-hfb-mobile-header-display":"","site-post-title":"","ast-breadcrumbs-content":"","ast-featured-img":"","footer-sml-layout":"","ast-disable-related-posts":"","theme-transparent-header-meta":"default","adv-header-id-meta":"","stick-header-meta":"","header-above-stick-meta":"","header-main-stick-meta":"","header-below-stick-meta":"","astra-migrate-meta-layouts":"set","ast-page-background-enabled":"default","ast-page-background-meta":{"desktop":{"background-color":"var(--ast-global-color-4)","background-image":"","background-repeat":"repeat","background-position":"center center","background-size":"auto","background-attachment":"scroll","background-type":"","background-media":"","overlay-type":"","overlay-color":"","overlay-opacity":"","overlay-gradient":""},"tablet":{"background-color":"","background-image":"","background-repeat":"repeat","background-position":"center center","background-size":"auto","background-attachment":"scroll","background-type":"","background-media":"","overlay-type":"","overlay-color":"","overlay-opacity":"","overlay-gradient":""},"mobile":{"background-color":"","background-image":"","background-repeat":"repeat","background-position":"center center","background-size":"auto","background-attachment":"scroll","background-type":"","background-media":"","overlay-type":"","overlay-color":"","overlay-opacity":"","overlay-gradient":""}},"ast-content-background-meta":{"desktop":{"background-color":"var(--ast-global-color-5)","background-image":"","background-repeat":"repeat","background-position":"center center","background-size":"auto","background-attachment":"scroll","background-type":"","background-media":"","overlay-type":"","overlay-color":"","overlay-opacity":"","overlay-gradient":""},"tablet":{"background-color":"var(--ast-global-color-5)","background-image":"","background-repeat":"repeat","background-position":"center center","background-size":"auto","background-attachment":"scroll","background-type":"","background-media":"","overlay-type":"","overlay-color":"","overlay-opacity":"","overlay-gradient":""},"mobile":{"background-color":"var(--ast-global-color-5)","background-image":"","background-repeat":"repeat","background-position":"center center","background-size":"auto","background-attachment":"scroll","background-type":"","background-media":"","overlay-type":"","overlay-color":"","overlay-opacity":"","overlay-gradient":""}}},"product_brand":[],"product_cat":[132],"product_tag":[],"class_list":{"0":"post-9981","1":"product","2":"type-product","3":"status-publish","4":"has-post-thumbnail","6":"product_cat-separator-equipment","7":"desktop-align-left","8":"tablet-align-left","9":"mobile-align-left","11":"first","12":"instock","13":"shipping-taxable","14":"purchasable","15":"product-type-simple"},"yoast_head":"<!-- This site is optimized with the Yoast SEO Premium plugin v27.5 (Yoast SEO v27.6) - https:\/\/yoast.com\/product\/yoast-seo-premium-wordpress\/ -->\n<title>Air Separator | RDF Waste | RDF Sorting Machine<\/title>\n<meta name=\"description\" content=\"The air separator is a solid waste sorting device that utilizes airflow to separate materials based on their aerodynamic properties.\" \/>\n<meta name=\"robots\" content=\"index, follow, max-snippet:-1, max-image-preview:large, max-video-preview:-1\" \/>\n<link rel=\"canonical\" href=\"https:\/\/www.fanterecycling.com\/de\/produkt\/luftabscheider\/\" \/>\n<meta property=\"og:locale\" content=\"de_DE\" \/>\n<meta property=\"og:type\" content=\"article\" \/>\n<meta property=\"og:title\" content=\"Air Separator\" \/>\n<meta property=\"og:description\" content=\"The air separator is a solid waste sorting device that utilizes airflow to separate materials based on their aerodynamic properties.\" \/>\n<meta property=\"og:url\" content=\"https:\/\/www.fanterecycling.com\/de\/produkt\/luftabscheider\/\" \/>\n<meta property=\"og:site_name\" content=\"Waste Recycling Equipment | Industrial Shredders &amp; Waste Recycling Solutions\" \/>\n<meta property=\"article:publisher\" content=\"https:\/\/www.facebook.com\/fanterecyclingmachinery\/\" \/>\n<meta property=\"article:modified_time\" content=\"2026-04-08T07:09:15+00:00\" \/>\n<meta property=\"og:image\" content=\"https:\/\/www.fanterecycling.com\/wp-content\/uploads\/2024\/12\/air-separator.jpg\" \/>\n\t<meta property=\"og:image:width\" content=\"1080\" \/>\n\t<meta property=\"og:image:height\" content=\"1080\" \/>\n\t<meta property=\"og:image:type\" content=\"image\/jpeg\" \/>\n<meta name=\"twitter:card\" content=\"summary_large_image\" \/>\n<meta name=\"twitter:label1\" content=\"Gesch\u00e4tzte Lesezeit\" \/>\n\t<meta name=\"twitter:data1\" content=\"2\u00a0Minuten\" \/>\n<script type=\"application\/ld+json\" class=\"yoast-schema-graph\">{\"@context\":\"https:\\\/\\\/schema.org\",\"@graph\":[{\"@type\":\"WebPage\",\"@id\":\"https:\\\/\\\/www.fanterecycling.com\\\/product\\\/air-separator\\\/\",\"url\":\"https:\\\/\\\/www.fanterecycling.com\\\/product\\\/air-separator\\\/\",\"name\":\"Air Separator | RDF Waste | RDF Sorting Machine\",\"isPartOf\":{\"@id\":\"https:\\\/\\\/www.fanterecycling.com\\\/#website\"},\"primaryImageOfPage\":{\"@id\":\"https:\\\/\\\/www.fanterecycling.com\\\/product\\\/air-separator\\\/#primaryimage\"},\"image\":{\"@id\":\"https:\\\/\\\/www.fanterecycling.com\\\/product\\\/air-separator\\\/#primaryimage\"},\"thumbnailUrl\":\"https:\\\/\\\/www.fanterecycling.com\\\/wp-content\\\/uploads\\\/2024\\\/12\\\/air-separator.jpg\",\"datePublished\":\"2024-12-13T05:27:55+00:00\",\"dateModified\":\"2026-04-08T07:09:15+00:00\",\"description\":\"The air separator is a solid waste sorting device that utilizes airflow to separate materials based on their aerodynamic properties.\",\"breadcrumb\":{\"@id\":\"https:\\\/\\\/www.fanterecycling.com\\\/product\\\/air-separator\\\/#breadcrumb\"},\"inLanguage\":\"de\",\"potentialAction\":[{\"@type\":\"ReadAction\",\"target\":[\"https:\\\/\\\/www.fanterecycling.com\\\/product\\\/air-separator\\\/\"]}]},{\"@type\":\"ImageObject\",\"inLanguage\":\"de\",\"@id\":\"https:\\\/\\\/www.fanterecycling.com\\\/product\\\/air-separator\\\/#primaryimage\",\"url\":\"https:\\\/\\\/www.fanterecycling.com\\\/wp-content\\\/uploads\\\/2024\\\/12\\\/air-separator.jpg\",\"contentUrl\":\"https:\\\/\\\/www.fanterecycling.com\\\/wp-content\\\/uploads\\\/2024\\\/12\\\/air-separator.jpg\",\"width\":1080,\"height\":1080,\"caption\":\"The air separator is a solid waste sorting device that utilizes airflow to separate materials based on their aerodynamic properties.\"},{\"@type\":\"BreadcrumbList\",\"@id\":\"https:\\\/\\\/www.fanterecycling.com\\\/product\\\/air-separator\\\/#breadcrumb\",\"itemListElement\":[{\"@type\":\"ListItem\",\"position\":1,\"name\":\"Home\",\"item\":\"https:\\\/\\\/www.fanterecycling.com\\\/\"},{\"@type\":\"ListItem\",\"position\":2,\"name\":\"Products\",\"item\":\"https:\\\/\\\/www.fanterecycling.com\\\/shop\\\/\"},{\"@type\":\"ListItem\",\"position\":3,\"name\":\"Separator Equipment\",\"item\":\"https:\\\/\\\/www.fanterecycling.com\\\/product-category\\\/separator-equipment\\\/\"},{\"@type\":\"ListItem\",\"position\":4,\"name\":\"Air Separator\"}]},{\"@type\":\"WebSite\",\"@id\":\"https:\\\/\\\/www.fanterecycling.com\\\/#website\",\"url\":\"https:\\\/\\\/www.fanterecycling.com\\\/\",\"name\":\"Tire Shredder and Metal Shredder Manufacturer from China - Fante\",\"description\":\"Advanced Recycling Machines for Tires, Metals, E-Waste, and Cables\",\"publisher\":{\"@id\":\"https:\\\/\\\/www.fanterecycling.com\\\/#organization\"},\"alternateName\":\"Shredder Manufacturer\",\"potentialAction\":[{\"@type\":\"SearchAction\",\"target\":{\"@type\":\"EntryPoint\",\"urlTemplate\":\"https:\\\/\\\/www.fanterecycling.com\\\/?s={search_term_string}\"},\"query-input\":{\"@type\":\"PropertyValueSpecification\",\"valueRequired\":true,\"valueName\":\"search_term_string\"}}],\"inLanguage\":\"de\"},{\"@type\":\"Organization\",\"@id\":\"https:\\\/\\\/www.fanterecycling.com\\\/#organization\",\"name\":\"Tire Shredder and Metal Shredder Manufacturer from China - Fante\",\"alternateName\":\"Fante Machinery\",\"url\":\"https:\\\/\\\/www.fanterecycling.com\\\/\",\"logo\":{\"@type\":\"ImageObject\",\"inLanguage\":\"de\",\"@id\":\"https:\\\/\\\/www.fanterecycling.com\\\/#\\\/schema\\\/logo\\\/image\\\/\",\"url\":\"https:\\\/\\\/www.fanterecycling.com\\\/wp-content\\\/uploads\\\/2023\\\/12\\\/logo3.png\",\"contentUrl\":\"https:\\\/\\\/www.fanterecycling.com\\\/wp-content\\\/uploads\\\/2023\\\/12\\\/logo3.png\",\"width\":150,\"height\":59,\"caption\":\"Tire Shredder and Metal Shredder Manufacturer from China - Fante\"},\"image\":{\"@id\":\"https:\\\/\\\/www.fanterecycling.com\\\/#\\\/schema\\\/logo\\\/image\\\/\"},\"sameAs\":[\"https:\\\/\\\/www.facebook.com\\\/fanterecyclingmachinery\\\/\",\"https:\\\/\\\/www.youtube.com\\\/@fanterecyclingmachinery\",\"https:\\\/\\\/api.whatsapp.com\\\/send?phone=8613770963575\"]}]}<\/script>\n<!-- \/ Yoast SEO Premium plugin. -->","yoast_head_json":{"title":"Luftabscheider | RDF-Abfall | RDF-Sortiermaschine","description":"Der Windsichter ist ein Ger\u00e4t zur Sortierung fester Abf\u00e4lle, das den Luftstrom nutzt, um Materialien aufgrund ihrer aerodynamischen Eigenschaften zu trennen.","robots":{"index":"index","follow":"follow","max-snippet":"max-snippet:-1","max-image-preview":"max-image-preview:large","max-video-preview":"max-video-preview:-1"},"canonical":"https:\/\/www.fanterecycling.com\/de\/produkt\/luftabscheider\/","og_locale":"de_DE","og_type":"article","og_title":"Air Separator","og_description":"The air separator is a solid waste sorting device that utilizes airflow to separate materials based on their aerodynamic properties.","og_url":"https:\/\/www.fanterecycling.com\/de\/produkt\/luftabscheider\/","og_site_name":"Waste Recycling Equipment | Industrial Shredders &amp; Waste Recycling Solutions","article_publisher":"https:\/\/www.facebook.com\/fanterecyclingmachinery\/","article_modified_time":"2026-04-08T07:09:15+00:00","og_image":[{"width":1080,"height":1080,"url":"https:\/\/www.fanterecycling.com\/wp-content\/uploads\/2024\/12\/air-separator.jpg","type":"image\/jpeg"}],"twitter_card":"summary_large_image","twitter_misc":{"Gesch\u00e4tzte Lesezeit":"2\u00a0Minuten"},"schema":{"@context":"https:\/\/schema.org","@graph":[{"@type":"WebPage","@id":"https:\/\/www.fanterecycling.com\/product\/air-separator\/","url":"https:\/\/www.fanterecycling.com\/product\/air-separator\/","name":"Luftabscheider | RDF-Abfall | RDF-Sortiermaschine","isPartOf":{"@id":"https:\/\/www.fanterecycling.com\/#website"},"primaryImageOfPage":{"@id":"https:\/\/www.fanterecycling.com\/product\/air-separator\/#primaryimage"},"image":{"@id":"https:\/\/www.fanterecycling.com\/product\/air-separator\/#primaryimage"},"thumbnailUrl":"https:\/\/www.fanterecycling.com\/wp-content\/uploads\/2024\/12\/air-separator.jpg","datePublished":"2024-12-13T05:27:55+00:00","dateModified":"2026-04-08T07:09:15+00:00","description":"Der Windsichter ist ein Ger\u00e4t zur Sortierung fester Abf\u00e4lle, das den Luftstrom nutzt, um Materialien aufgrund ihrer aerodynamischen Eigenschaften zu trennen.","breadcrumb":{"@id":"https:\/\/www.fanterecycling.com\/product\/air-separator\/#breadcrumb"},"inLanguage":"de","potentialAction":[{"@type":"ReadAction","target":["https:\/\/www.fanterecycling.com\/product\/air-separator\/"]}]},{"@type":"ImageObject","inLanguage":"de","@id":"https:\/\/www.fanterecycling.com\/product\/air-separator\/#primaryimage","url":"https:\/\/www.fanterecycling.com\/wp-content\/uploads\/2024\/12\/air-separator.jpg","contentUrl":"https:\/\/www.fanterecycling.com\/wp-content\/uploads\/2024\/12\/air-separator.jpg","width":1080,"height":1080,"caption":"The air separator is a solid waste sorting device that utilizes airflow to separate materials based on their aerodynamic properties."},{"@type":"BreadcrumbList","@id":"https:\/\/www.fanterecycling.com\/product\/air-separator\/#breadcrumb","itemListElement":[{"@type":"ListItem","position":1,"name":"Home","item":"https:\/\/www.fanterecycling.com\/"},{"@type":"ListItem","position":2,"name":"Products","item":"https:\/\/www.fanterecycling.com\/shop\/"},{"@type":"ListItem","position":3,"name":"Separator Equipment","item":"https:\/\/www.fanterecycling.com\/product-category\/separator-equipment\/"},{"@type":"ListItem","position":4,"name":"Air Separator"}]},{"@type":"WebSite","@id":"https:\/\/www.fanterecycling.com\/#website","url":"https:\/\/www.fanterecycling.com\/","name":"Reifenzerkleinerer und Metallzerkleinerer Hersteller aus China - Fante","description":"Advanced Recycling Machines for Tires, Metals, E-Waste, and Cables","publisher":{"@id":"https:\/\/www.fanterecycling.com\/#organization"},"alternateName":"Shredder Manufacturer","potentialAction":[{"@type":"SearchAction","target":{"@type":"EntryPoint","urlTemplate":"https:\/\/www.fanterecycling.com\/?s={search_term_string}"},"query-input":{"@type":"PropertyValueSpecification","valueRequired":true,"valueName":"search_term_string"}}],"inLanguage":"de"},{"@type":"Organization","@id":"https:\/\/www.fanterecycling.com\/#organization","name":"Reifenzerkleinerer und Metallzerkleinerer Hersteller aus China - Fante","alternateName":"Fante Machinery","url":"https:\/\/www.fanterecycling.com\/","logo":{"@type":"ImageObject","inLanguage":"de","@id":"https:\/\/www.fanterecycling.com\/#\/schema\/logo\/image\/","url":"https:\/\/www.fanterecycling.com\/wp-content\/uploads\/2023\/12\/logo3.png","contentUrl":"https:\/\/www.fanterecycling.com\/wp-content\/uploads\/2023\/12\/logo3.png","width":150,"height":59,"caption":"Tire Shredder and Metal Shredder Manufacturer from China - Fante"},"image":{"@id":"https:\/\/www.fanterecycling.com\/#\/schema\/logo\/image\/"},"sameAs":["https:\/\/www.facebook.com\/fanterecyclingmachinery\/","https:\/\/www.youtube.com\/@fanterecyclingmachinery","https:\/\/api.whatsapp.com\/send?phone=8613770963575"]}]}},"_links":{"self":[{"href":"https:\/\/www.fanterecycling.com\/de\/wp-json\/wp\/v2\/product\/9981","targetHints":{"allow":["GET"]}}],"collection":[{"href":"https:\/\/www.fanterecycling.com\/de\/wp-json\/wp\/v2\/product"}],"about":[{"href":"https:\/\/www.fanterecycling.com\/de\/wp-json\/wp\/v2\/types\/product"}],"replies":[{"embeddable":true,"href":"https:\/\/www.fanterecycling.com\/de\/wp-json\/wp\/v2\/comments?post=9981"}],"wp:featuredmedia":[{"embeddable":true,"href":"https:\/\/www.fanterecycling.com\/de\/wp-json\/wp\/v2\/media\/12510"}],"wp:attachment":[{"href":"https:\/\/www.fanterecycling.com\/de\/wp-json\/wp\/v2\/media?parent=9981"}],"wp:term":[{"taxonomy":"product_brand","embeddable":true,"href":"https:\/\/www.fanterecycling.com\/de\/wp-json\/wp\/v2\/product_brand?post=9981"},{"taxonomy":"product_cat","embeddable":true,"href":"https:\/\/www.fanterecycling.com\/de\/wp-json\/wp\/v2\/product_cat?post=9981"},{"taxonomy":"product_tag","embeddable":true,"href":"https:\/\/www.fanterecycling.com\/de\/wp-json\/wp\/v2\/product_tag?post=9981"}],"curies":[{"name":"wp","href":"https:\/\/api.w.org\/{rel}","templated":true}]}}