{"id":9977,"date":"2024-12-13T13:24:24","date_gmt":"2024-12-13T05:24:24","guid":{"rendered":"https:\/\/fanterecycling.com\/?post_type=product&#038;p=9977"},"modified":"2026-04-08T15:21:35","modified_gmt":"2026-04-08T07:21:35","slug":"drum-screen","status":"publish","type":"product","link":"https:\/\/www.fanterecycling.com\/de\/produkt\/trommelsieb\/","title":{"rendered":"Trommelsieb"},"content":{"rendered":"<h2><span style=\"font-size: 14pt;\"><strong data-start=\"0\" data-end=\"15\" data-is-only-node=\"\">Rotary Drum Screen<\/strong><\/span><\/h2>\n<p>Das Trommelsieb ist ein Siebger\u00e4t, das zur Trennung von Materialien nach Gr\u00f6\u00dfe verwendet wird. Es besteht aus einer rotierenden zylindrischen Trommel mit Perforationen, durch die kleinere Partikel hindurchfallen, w\u00e4hrend gr\u00f6\u00dfere Materialien am anderen Ende austreten. Das System umfasst einen Motor, ein Getriebe, eine Trommeleinheit, einen Rahmen, einen abgedichteten Deckel und einen Ein- und Auslass. Die robuste Struktur, die gute Bel\u00fcftung und das verstopfungsfreie Design gew\u00e4hrleisten eine effiziente und zuverl\u00e4ssige Siebung. Das System wird h\u00e4ufig in Ersatzbrennstoffanlagen eingesetzt und tr\u00e4gt dazu bei, \u00fcbergro\u00dfe und unterdimensionierte Abf\u00e4lle zu trennen, Staub und Schlamm zu entfernen und die Reinheit von Kompost oder Brennstoff zu verbessern.<\/p>\n<h2><span style=\"font-size: 14pt;\">Eigenschaften<\/span><\/h2>\n<p>&nbsp;<\/p>\n<p><img decoding=\"async\" class=\"alignleft wp-image-12509\" src=\"https:\/\/fanterecycling.com\/wp-content\/uploads\/2024\/12\/drum-screen-photo-1024x768.jpg\" alt=\"Das Trommelsieb ist ein Siebger\u00e4t, das zur Trennung von Materialien nach Gr\u00f6\u00dfe verwendet wird.\" width=\"526\" height=\"394\" srcset=\"https:\/\/www.fanterecycling.com\/wp-content\/uploads\/2024\/12\/drum-screen-photo-1024x768.jpg 1024w, https:\/\/www.fanterecycling.com\/wp-content\/uploads\/2024\/12\/drum-screen-photo-300x225.jpg 300w, https:\/\/www.fanterecycling.com\/wp-content\/uploads\/2024\/12\/drum-screen-photo-768x576.jpg 768w, https:\/\/www.fanterecycling.com\/wp-content\/uploads\/2024\/12\/drum-screen-photo-600x450.jpg 600w, https:\/\/www.fanterecycling.com\/wp-content\/uploads\/2024\/12\/drum-screen-photo.jpg 1463w\" sizes=\"(max-width: 526px) 100vw, 526px\" \/><\/p>\n<ul>\n<li data-start=\"82\" data-end=\"185\">\n<p data-start=\"84\" data-end=\"185\">Effiziente Siebung: Trennt Materialien genau nach Gr\u00f6\u00dfe durch rotierende Trommellochung.<\/p>\n<\/li>\n<li data-start=\"186\" data-end=\"286\">\n<p data-start=\"188\" data-end=\"286\">Verstopfungsresistentes Design: Die Siebl\u00f6cher verstopfen seltener und gew\u00e4hrleisten einen kontinuierlichen Betrieb.<\/p>\n<\/li>\n<li data-start=\"287\" data-end=\"407\">\n<p data-start=\"289\" data-end=\"407\">Vollst\u00e4ndig geschlossene Struktur: Ausgestattet mit einer versiegelten Abdeckung und Staubkontrollschnittstelle, um Verschmutzung und Geruch zu verhindern.<\/p>\n<\/li>\n<li data-start=\"408\" data-end=\"516\">\n<p data-start=\"410\" data-end=\"516\">Langlebige Konstruktion: Der robuste Rahmen und die verschlei\u00dffesten Komponenten sorgen f\u00fcr eine lange Nutzungsdauer.<\/p>\n<\/li>\n<li data-start=\"517\" data-end=\"638\">\n<p data-start=\"519\" data-end=\"638\">Vielseitige Anwendung: Ideal f\u00fcr RDF-Linien zur Klassifizierung von \u00fcber- und unterdimensionierten Abf\u00e4llen und zur Entfernung von Staub oder Schlamm.<\/p>\n<\/li>\n<li data-start=\"639\" data-end=\"744\" data-is-last-node=\"\">\n<p data-start=\"641\" data-end=\"744\" data-is-last-node=\"\">Verbessert die Qualit\u00e4t des Outputs: Hilft bei der Produktion von sauberem RDF und hochreinem Kompost durch die Beseitigung von Verunreinigungen.<\/p>\n<\/li>\n<\/ul>\n<h2><span style=\"font-size: 14pt;\">Recommended Equipment<\/span><\/h2>\n<table style=\"width: 100%; border-collapse: collapse; border-style: none;\">\n<tbody>\n<tr>\n<td style=\"width: 33.3333%; border-style: none;\"><a href=\"https:\/\/www.fanterecycling.com\/de\/produkt\/schwerlast-hacksler\/\"><img decoding=\"async\" class=\"wp-image-9905 size-medium alignnone\" src=\"https:\/\/www.fanterecycling.com\/wp-content\/uploads\/2023\/12\/Large-Planetary-Shredder-300x300.jpg\" alt=\"Hochleistungsschredder f\u00fcr das Recycling von Metall, Kunststoff, Elektroschrott und Reifen\" width=\"300\" height=\"300\" srcset=\"https:\/\/www.fanterecycling.com\/wp-content\/uploads\/2023\/12\/Large-Planetary-Shredder-300x300.jpg 300w, https:\/\/www.fanterecycling.com\/wp-content\/uploads\/2023\/12\/Large-Planetary-Shredder-1024x1024.jpg 1024w, https:\/\/www.fanterecycling.com\/wp-content\/uploads\/2023\/12\/Large-Planetary-Shredder-150x150.jpg 150w, https:\/\/www.fanterecycling.com\/wp-content\/uploads\/2023\/12\/Large-Planetary-Shredder-768x768.jpg 768w, https:\/\/www.fanterecycling.com\/wp-content\/uploads\/2023\/12\/Large-Planetary-Shredder-600x600.jpg 600w, https:\/\/www.fanterecycling.com\/wp-content\/uploads\/2023\/12\/Large-Planetary-Shredder-100x100.jpg 100w, https:\/\/www.fanterecycling.com\/wp-content\/uploads\/2023\/12\/Large-Planetary-Shredder.jpg 1080w\" sizes=\"(max-width: 300px) 100vw, 300px\" \/><\/a><\/p>\n<p style=\"text-align: center;\"><span style=\"color: #4a8e63;\"><a style=\"color: #4a8e63;\" href=\"https:\/\/www.fanterecycling.com\/de\/produkt\/schwerlast-hacksler\/\"><strong>Heavy Duty\u00a0 Shredder<\/strong><\/a><\/span><\/p>\n<\/td>\n<td style=\"width: 33.3333%; border-style: none;\">\n<p style=\"text-align: center;\"><a href=\"https:\/\/www.fanterecycling.com\/de\/produkt\/doppelwellenzerkleinerer\/\"><img decoding=\"async\" class=\"wp-image-9906 size-medium alignnone\" src=\"https:\/\/www.fanterecycling.com\/wp-content\/uploads\/2023\/12\/Double-Shaft-Shredder-300x300.jpg\" alt=\"Doppelwellenzerkleinerer zur Zerkleinerung von Kunststoff, Metall, Autokarosserien, Reifen, Elektroschrott und Holz\" width=\"300\" height=\"300\" srcset=\"https:\/\/www.fanterecycling.com\/wp-content\/uploads\/2023\/12\/Double-Shaft-Shredder-300x300.jpg 300w, https:\/\/www.fanterecycling.com\/wp-content\/uploads\/2023\/12\/Double-Shaft-Shredder-1024x1024.jpg 1024w, https:\/\/www.fanterecycling.com\/wp-content\/uploads\/2023\/12\/Double-Shaft-Shredder-150x150.jpg 150w, https:\/\/www.fanterecycling.com\/wp-content\/uploads\/2023\/12\/Double-Shaft-Shredder-768x768.jpg 768w, https:\/\/www.fanterecycling.com\/wp-content\/uploads\/2023\/12\/Double-Shaft-Shredder-600x600.jpg 600w, https:\/\/www.fanterecycling.com\/wp-content\/uploads\/2023\/12\/Double-Shaft-Shredder-100x100.jpg 100w, https:\/\/www.fanterecycling.com\/wp-content\/uploads\/2023\/12\/Double-Shaft-Shredder.jpg 1080w\" sizes=\"(max-width: 300px) 100vw, 300px\" \/><\/a><\/p>\n<p style=\"text-align: center;\"><span style=\"color: #4a8e63;\"><a style=\"color: #4a8e63;\" href=\"https:\/\/www.fanterecycling.com\/de\/produkt\/doppelwellenzerkleinerer\/\"><strong>Doppelwellenzerkleinerer<\/strong><\/a><\/span><\/p>\n<\/td>\n<td style=\"width: 33.3333%; border-style: none;\"><a href=\"https:\/\/www.fanterecycling.com\/de\/produkt\/luftabscheider\/\"><img decoding=\"async\" class=\"alignnone wp-image-12510 size-medium\" src=\"https:\/\/www.fanterecycling.com\/wp-content\/uploads\/2024\/12\/air-separator-300x300.jpg\" alt=\"Der Windsichter ist ein Ger\u00e4t zur Sortierung fester Abf\u00e4lle, das den Luftstrom nutzt, um Materialien aufgrund ihrer aerodynamischen Eigenschaften zu trennen.\" width=\"300\" height=\"300\" srcset=\"https:\/\/www.fanterecycling.com\/wp-content\/uploads\/2024\/12\/air-separator-300x300.jpg 300w, https:\/\/www.fanterecycling.com\/wp-content\/uploads\/2024\/12\/air-separator-1024x1024.jpg 1024w, https:\/\/www.fanterecycling.com\/wp-content\/uploads\/2024\/12\/air-separator-150x150.jpg 150w, https:\/\/www.fanterecycling.com\/wp-content\/uploads\/2024\/12\/air-separator-768x768.jpg 768w, https:\/\/www.fanterecycling.com\/wp-content\/uploads\/2024\/12\/air-separator-600x600.jpg 600w, https:\/\/www.fanterecycling.com\/wp-content\/uploads\/2024\/12\/air-separator-100x100.jpg 100w, https:\/\/www.fanterecycling.com\/wp-content\/uploads\/2024\/12\/air-separator.jpg 1080w\" sizes=\"(max-width: 300px) 100vw, 300px\" \/><\/a><\/p>\n<p style=\"text-align: center;\"><span style=\"color: #4a8e63;\"><a style=\"color: #4a8e63;\" href=\"https:\/\/www.fanterecycling.com\/de\/produkt\/luftabscheider\/\"><strong>Luftabscheider<\/strong><\/a><\/span><\/p>\n<\/td>\n<\/tr>\n<\/tbody>\n<\/table>","protected":false},"excerpt":{"rendered":"<h1><span style=\"font-size: 14pt;\"><strong data-start=\"0\" data-end=\"15\" data-is-only-node=\"\">Trommelsieb<\/strong><\/span><\/h1>\n<p>&nbsp;<\/p>\n<h6>Produktmodell: FTDS<\/h6>\n<p>&nbsp;<\/p>\n<h6>Typ: Sortierger\u00e4te<\/h6>\n<p>&nbsp;<\/p>\n<h6>Material: Kundenspezifische Dienstleistungen, eine Vielzahl von Materialien zur Auswahl<\/h6>\n<p>&nbsp;<\/p>\n<h6>Farbe: Kundenspezifischer Service verf\u00fcgbar<\/h6>\n<p>&nbsp;<\/p>\n<h6>Marke: Fante<\/h6>","protected":false},"featured_media":11459,"comment_status":"closed","ping_status":"closed","template":"","meta":{"site-sidebar-layout":"default","site-content-layout":"","ast-site-content-layout":"default","site-content-style":"default","site-sidebar-style":"default","ast-global-header-display":"","ast-banner-title-visibility":"","ast-main-header-display":"","ast-hfb-above-header-display":"","ast-hfb-below-header-display":"","ast-hfb-mobile-header-display":"","site-post-title":"","ast-breadcrumbs-content":"","ast-featured-img":"","footer-sml-layout":"","ast-disable-related-posts":"","theme-transparent-header-meta":"default","adv-header-id-meta":"","stick-header-meta":"","header-above-stick-meta":"","header-main-stick-meta":"","header-below-stick-meta":"","astra-migrate-meta-layouts":"set","ast-page-background-enabled":"default","ast-page-background-meta":{"desktop":{"background-color":"var(--ast-global-color-4)","background-image":"","background-repeat":"repeat","background-position":"center center","background-size":"auto","background-attachment":"scroll","background-type":"","background-media":"","overlay-type":"","overlay-color":"","overlay-opacity":"","overlay-gradient":""},"tablet":{"background-color":"","background-image":"","background-repeat":"repeat","background-position":"center center","background-size":"auto","background-attachment":"scroll","background-type":"","background-media":"","overlay-type":"","overlay-color":"","overlay-opacity":"","overlay-gradient":""},"mobile":{"background-color":"","background-image":"","background-repeat":"repeat","background-position":"center center","background-size":"auto","background-attachment":"scroll","background-type":"","background-media":"","overlay-type":"","overlay-color":"","overlay-opacity":"","overlay-gradient":""}},"ast-content-background-meta":{"desktop":{"background-color":"var(--ast-global-color-5)","background-image":"","background-repeat":"repeat","background-position":"center center","background-size":"auto","background-attachment":"scroll","background-type":"","background-media":"","overlay-type":"","overlay-color":"","overlay-opacity":"","overlay-gradient":""},"tablet":{"background-color":"var(--ast-global-color-5)","background-image":"","background-repeat":"repeat","background-position":"center center","background-size":"auto","background-attachment":"scroll","background-type":"","background-media":"","overlay-type":"","overlay-color":"","overlay-opacity":"","overlay-gradient":""},"mobile":{"background-color":"var(--ast-global-color-5)","background-image":"","background-repeat":"repeat","background-position":"center center","background-size":"auto","background-attachment":"scroll","background-type":"","background-media":"","overlay-type":"","overlay-color":"","overlay-opacity":"","overlay-gradient":""}}},"product_brand":[],"product_cat":[132],"product_tag":[],"class_list":{"0":"post-9977","1":"product","2":"type-product","3":"status-publish","4":"has-post-thumbnail","6":"product_cat-separator-equipment","7":"desktop-align-left","8":"tablet-align-left","9":"mobile-align-left","11":"first","12":"instock","13":"shipping-taxable","14":"purchasable","15":"product-type-simple"},"yoast_head":"<!-- This site is optimized with the Yoast SEO Premium plugin v27.5 (Yoast SEO v27.6) - https:\/\/yoast.com\/product\/yoast-seo-premium-wordpress\/ -->\n<title>Drum Screen | RDF Machine | Industrial Waste Recycling<\/title>\n<meta name=\"description\" content=\"The drum screen is a screening device used to separate materials by size. Widely used in RDF lines, , it helps separate oversized and undersized waste.\" \/>\n<meta name=\"robots\" content=\"index, follow, max-snippet:-1, max-image-preview:large, max-video-preview:-1\" \/>\n<link rel=\"canonical\" href=\"https:\/\/www.fanterecycling.com\/de\/produkt\/trommelsieb\/\" \/>\n<meta property=\"og:locale\" content=\"de_DE\" \/>\n<meta property=\"og:type\" content=\"article\" \/>\n<meta property=\"og:title\" content=\"Drum Screen\" \/>\n<meta property=\"og:description\" content=\"The drum screen is a screening device used to separate materials by size. Widely used in RDF lines, , it helps separate oversized and undersized waste.\" \/>\n<meta property=\"og:url\" content=\"https:\/\/www.fanterecycling.com\/de\/produkt\/trommelsieb\/\" \/>\n<meta property=\"og:site_name\" content=\"Waste Recycling Equipment | Industrial Shredders &amp; Waste Recycling Solutions\" \/>\n<meta property=\"article:publisher\" content=\"https:\/\/www.facebook.com\/fanterecyclingmachinery\/\" \/>\n<meta property=\"article:modified_time\" content=\"2026-04-08T07:21:35+00:00\" \/>\n<meta property=\"og:image\" content=\"https:\/\/www.fanterecycling.com\/wp-content\/uploads\/2024\/12\/Drum-Screen.jpg\" \/>\n\t<meta property=\"og:image:width\" content=\"1080\" \/>\n\t<meta property=\"og:image:height\" content=\"1080\" \/>\n\t<meta property=\"og:image:type\" content=\"image\/jpeg\" \/>\n<meta name=\"twitter:card\" content=\"summary_large_image\" \/>\n<meta name=\"twitter:label1\" content=\"Gesch\u00e4tzte Lesezeit\" \/>\n\t<meta name=\"twitter:data1\" content=\"2\u00a0Minuten\" \/>\n<script type=\"application\/ld+json\" class=\"yoast-schema-graph\">{\"@context\":\"https:\\\/\\\/schema.org\",\"@graph\":[{\"@type\":\"WebPage\",\"@id\":\"https:\\\/\\\/www.fanterecycling.com\\\/product\\\/drum-screen\\\/\",\"url\":\"https:\\\/\\\/www.fanterecycling.com\\\/product\\\/drum-screen\\\/\",\"name\":\"Drum Screen | RDF Machine | Industrial Waste Recycling\",\"isPartOf\":{\"@id\":\"https:\\\/\\\/www.fanterecycling.com\\\/#website\"},\"primaryImageOfPage\":{\"@id\":\"https:\\\/\\\/www.fanterecycling.com\\\/product\\\/drum-screen\\\/#primaryimage\"},\"image\":{\"@id\":\"https:\\\/\\\/www.fanterecycling.com\\\/product\\\/drum-screen\\\/#primaryimage\"},\"thumbnailUrl\":\"https:\\\/\\\/www.fanterecycling.com\\\/wp-content\\\/uploads\\\/2024\\\/12\\\/Drum-Screen.jpg\",\"datePublished\":\"2024-12-13T05:24:24+00:00\",\"dateModified\":\"2026-04-08T07:21:35+00:00\",\"description\":\"The drum screen is a screening device used to separate materials by size. Widely used in RDF lines, , it helps separate oversized and undersized waste.\",\"breadcrumb\":{\"@id\":\"https:\\\/\\\/www.fanterecycling.com\\\/product\\\/drum-screen\\\/#breadcrumb\"},\"inLanguage\":\"de\",\"potentialAction\":[{\"@type\":\"ReadAction\",\"target\":[\"https:\\\/\\\/www.fanterecycling.com\\\/product\\\/drum-screen\\\/\"]}]},{\"@type\":\"ImageObject\",\"inLanguage\":\"de\",\"@id\":\"https:\\\/\\\/www.fanterecycling.com\\\/product\\\/drum-screen\\\/#primaryimage\",\"url\":\"https:\\\/\\\/www.fanterecycling.com\\\/wp-content\\\/uploads\\\/2024\\\/12\\\/Drum-Screen.jpg\",\"contentUrl\":\"https:\\\/\\\/www.fanterecycling.com\\\/wp-content\\\/uploads\\\/2024\\\/12\\\/Drum-Screen.jpg\",\"width\":1080,\"height\":1080,\"caption\":\"The drum screen is a screening device used to separate materials by size.\"},{\"@type\":\"BreadcrumbList\",\"@id\":\"https:\\\/\\\/www.fanterecycling.com\\\/product\\\/drum-screen\\\/#breadcrumb\",\"itemListElement\":[{\"@type\":\"ListItem\",\"position\":1,\"name\":\"Home\",\"item\":\"https:\\\/\\\/www.fanterecycling.com\\\/\"},{\"@type\":\"ListItem\",\"position\":2,\"name\":\"Products\",\"item\":\"https:\\\/\\\/www.fanterecycling.com\\\/shop\\\/\"},{\"@type\":\"ListItem\",\"position\":3,\"name\":\"Separator Equipment\",\"item\":\"https:\\\/\\\/www.fanterecycling.com\\\/product-category\\\/separator-equipment\\\/\"},{\"@type\":\"ListItem\",\"position\":4,\"name\":\"Drum Screen\"}]},{\"@type\":\"WebSite\",\"@id\":\"https:\\\/\\\/www.fanterecycling.com\\\/#website\",\"url\":\"https:\\\/\\\/www.fanterecycling.com\\\/\",\"name\":\"Tire Shredder and Metal Shredder Manufacturer from China - Fante\",\"description\":\"Advanced Recycling Machines for Tires, Metals, E-Waste, and Cables\",\"publisher\":{\"@id\":\"https:\\\/\\\/www.fanterecycling.com\\\/#organization\"},\"alternateName\":\"Shredder Manufacturer\",\"potentialAction\":[{\"@type\":\"SearchAction\",\"target\":{\"@type\":\"EntryPoint\",\"urlTemplate\":\"https:\\\/\\\/www.fanterecycling.com\\\/?s={search_term_string}\"},\"query-input\":{\"@type\":\"PropertyValueSpecification\",\"valueRequired\":true,\"valueName\":\"search_term_string\"}}],\"inLanguage\":\"de\"},{\"@type\":\"Organization\",\"@id\":\"https:\\\/\\\/www.fanterecycling.com\\\/#organization\",\"name\":\"Tire Shredder and Metal Shredder Manufacturer from China - Fante\",\"alternateName\":\"Fante Machinery\",\"url\":\"https:\\\/\\\/www.fanterecycling.com\\\/\",\"logo\":{\"@type\":\"ImageObject\",\"inLanguage\":\"de\",\"@id\":\"https:\\\/\\\/www.fanterecycling.com\\\/#\\\/schema\\\/logo\\\/image\\\/\",\"url\":\"https:\\\/\\\/www.fanterecycling.com\\\/wp-content\\\/uploads\\\/2023\\\/12\\\/logo3.png\",\"contentUrl\":\"https:\\\/\\\/www.fanterecycling.com\\\/wp-content\\\/uploads\\\/2023\\\/12\\\/logo3.png\",\"width\":150,\"height\":59,\"caption\":\"Tire Shredder and Metal Shredder Manufacturer from China - Fante\"},\"image\":{\"@id\":\"https:\\\/\\\/www.fanterecycling.com\\\/#\\\/schema\\\/logo\\\/image\\\/\"},\"sameAs\":[\"https:\\\/\\\/www.facebook.com\\\/fanterecyclingmachinery\\\/\",\"https:\\\/\\\/www.youtube.com\\\/@fanterecyclingmachinery\",\"https:\\\/\\\/api.whatsapp.com\\\/send?phone=8613770963575\"]}]}<\/script>\n<!-- \/ Yoast SEO Premium plugin. -->","yoast_head_json":{"title":"Trommelsieb | RDF-Maschine | Industrieabfall-Recycling","description":"Das Trommelsieb ist ein Siebger\u00e4t, das zur Trennung von Materialien nach Gr\u00f6\u00dfe verwendet wird. Das Trommelsieb wird h\u00e4ufig in Ersatzbrennstoffanlagen eingesetzt und hilft bei der Trennung von \u00fcbergro\u00dfen und untergro\u00dfen Abf\u00e4llen.","robots":{"index":"index","follow":"follow","max-snippet":"max-snippet:-1","max-image-preview":"max-image-preview:large","max-video-preview":"max-video-preview:-1"},"canonical":"https:\/\/www.fanterecycling.com\/de\/produkt\/trommelsieb\/","og_locale":"de_DE","og_type":"article","og_title":"Drum Screen","og_description":"The drum screen is a screening device used to separate materials by size. Widely used in RDF lines, , it helps separate oversized and undersized waste.","og_url":"https:\/\/www.fanterecycling.com\/de\/produkt\/trommelsieb\/","og_site_name":"Waste Recycling Equipment | Industrial Shredders &amp; Waste Recycling Solutions","article_publisher":"https:\/\/www.facebook.com\/fanterecyclingmachinery\/","article_modified_time":"2026-04-08T07:21:35+00:00","og_image":[{"width":1080,"height":1080,"url":"https:\/\/www.fanterecycling.com\/wp-content\/uploads\/2024\/12\/Drum-Screen.jpg","type":"image\/jpeg"}],"twitter_card":"summary_large_image","twitter_misc":{"Gesch\u00e4tzte Lesezeit":"2\u00a0Minuten"},"schema":{"@context":"https:\/\/schema.org","@graph":[{"@type":"WebPage","@id":"https:\/\/www.fanterecycling.com\/product\/drum-screen\/","url":"https:\/\/www.fanterecycling.com\/product\/drum-screen\/","name":"Trommelsieb | RDF-Maschine | Industrieabfall-Recycling","isPartOf":{"@id":"https:\/\/www.fanterecycling.com\/#website"},"primaryImageOfPage":{"@id":"https:\/\/www.fanterecycling.com\/product\/drum-screen\/#primaryimage"},"image":{"@id":"https:\/\/www.fanterecycling.com\/product\/drum-screen\/#primaryimage"},"thumbnailUrl":"https:\/\/www.fanterecycling.com\/wp-content\/uploads\/2024\/12\/Drum-Screen.jpg","datePublished":"2024-12-13T05:24:24+00:00","dateModified":"2026-04-08T07:21:35+00:00","description":"Das Trommelsieb ist ein Siebger\u00e4t, das zur Trennung von Materialien nach Gr\u00f6\u00dfe verwendet wird. Das Trommelsieb wird h\u00e4ufig in Ersatzbrennstoffanlagen eingesetzt und hilft bei der Trennung von \u00fcbergro\u00dfen und untergro\u00dfen Abf\u00e4llen.","breadcrumb":{"@id":"https:\/\/www.fanterecycling.com\/product\/drum-screen\/#breadcrumb"},"inLanguage":"de","potentialAction":[{"@type":"ReadAction","target":["https:\/\/www.fanterecycling.com\/product\/drum-screen\/"]}]},{"@type":"ImageObject","inLanguage":"de","@id":"https:\/\/www.fanterecycling.com\/product\/drum-screen\/#primaryimage","url":"https:\/\/www.fanterecycling.com\/wp-content\/uploads\/2024\/12\/Drum-Screen.jpg","contentUrl":"https:\/\/www.fanterecycling.com\/wp-content\/uploads\/2024\/12\/Drum-Screen.jpg","width":1080,"height":1080,"caption":"The drum screen is a screening device used to separate materials by size."},{"@type":"BreadcrumbList","@id":"https:\/\/www.fanterecycling.com\/product\/drum-screen\/#breadcrumb","itemListElement":[{"@type":"ListItem","position":1,"name":"Home","item":"https:\/\/www.fanterecycling.com\/"},{"@type":"ListItem","position":2,"name":"Products","item":"https:\/\/www.fanterecycling.com\/shop\/"},{"@type":"ListItem","position":3,"name":"Separator Equipment","item":"https:\/\/www.fanterecycling.com\/product-category\/separator-equipment\/"},{"@type":"ListItem","position":4,"name":"Drum Screen"}]},{"@type":"WebSite","@id":"https:\/\/www.fanterecycling.com\/#website","url":"https:\/\/www.fanterecycling.com\/","name":"Reifenzerkleinerer und Metallzerkleinerer Hersteller aus China - Fante","description":"Advanced Recycling Machines for Tires, Metals, E-Waste, and Cables","publisher":{"@id":"https:\/\/www.fanterecycling.com\/#organization"},"alternateName":"Shredder Manufacturer","potentialAction":[{"@type":"SearchAction","target":{"@type":"EntryPoint","urlTemplate":"https:\/\/www.fanterecycling.com\/?s={search_term_string}"},"query-input":{"@type":"PropertyValueSpecification","valueRequired":true,"valueName":"search_term_string"}}],"inLanguage":"de"},{"@type":"Organization","@id":"https:\/\/www.fanterecycling.com\/#organization","name":"Reifenzerkleinerer und Metallzerkleinerer Hersteller aus China - Fante","alternateName":"Fante Machinery","url":"https:\/\/www.fanterecycling.com\/","logo":{"@type":"ImageObject","inLanguage":"de","@id":"https:\/\/www.fanterecycling.com\/#\/schema\/logo\/image\/","url":"https:\/\/www.fanterecycling.com\/wp-content\/uploads\/2023\/12\/logo3.png","contentUrl":"https:\/\/www.fanterecycling.com\/wp-content\/uploads\/2023\/12\/logo3.png","width":150,"height":59,"caption":"Tire Shredder and Metal Shredder Manufacturer from China - Fante"},"image":{"@id":"https:\/\/www.fanterecycling.com\/#\/schema\/logo\/image\/"},"sameAs":["https:\/\/www.facebook.com\/fanterecyclingmachinery\/","https:\/\/www.youtube.com\/@fanterecyclingmachinery","https:\/\/api.whatsapp.com\/send?phone=8613770963575"]}]}},"_links":{"self":[{"href":"https:\/\/www.fanterecycling.com\/de\/wp-json\/wp\/v2\/product\/9977","targetHints":{"allow":["GET"]}}],"collection":[{"href":"https:\/\/www.fanterecycling.com\/de\/wp-json\/wp\/v2\/product"}],"about":[{"href":"https:\/\/www.fanterecycling.com\/de\/wp-json\/wp\/v2\/types\/product"}],"replies":[{"embeddable":true,"href":"https:\/\/www.fanterecycling.com\/de\/wp-json\/wp\/v2\/comments?post=9977"}],"wp:featuredmedia":[{"embeddable":true,"href":"https:\/\/www.fanterecycling.com\/de\/wp-json\/wp\/v2\/media\/11459"}],"wp:attachment":[{"href":"https:\/\/www.fanterecycling.com\/de\/wp-json\/wp\/v2\/media?parent=9977"}],"wp:term":[{"taxonomy":"product_brand","embeddable":true,"href":"https:\/\/www.fanterecycling.com\/de\/wp-json\/wp\/v2\/product_brand?post=9977"},{"taxonomy":"product_cat","embeddable":true,"href":"https:\/\/www.fanterecycling.com\/de\/wp-json\/wp\/v2\/product_cat?post=9977"},{"taxonomy":"product_tag","embeddable":true,"href":"https:\/\/www.fanterecycling.com\/de\/wp-json\/wp\/v2\/product_tag?post=9977"}],"curies":[{"name":"wp","href":"https:\/\/api.w.org\/{rel}","templated":true}]}}